{"id":20137,"date":"2025-06-13T09:24:41","date_gmt":"2025-06-13T07:24:41","guid":{"rendered":"https:\/\/icebergng.udg.edu\/?page_id=20137"},"modified":"2025-06-13T10:32:09","modified_gmt":"2025-06-13T08:32:09","slug":"memoria-dactivitats-2013-2014","status":"publish","type":"page","link":"https:\/\/iceberg.udg.edu\/?page_id=20137","title":{"rendered":"Mem\u00f2ria d&#8217;activitats 2013-2014"},"content":{"rendered":"\n<h2 class=\"wp-block-heading\">1.- Doc\u00e8ncia universit\u00e0ria<\/h2>\n\n\n\n<ul class=\"wp-block-list\">\n<li>1.1.-&nbsp;<a rel=\"noreferrer noopener\" href=\"https:\/\/iceberg.udg.edu\/wp-content\/uploads\/2025\/05\/mem2013-2014enquesta_necessitats.pdf\" target=\"_blank\"><em>Resultats de l&#8217;Enquesta per a la detecci\u00f3 de necessitats formatives del PDI<\/em><\/a><\/li>\n\n\n\n<li>1.2.-&nbsp;<em>Activitats de formaci\u00f3 i actualitzaci\u00f3 sobre doc\u00e8ncia universit\u00e0ria i innovaci\u00f3 classificades per modalitat:<\/em>\n<ul class=\"wp-block-list\">\n<li>1.2.1.-&nbsp;<a rel=\"noreferrer noopener\" href=\"https:\/\/iceberg.udg.edu\/wp-content\/uploads\/2025\/05\/mem2013-2014cursos.pdf\" target=\"_blank\">Cursos<\/a><\/li>\n\n\n\n<li>1.2.2.-&nbsp;<a rel=\"noreferrer noopener\" href=\"https:\/\/iceberg.udg.edu\/wp-content\/uploads\/2025\/05\/mem2013-2014cursos_en_collaboracio.pdf\" target=\"_blank\">Cursos en col\u00b7laboraci\u00f3<\/a><\/li>\n\n\n\n<li>1.2.3.-&nbsp;<a rel=\"noreferrer noopener\" href=\"https:\/\/iceberg.udg.edu\/wp-content\/uploads\/2025\/05\/mem2013-2014especialitzacio.pdf\" target=\"_blank\">Postgrau i Cursos d&#8217;Especialitzaci\u00f3<\/a><\/li>\n\n\n\n<li>1.2.4.-&nbsp;<a rel=\"noreferrer noopener\" href=\"https:\/\/iceberg.udg.edu\/wp-content\/uploads\/2025\/05\/mem2013-2014jornades.pdf\" target=\"_blank\">Jornades<\/a>\n<ul class=\"wp-block-list\">\n<li>1.2.4.1.-<a rel=\"noreferrer noopener\" href=\"https:\/\/iceberg.udg.edu\/wp-content\/uploads\/2025\/05\/mem2013-2014JBP.pdf\" target=\"_blank\">4es Jornades de Bones Pr\u00e0ctiques<\/a><\/li>\n\n\n\n<li>1.2.4.2.-<a rel=\"noreferrer noopener\" href=\"https:\/\/iceberg.udg.edu\/wp-content\/uploads\/2025\/05\/mem2013-2014memoria_jpie.pdf\" target=\"_blank\">Jornada sobre Pr\u00e0ctiques a Institucions i Empreses<\/a><\/li>\n<\/ul>\n<\/li>\n\n\n\n<li>1.2.5.-&nbsp;<a rel=\"noreferrer noopener\" href=\"https:\/\/iceberg.udg.edu\/wp-content\/uploads\/2025\/05\/mem2013-2014jornades_collaboracio.pdf\" target=\"_blank\">Jornades en col\u00b7laboraci\u00f3<\/a><\/li>\n\n\n\n<li>1.2.6.-&nbsp;<a rel=\"noreferrer noopener\" href=\"https:\/\/iceberg.udg.edu\/wp-content\/uploads\/2025\/05\/mem2013-2014seminaris.pdf\" target=\"_blank\">Semiraris<\/a><\/li>\n\n\n\n<li>1.2.7.-&nbsp;<a rel=\"noreferrer noopener\" href=\"https:\/\/iceberg.udg.edu\/wp-content\/uploads\/2025\/05\/mem2013-2014sessions.pdf\" target=\"_blank\">Sessions de Formaci\u00f3<\/a><\/li>\n\n\n\n<li>1.2.8.-&nbsp;<a rel=\"noreferrer noopener\" href=\"https:\/\/iceberg.udg.edu\/wp-content\/uploads\/2025\/05\/mem2013-2014tallers.pdf\" target=\"_blank\">Tallers<\/a><\/li>\n\n\n\n<li>1.2.9.-&nbsp;<a rel=\"noreferrer noopener\" href=\"https:\/\/iceberg.udg.edu\/wp-content\/uploads\/2025\/05\/mem2013-2014XID.pdf\" target=\"_blank\">Xarxes d&#8217;innovaci\u00f3 docent<\/a><\/li>\n\n\n\n<li>1.2.10.- Congressos i simposis\n<ul class=\"wp-block-list\">\n<li>1.2.10.1.-<a rel=\"noreferrer noopener\" href=\"http:\/\/www.cidui.org\/\" target=\"_blank\">VIII CIDUI<\/a><\/li>\n<\/ul>\n<\/li>\n<\/ul>\n<\/li>\n\n\n\n<li>1.3.-&nbsp;<a rel=\"noreferrer noopener\" href=\"https:\/\/iceberg.udg.edu\/wp-content\/uploads\/2025\/05\/mem2013-2014generals.pdf\" target=\"_blank\"><em>Dades generals<\/em><\/a>. Comparativa del nombre d&#8217;activitats i participaci\u00f3.\n<ul class=\"wp-block-list\">\n<li>1.3.1.-&nbsp;<a rel=\"noreferrer noopener\" href=\"https:\/\/iceberg.udg.edu\/wp-content\/uploads\/2025\/05\/mem2013-2014centres.pdf\" target=\"_blank\">Dades per Centres<\/a><\/li>\n\n\n\n<li>1.3.2.-&nbsp;<a rel=\"noreferrer noopener\" href=\"https:\/\/iceberg.udg.edu\/wp-content\/uploads\/2025\/05\/mem2013-2014departaments.pdf\" target=\"_blank\">Dades per Departaments<\/a><\/li>\n\n\n\n<li>1.3.3.-&nbsp;<a rel=\"noreferrer noopener\" href=\"https:\/\/iceberg.udg.edu\/wp-content\/uploads\/2025\/05\/mem2013-2014categories.pdf\" target=\"_blank\">Dades per Categoria del professorat<\/a><\/li>\n<\/ul>\n<\/li>\n\n\n\n<li>1.4.-&nbsp;<a rel=\"noreferrer noopener\" href=\"https:\/\/iceberg.udg.edu\/wp-content\/uploads\/2025\/05\/mem2013-2014pmmd.pdf\" target=\"_blank\"><em>Programa Producci\u00f3 de Materials Multim\u00e8dia per a la Doc\u00e8ncia (PMMD)<\/em><\/a><\/li>\n\n\n\n<li>1.5.-&nbsp;<a rel=\"noreferrer noopener\" href=\"https:\/\/iceberg.udg.edu\/wp-content\/uploads\/2025\/05\/mem2013-2014avaluacio_activitats.pdf\" target=\"_blank\"><em>Resultats de l&#8217;Enquesta d&#8217;Avaluaci\u00f3 de les Activitats realitzades<\/em><\/a><\/li>\n\n\n\n<li>1.6.-&nbsp;<a rel=\"noreferrer noopener\" href=\"https:\/\/iceberg.udg.edu\/wp-content\/uploads\/2025\/05\/mem2013-2014evolucio_activitats_inscripcions.pdf\" target=\"_blank\"><em>Evoluci\u00f3 de les activitats i de les inscripcions en els darrers cursos<\/em><\/a><\/li>\n<\/ul>\n\n\n\n<h2 class=\"wp-block-heading\">2.- Formaci\u00f3 no universit\u00e0ria<\/h2>\n\n\n\n<ul class=\"wp-block-list\">\n<li>2.1.-&nbsp;<a href=\"https:\/\/iceberg.udg.edu\/wp-content\/uploads\/2025\/05\/mem2013-20142.1_activitats_formacio_ICE.pdf\" target=\"_blank\" rel=\"noreferrer noopener\"><em>Activitats de formaci\u00f3 adre\u00e7ades al professorat d&#8217;infantil, prim\u00e0ria, secund\u00e0ria, batxillerat i formaci\u00f3 professional<\/em><\/a><\/li>\n\n\n\n<li>2.2.-&nbsp;<a href=\"https:\/\/iceberg.udg.edu\/wp-content\/uploads\/2025\/05\/mem2013-20142.2_equips_ICE_formadors.pdf\" target=\"_blank\" rel=\"noreferrer noopener\"><em>Equips ICE de formaci\u00f3 de formadors\/es<\/em><\/a><\/li>\n\n\n\n<li>2.3.-&nbsp;<a href=\"https:\/\/iceberg.udg.edu\/wp-content\/uploads\/2025\/05\/mem2013-20142.3_beca_pallach.pdf\" target=\"_blank\" rel=\"noreferrer noopener\"><em>Beca Josep Pallach<\/em><\/a><\/li>\n\n\n\n<li>2.4.-&nbsp;<a href=\"https:\/\/iceberg.udg.edu\/wp-content\/uploads\/2025\/05\/mem2013-20142.4_projecte_itinera.pdf\" target=\"_blank\" rel=\"noreferrer noopener\"><em>Projecte Itinera<\/em><\/a><\/li>\n\n\n\n<li>2.5.-&nbsp;<a href=\"https:\/\/iceberg.udg.edu\/wp-content\/uploads\/2025\/05\/mem2013-20142.5_girobotica.pdf\" target=\"_blank\" rel=\"noreferrer noopener\"><em>Girob\u00f2tica<\/em><\/a><\/li>\n\n\n\n<li>2.6.-&nbsp;<a href=\"https:\/\/iceberg.udg.edu\/wp-content\/uploads\/2025\/05\/mem2013-20142.6_codeclub.pdf\" target=\"_blank\" rel=\"noreferrer noopener\"><em>Projecte Code Club<\/em><\/a><\/li>\n\n\n\n<li>2.7.-&nbsp;<a href=\"https:\/\/iceberg.udg.edu\/wp-content\/uploads\/2025\/05\/mem2013-20142.7_collaboracions.pdf\" target=\"_blank\" rel=\"noreferrer noopener\"><em>Col\u00b7laboracions<\/em><\/a><\/li>\n\n\n\n<li><a href=\"https:\/\/iceberg.udg.edu\/wp-content\/uploads\/2025\/05\/mem2013-2014annex.pdf\" target=\"_blank\" rel=\"noreferrer noopener\"><em>Annex (Jornades i relaci\u00f3 d&#8217;Equips ICE i activitats formatives)<\/em><\/a><\/li>\n<\/ul>\n\n\n\n<h2 class=\"wp-block-heading\">3.-\u00a0<a href=\"https:\/\/iceberg.udg.edu\/wp-content\/uploads\/2025\/05\/mem2013-2014publicacions.pdf\" target=\"_blank\" rel=\"noreferrer noopener\">Publicacions<\/a><\/h2>\n","protected":false},"excerpt":{"rendered":"<p>1.- Doc\u00e8ncia universit\u00e0ria 2.- Formaci\u00f3 no universit\u00e0ria 3.-\u00a0Publicacions<\/p>\n","protected":false},"author":1,"featured_media":0,"parent":12856,"menu_order":0,"comment_status":"closed","ping_status":"closed","template":"","meta":{"footnotes":""},"class_list":["post-20137","page","type-page","status-publish","hentry"],"_links":{"self":[{"href":"https:\/\/iceberg.udg.edu\/index.php?rest_route=\/wp\/v2\/pages\/20137","targetHints":{"allow":["GET"]}}],"collection":[{"href":"https:\/\/iceberg.udg.edu\/index.php?rest_route=\/wp\/v2\/pages"}],"about":[{"href":"https:\/\/iceberg.udg.edu\/index.php?rest_route=\/wp\/v2\/types\/page"}],"author":[{"embeddable":true,"href":"https:\/\/iceberg.udg.edu\/index.php?rest_route=\/wp\/v2\/users\/1"}],"replies":[{"embeddable":true,"href":"https:\/\/iceberg.udg.edu\/index.php?rest_route=%2Fwp%2Fv2%2Fcomments&post=20137"}],"version-history":[{"count":8,"href":"https:\/\/iceberg.udg.edu\/index.php?rest_route=\/wp\/v2\/pages\/20137\/revisions"}],"predecessor-version":[{"id":20146,"href":"https:\/\/iceberg.udg.edu\/index.php?rest_route=\/wp\/v2\/pages\/20137\/revisions\/20146"}],"up":[{"embeddable":true,"href":"https:\/\/iceberg.udg.edu\/index.php?rest_route=\/wp\/v2\/pages\/12856"}],"wp:attachment":[{"href":"https:\/\/iceberg.udg.edu\/index.php?rest_route=%2Fwp%2Fv2%2Fmedia&parent=20137"}],"curies":[{"name":"wp","href":"https:\/\/api.w.org\/{rel}","templated":true}]}}