{"id":20191,"date":"2025-06-13T11:50:10","date_gmt":"2025-06-13T09:50:10","guid":{"rendered":"https:\/\/icebergng.udg.edu\/?page_id=20191"},"modified":"2025-06-13T11:59:02","modified_gmt":"2025-06-13T09:59:02","slug":"memoria-2015-2016","status":"publish","type":"page","link":"https:\/\/iceberg.udg.edu\/?page_id=20191","title":{"rendered":"Mem\u00f2ria 2015-2016"},"content":{"rendered":"\n<h2 class=\"wp-block-heading\">Activitats d&#8217;innovaci\u00f3 i formaci\u00f3 adre\u00e7ades al PDI<\/h2>\n\n\n\n<p><\/p>\n\n\n\n<h3 class=\"wp-block-heading\">1.-&nbsp;<a target=\"_blank\" href=\"https:\/\/iceberg.udg.edu\/wp-content\/uploads\/2025\/06\/mem2015-2016enquesta_necessitats.pdf\" rel=\"noreferrer noopener\"><em>Resultats de l&#8217;Enquesta per a la detecci\u00f3 de necessitats formatives del PDI<\/em><\/a><\/h3>\n\n\n\n<h3 class=\"wp-block-heading\">2.-&nbsp;<em>Activitats de formaci\u00f3 i actualitzaci\u00f3 sobre doc\u00e8ncia universit\u00e0ria i innovaci\u00f3 classificades per modalitat:<\/em><\/h3>\n\n\n\n<ul class=\"wp-block-list\">\n<li>2.1.-&nbsp;<a rel=\"noreferrer noopener\" href=\"https:\/\/iceberg.udg.edu\/wp-content\/uploads\/2025\/06\/mem2015-2016cursos.pdf\" target=\"_blank\">Cursos<\/a><\/li>\n\n\n\n<li>2.2.-&nbsp;<a rel=\"noreferrer noopener\" href=\"https:\/\/iceberg.udg.edu\/wp-content\/uploads\/2025\/06\/mem2015-2016cursos_en_collaboracio.pdf\" target=\"_blank\">Cursos en col\u00b7laboraci\u00f3<\/a><\/li>\n\n\n\n<li>2.3.-&nbsp;<a rel=\"noreferrer noopener\" href=\"https:\/\/iceberg.udg.edu\/wp-content\/uploads\/2025\/06\/mem2015-2016jornades.pdf\" target=\"_blank\">Jornades<\/a><\/li>\n\n\n\n<li>2.4.-&nbsp;<a rel=\"noreferrer noopener\" href=\"https:\/\/iceberg.udg.edu\/wp-content\/uploads\/2025\/06\/mem2015-2016seminaris.pdf\" target=\"_blank\">Semiraris<\/a><\/li>\n\n\n\n<li>2.5.-&nbsp;<a rel=\"noreferrer noopener\" href=\"https:\/\/iceberg.udg.edu\/wp-content\/uploads\/2025\/06\/mem2015-2016sessions.pdf\" target=\"_blank\">Sessions de Formaci\u00f3<\/a><\/li>\n\n\n\n<li>2.6.-&nbsp;<a rel=\"noreferrer noopener\" href=\"https:\/\/iceberg.udg.edu\/wp-content\/uploads\/2025\/06\/mem2015-2016tallers.pdf\" target=\"_blank\">Tallers<\/a><\/li>\n\n\n\n<li>2.7.-&nbsp;<a rel=\"noreferrer noopener\" href=\"https:\/\/iceberg.udg.edu\/wp-content\/uploads\/2025\/06\/mem2015-2016XID.pdf\" target=\"_blank\">Xarxes d&#8217;innovaci\u00f3 docent<\/a><\/li>\n\n\n\n<li>2.8.- Congressos i simposis\n<ul class=\"wp-block-list\">\n<li>2.8.1.-<a rel=\"noreferrer noopener\" href=\"https:\/\/iceberg.udg.edu\/wp-content\/uploads\/2025\/06\/mem2015-2016IXCIDUI.pdf\" target=\"_blank\">IX CIDUI<\/a><\/li>\n<\/ul>\n<\/li>\n<\/ul>\n\n\n\n<h3 class=\"wp-block-heading\">3.-&nbsp;<a target=\"_blank\" href=\"https:\/\/iceberg.udg.edu\/wp-content\/uploads\/2025\/06\/mem2015-2016generals.pdf\" rel=\"noreferrer noopener\"><em>Dades generals<\/em><\/a>. Comparativa del nombre d&#8217;activitats i participaci\u00f3.<\/h3>\n\n\n\n<ul class=\"wp-block-list\">\n<li>3.1.-&nbsp;<a rel=\"noreferrer noopener\" href=\"https:\/\/iceberg.udg.edu\/wp-content\/uploads\/2025\/06\/mem2015-2016centres.pdf\" target=\"_blank\">Dades per Centres<\/a><\/li>\n\n\n\n<li>3.2.-&nbsp;<a rel=\"noreferrer noopener\" href=\"https:\/\/iceberg.udg.edu\/wp-content\/uploads\/2025\/06\/mem2015-2016departaments.pdf\" target=\"_blank\">Dades per Departaments<\/a><\/li>\n\n\n\n<li>3.3.-&nbsp;<a rel=\"noreferrer noopener\" href=\"https:\/\/iceberg.udg.edu\/wp-content\/uploads\/2025\/06\/mem2015-2016categories.pdf\" target=\"_blank\">Dades per Categoria del professorat<\/a><\/li>\n<\/ul>\n\n\n\n<h3 class=\"wp-block-heading\">4.-&nbsp;<a target=\"_blank\" href=\"https:\/\/iceberg.udg.edu\/wp-content\/uploads\/2025\/06\/mem2015-2016pmmd.pdf\" rel=\"noreferrer noopener\"><em>Programa Producci\u00f3 de Materials Multim\u00e8dia per a la Doc\u00e8ncia (PMMD)<\/em><\/a><\/h3>\n\n\n\n<h3 class=\"wp-block-heading\">5.-&nbsp;<a target=\"_blank\" href=\"https:\/\/iceberg.udg.edu\/wp-content\/uploads\/2025\/06\/mem2015-2016avaluacio_activitats.pdf\" rel=\"noreferrer noopener\"><em>Resultats de l&#8217;Enquesta d&#8217;Avaluaci\u00f3 de les Activitats realitzades<\/em><\/a><\/h3>\n\n\n\n<h3 class=\"wp-block-heading\">6.-&nbsp;<a target=\"_blank\" href=\"https:\/\/iceberg.udg.edu\/wp-content\/uploads\/2025\/06\/mem2015-2016evolucio_activitats_inscripcions.pdf\" rel=\"noreferrer noopener\"><em>Evoluci\u00f3 de les activitats i de les inscripcions en els darrers cursos<\/em><\/a><\/h3>\n","protected":false},"excerpt":{"rendered":"<p>Activitats d&#8217;innovaci\u00f3 i formaci\u00f3 adre\u00e7ades al PDI 1.-&nbsp;Resultats de l&#8217;Enquesta per a la detecci\u00f3 de necessitats formatives del PDI 2.-&nbsp;Activitats de formaci\u00f3 i actualitzaci\u00f3 sobre doc\u00e8ncia universit\u00e0ria i innovaci\u00f3 classificades per modalitat: 3.-&nbsp;Dades generals. Comparativa del nombre d&#8217;activitats i participaci\u00f3. 4.-&nbsp;Programa Producci\u00f3 de Materials Multim\u00e8dia per a la Doc\u00e8ncia (PMMD) 5.-&nbsp;Resultats de l&#8217;Enquesta d&#8217;Avaluaci\u00f3 de [&hellip;]<\/p>\n","protected":false},"author":1,"featured_media":0,"parent":12856,"menu_order":0,"comment_status":"closed","ping_status":"closed","template":"","meta":{"footnotes":""},"class_list":["post-20191","page","type-page","status-publish","hentry"],"_links":{"self":[{"href":"https:\/\/iceberg.udg.edu\/index.php?rest_route=\/wp\/v2\/pages\/20191","targetHints":{"allow":["GET"]}}],"collection":[{"href":"https:\/\/iceberg.udg.edu\/index.php?rest_route=\/wp\/v2\/pages"}],"about":[{"href":"https:\/\/iceberg.udg.edu\/index.php?rest_route=\/wp\/v2\/types\/page"}],"author":[{"embeddable":true,"href":"https:\/\/iceberg.udg.edu\/index.php?rest_route=\/wp\/v2\/users\/1"}],"replies":[{"embeddable":true,"href":"https:\/\/iceberg.udg.edu\/index.php?rest_route=%2Fwp%2Fv2%2Fcomments&post=20191"}],"version-history":[{"count":5,"href":"https:\/\/iceberg.udg.edu\/index.php?rest_route=\/wp\/v2\/pages\/20191\/revisions"}],"predecessor-version":[{"id":20197,"href":"https:\/\/iceberg.udg.edu\/index.php?rest_route=\/wp\/v2\/pages\/20191\/revisions\/20197"}],"up":[{"embeddable":true,"href":"https:\/\/iceberg.udg.edu\/index.php?rest_route=\/wp\/v2\/pages\/12856"}],"wp:attachment":[{"href":"https:\/\/iceberg.udg.edu\/index.php?rest_route=%2Fwp%2Fv2%2Fmedia&parent=20191"}],"curies":[{"name":"wp","href":"https:\/\/api.w.org\/{rel}","templated":true}]}}