{"id":20223,"date":"2025-06-13T12:22:52","date_gmt":"2025-06-13T10:22:52","guid":{"rendered":"https:\/\/icebergng.udg.edu\/?page_id=20223"},"modified":"2025-06-13T12:29:12","modified_gmt":"2025-06-13T10:29:12","slug":"memoria-2016-2017","status":"publish","type":"page","link":"https:\/\/iceberg.udg.edu\/?page_id=20223","title":{"rendered":"Mem\u00f2ria 2016-2017"},"content":{"rendered":"\n<h2 class=\"wp-block-heading\">Activitats de\u00a0formaci\u00f3\u00a0i innovaci\u00f3 docent\u00a0adre\u00e7ades al PDI de la UdG<\/h2>\n\n\n\n<h3 class=\"wp-block-heading\">1.- &nbsp;Planificaci\u00f3 de les activitats<\/h3>\n\n\n\n<ul class=\"wp-block-list\">\n<li>1.1.-<a rel=\"noreferrer noopener\" href=\"https:\/\/iceberg.udg.edu\/wp-content\/uploads\/2025\/06\/mem2016-2017Informe.pdf\" target=\"_blank\">Enquesta per a la detecci\u00f3 de necesssitats formatives del PDI<\/a><a rel=\"noreferrer noopener\" href=\"https:\/\/iceberg.udg.edu\/wp-content\/uploads\/2025\/06\/mem2016-2017enquesta_necessitats.pdf\" target=\"_blank\"><\/a><\/li>\n<\/ul>\n\n\n\n<h3 class=\"wp-block-heading\">2.-&nbsp;&nbsp;Descripci\u00f3 de les actuacions realitzades<\/h3>\n\n\n\n<h4 class=\"wp-block-heading\">2.1.- Activitats de formaci\u00f3 classificades per \u00e0mbits tem\u00e0tics<\/h4>\n\n\n\n<ul class=\"wp-block-list\">\n<li>a.-&nbsp;<a rel=\"noreferrer noopener\" href=\"https:\/\/iceberg.udg.edu\/wp-content\/uploads\/2025\/06\/mem2016-2017docencia.pdf\" target=\"_blank\">Doc\u00e8ncia universit\u00e0ria<\/a><\/li>\n\n\n\n<li>b.-&nbsp;<a rel=\"noreferrer noopener\" href=\"https:\/\/iceberg.udg.edu\/wp-content\/uploads\/2025\/06\/mem2016-2017metodologies.pdf\" target=\"_blank\">Metodologies docents<\/a><\/li>\n\n\n\n<li>c.-&nbsp;<a rel=\"noreferrer noopener\" href=\"https:\/\/iceberg.udg.edu\/wp-content\/uploads\/2025\/06\/mem2016-2017recursos.pdf\" target=\"_blank\">Recursos docents<\/a><\/li>\n\n\n\n<li>d.-&nbsp;<a rel=\"noreferrer noopener\" href=\"https:\/\/iceberg.udg.edu\/wp-content\/uploads\/2025\/06\/mem2016-2017tic.pdf\" target=\"_blank\">Eines TIC<\/a><\/li>\n\n\n\n<li>e.-&nbsp;<a rel=\"noreferrer noopener\" href=\"https:\/\/iceberg.udg.edu\/wp-content\/uploads\/2025\/06\/mem2016-2017salut.pdf\" target=\"_blank\">Salut i seguretat laboral<\/a><\/li>\n\n\n\n<li>f.-&nbsp;<a rel=\"noreferrer noopener\" href=\"https:\/\/iceberg.udg.edu\/wp-content\/uploads\/2025\/06\/mem2016-2017calendari.pdf\" target=\"_blank\">Calendari&nbsp;de les activitats per \u00e0mbits<\/a><\/li>\n<\/ul>\n\n\n\n<h4 class=\"wp-block-heading\">2.2.-&nbsp;<a rel=\"noreferrer noopener\" href=\"https:\/\/iceberg.udg.edu\/wp-content\/uploads\/2025\/06\/mem2016-2017XID.pdf\" target=\"_blank\"><\/a>Actuacions d&#8217;innovaci\u00f3 docent<\/h4>\n\n\n\n<ul class=\"wp-block-list\">\n<li>a.- <a rel=\"noreferrer noopener\" href=\"https:\/\/iceberg.udg.edu\/wp-content\/uploads\/2025\/06\/mem2016-2017XID.pdf\" target=\"_blank\">Xarxes d&#8217;Innovaci\u00f3 Docent (GID)<\/a><\/li>\n\n\n\n<li>b.-&nbsp;<a rel=\"noreferrer noopener\" href=\"https:\/\/iceberg.udg.edu\/wp-content\/uploads\/2025\/06\/mem2016-2017GID.pdf\" target=\"_blank\">Grups d&#8217;Innovaci\u00f3 Docent (GID)<\/a><\/li>\n<\/ul>\n\n\n\n<h4 class=\"wp-block-heading\"><br>2.3.- Congressos i simposis<\/h4>\n\n\n\n<ul class=\"wp-block-list\">\n<li>a.-&nbsp;<a rel=\"noreferrer noopener\" href=\"https:\/\/iceberg.udg.edu\/wp-content\/uploads\/2025\/06\/mem2016-2017CIDUI.pdf\" target=\"_blank\">Simposi Internacional CIDUI<\/a><\/li>\n\n\n\n<li>b.-&nbsp;<a rel=\"noreferrer noopener\" href=\"https:\/\/iceberg.udg.edu\/wp-content\/uploads\/2025\/06\/mem2016-2017simposi.pdf\" target=\"_blank\">X Simposi: llengua, educaci\u00f3 i immigraci\u00f3<\/a><\/li>\n<\/ul>\n\n\n\n<h4 class=\"wp-block-heading\">2.4.-&nbsp;<a target=\"_blank\" href=\"https:\/\/iceberg.udg.edu\/wp-content\/uploads\/2025\/06\/mem2016-2017pmmd.pdf\" rel=\"noreferrer noopener\">Programa de producci\u00f3 de materials multim\u00e8dia per a la doc\u00e8ncia (PMMD)<\/a><a target=\"_blank\" href=\"https:\/\/iceberg.udg.edu\/wp-content\/uploads\/2025\/06\/mem2016-2017pmmd.pdf\" rel=\"noreferrer noopener\">&nbsp;<\/a><\/h4>\n\n\n\n<h3 class=\"wp-block-heading\">3.-&nbsp;&nbsp; Dades quantitatives &nbsp;sobre activitats i participaci\u00f3<a target=\"_blank\" href=\"https:\/\/iceberg.udg.edu\/wp-content\/uploads\/2025\/06\/mem2016-2017generals.pdf\" rel=\"noreferrer noopener\"><\/a><\/h3>\n\n\n\n<ul class=\"wp-block-list\">\n<li>3.1.-&nbsp;<a rel=\"noreferrer noopener\" href=\"https:\/\/iceberg.udg.edu\/wp-content\/uploads\/2025\/06\/mem2016-2017generals.pdf\" target=\"_blank\">Dades generals sobre activitats i participaci\u00f3<\/a><\/li>\n\n\n\n<li>3.2.-<a rel=\"noreferrer noopener\" href=\"https:\/\/iceberg.udg.edu\/wp-content\/uploads\/2025\/06\/mem2016-2017centres.pdf\" target=\"_blank\">&nbsp;<\/a><a rel=\"noreferrer noopener\" href=\"https:\/\/iceberg.udg.edu\/wp-content\/uploads\/2025\/06\/mem2016-2017centres.pdf\" target=\"_blank\">Dades de participaci\u00f3 per centres<\/a><\/li>\n\n\n\n<li>3.3.-&nbsp;<a rel=\"noreferrer noopener\" href=\"https:\/\/iceberg.udg.edu\/wp-content\/uploads\/2025\/06\/mem2016-2017departaments.pdf\" target=\"_blank\">Dades de participaci\u00f3 per departaments<\/a><\/li>\n\n\n\n<li>3.2.-&nbsp;<a rel=\"noreferrer noopener\" href=\"https:\/\/iceberg.udg.edu\/wp-content\/uploads\/2025\/06\/mem2016-2017categories.pdf\" target=\"_blank\">Dades de participaci\u00f3 per categoria del professora<\/a><a rel=\"noreferrer noopener\" href=\"https:\/\/iceberg.udg.edu\/wp-content\/uploads\/2025\/06\/mem2016-2017categories.pdf\" target=\"_blank\">t<\/a><a rel=\"noreferrer noopener\" href=\"https:\/\/iceberg.udg.edu\/wp-content\/uploads\/2025\/06\/mem2016-2017categories.pdf\" target=\"_blank\"><\/a><\/li>\n<\/ul>\n\n\n\n<h3 class=\"wp-block-heading\">4.- &nbsp; Avaluaci\u00f3 de les activitats<\/h3>\n\n\n\n<ul class=\"wp-block-list\">\n<li>4.1.-<a rel=\"noreferrer noopener\" href=\"https:\/\/iceberg.udg.edu\/wp-content\/uploads\/2025\/06\/mem2016-2017valoracio.pdf\" target=\"_blank\">Resultats de l&#8217;enquesta d&#8217;avaluaci\u00f3 de les activitats realitzades<\/a><\/li>\n<\/ul>\n","protected":false},"excerpt":{"rendered":"<p>Activitats de\u00a0formaci\u00f3\u00a0i innovaci\u00f3 docent\u00a0adre\u00e7ades al PDI de la UdG 1.- &nbsp;Planificaci\u00f3 de les activitats 2.-&nbsp;&nbsp;Descripci\u00f3 de les actuacions realitzades 2.1.- Activitats de formaci\u00f3 classificades per \u00e0mbits tem\u00e0tics 2.2.-&nbsp;Actuacions d&#8217;innovaci\u00f3 docent 2.3.- Congressos i simposis 2.4.-&nbsp;Programa de producci\u00f3 de materials multim\u00e8dia per a la doc\u00e8ncia (PMMD)&nbsp; 3.-&nbsp;&nbsp; Dades quantitatives &nbsp;sobre activitats i participaci\u00f3 4.- &nbsp; Avaluaci\u00f3 [&hellip;]<\/p>\n","protected":false},"author":1,"featured_media":0,"parent":12856,"menu_order":0,"comment_status":"closed","ping_status":"closed","template":"","meta":{"footnotes":""},"class_list":["post-20223","page","type-page","status-publish","hentry"],"_links":{"self":[{"href":"https:\/\/iceberg.udg.edu\/index.php?rest_route=\/wp\/v2\/pages\/20223","targetHints":{"allow":["GET"]}}],"collection":[{"href":"https:\/\/iceberg.udg.edu\/index.php?rest_route=\/wp\/v2\/pages"}],"about":[{"href":"https:\/\/iceberg.udg.edu\/index.php?rest_route=\/wp\/v2\/types\/page"}],"author":[{"embeddable":true,"href":"https:\/\/iceberg.udg.edu\/index.php?rest_route=\/wp\/v2\/users\/1"}],"replies":[{"embeddable":true,"href":"https:\/\/iceberg.udg.edu\/index.php?rest_route=%2Fwp%2Fv2%2Fcomments&post=20223"}],"version-history":[{"count":3,"href":"https:\/\/iceberg.udg.edu\/index.php?rest_route=\/wp\/v2\/pages\/20223\/revisions"}],"predecessor-version":[{"id":20226,"href":"https:\/\/iceberg.udg.edu\/index.php?rest_route=\/wp\/v2\/pages\/20223\/revisions\/20226"}],"up":[{"embeddable":true,"href":"https:\/\/iceberg.udg.edu\/index.php?rest_route=\/wp\/v2\/pages\/12856"}],"wp:attachment":[{"href":"https:\/\/iceberg.udg.edu\/index.php?rest_route=%2Fwp%2Fv2%2Fmedia&parent=20223"}],"curies":[{"name":"wp","href":"https:\/\/api.w.org\/{rel}","templated":true}]}}