{"id":20336,"date":"2025-06-17T08:55:35","date_gmt":"2025-06-17T06:55:35","guid":{"rendered":"https:\/\/icebergng.udg.edu\/?page_id=20336"},"modified":"2025-06-17T09:27:13","modified_gmt":"2025-06-17T07:27:13","slug":"memoria-academica-2018-2019","status":"publish","type":"page","link":"https:\/\/iceberg.udg.edu\/?page_id=20336","title":{"rendered":"Mem\u00f2ria acad\u00e8mica 2018-2019"},"content":{"rendered":"\n<div class=\"wp-block-columns is-layout-flex wp-container-core-columns-is-layout-9d6595d7 wp-block-columns-is-layout-flex\">\n<div class=\"wp-block-column is-layout-flow wp-block-column-is-layout-flow\">\n<div class=\"wp-block-media-text alignwide is-stacked-on-mobile is-vertically-aligned-top\"><figure class=\"wp-block-media-text__media\"><img loading=\"lazy\" decoding=\"async\" width=\"150\" height=\"150\" src=\"https:\/\/iceberg.udg.edu\/wp-content\/uploads\/2025\/06\/deteccioRet-150x150.jpg\" alt=\"\" class=\"wp-image-20337 size-thumbnail\" srcset=\"https:\/\/iceberg.udg.edu\/wp-content\/uploads\/2025\/06\/deteccioRet-150x150.jpg 150w, https:\/\/iceberg.udg.edu\/wp-content\/uploads\/2025\/06\/deteccioRet-599x600.jpg 599w\" sizes=\"auto, (max-width: 150px) 100vw, 150px\" \/><\/figure><div class=\"wp-block-media-text__content\">\n<h2 class=\"has-medium-font-size wp-block-heading\">Detecci\u00f3 de necessitats formatives del PDI<\/h2>\n\n\n\n<ul class=\"has-small-font-size wp-block-list\">\n<li><a href=\"https:\/\/iceberg.udg.edu\/wp-content\/uploads\/2025\/06\/mem2018-2019deteccio.pdf\">Enquesta per a la detecci\u00f3 de necessitats formatives del PDI<\/a><\/li>\n<\/ul>\n\n\n\n<h2 class=\"has-medium-font-size wp-block-heading\">Programaci\u00f3 d&#8217;activitats<\/h2>\n\n\n\n<ul class=\"has-small-font-size wp-block-list\">\n<li><a href=\"https:\/\/iceberg.udg.edu\/wp-content\/uploads\/2025\/06\/mem2018-2019calendari.pdf\">Calendari<\/a><\/li>\n<\/ul>\n<\/div><\/div>\n<\/div>\n\n\n\n<div class=\"wp-block-column is-layout-flow wp-block-column-is-layout-flow\">\n<div class=\"wp-block-media-text alignwide is-stacked-on-mobile is-vertically-aligned-top\"><figure class=\"wp-block-media-text__media\"><img loading=\"lazy\" decoding=\"async\" width=\"150\" height=\"150\" src=\"https:\/\/iceberg.udg.edu\/wp-content\/uploads\/2025\/06\/colorpencilsRet-150x150.jpg\" alt=\"\" class=\"wp-image-20338 size-thumbnail\" srcset=\"https:\/\/iceberg.udg.edu\/wp-content\/uploads\/2025\/06\/colorpencilsRet-150x150.jpg 150w, https:\/\/iceberg.udg.edu\/wp-content\/uploads\/2025\/06\/colorpencilsRet-600x600.jpg 600w\" sizes=\"auto, (max-width: 150px) 100vw, 150px\" \/><\/figure><div class=\"wp-block-media-text__content\">\n<h2 class=\"has-medium-font-size wp-block-heading\">Activitats formatives<\/h2>\n\n\n\n<p class=\"has-small-font-size\">Descripci\u00f3 de les activitats:<\/p>\n\n\n\n<ul class=\"has-small-font-size wp-block-list\">\n<li><a href=\"https:\/\/iceberg.udg.edu\/wp-content\/uploads\/2025\/06\/mem2018-2019docencia.pdf\">Doc\u00e8ncia universit\u00e0ria<\/a><\/li>\n\n\n\n<li><a href=\"https:\/\/iceberg.udg.edu\/wp-content\/uploads\/2025\/06\/mem2018-2019metodologies.pdf\">Metodologies docents<\/a><\/li>\n\n\n\n<li><a href=\"https:\/\/iceberg.udg.edu\/wp-content\/uploads\/2025\/06\/mem2018-2019recursos.pdf\">Recursos docents<\/a><\/li>\n\n\n\n<li><a href=\"https:\/\/iceberg.udg.edu\/wp-content\/uploads\/2025\/06\/mem2018-2019angles.pdf\">Angl\u00e8s per a la doc\u00e8ncia<\/a><\/li>\n\n\n\n<li><a href=\"https:\/\/iceberg.udg.edu\/wp-content\/uploads\/2025\/06\/mem2018-2019tic.pdf\">Eines TIC<\/a><\/li>\n\n\n\n<li><a href=\"https:\/\/iceberg.udg.edu\/wp-content\/uploads\/2025\/06\/mem2018-2019gestio.pdf\">Gesti\u00f3 universit\u00e0ria<\/a><\/li>\n\n\n\n<li><a href=\"https:\/\/iceberg.udg.edu\/wp-content\/uploads\/2025\/06\/mem2018-2019seguretat.pdf\">Salut i seguretat laboral<\/a><\/li>\n\n\n\n<li><a href=\"https:\/\/iceberg.udg.edu\/wp-content\/uploads\/2025\/06\/mem2018-2019recerca.pdf\">Gesti\u00f3 de la recerca<\/a><\/li>\n<\/ul>\n<\/div><\/div>\n<\/div>\n<\/div>\n\n\n\n<div class=\"wp-block-columns is-layout-flex wp-container-core-columns-is-layout-9d6595d7 wp-block-columns-is-layout-flex\">\n<div class=\"wp-block-column is-layout-flow wp-block-column-is-layout-flow\">\n<div class=\"wp-block-media-text alignwide is-stacked-on-mobile is-vertically-aligned-top\"><figure class=\"wp-block-media-text__media\"><img loading=\"lazy\" decoding=\"async\" width=\"150\" height=\"150\" src=\"https:\/\/iceberg.udg.edu\/wp-content\/uploads\/2025\/06\/postitRet-150x150.jpg\" alt=\"\" class=\"wp-image-20339 size-thumbnail\" srcset=\"https:\/\/iceberg.udg.edu\/wp-content\/uploads\/2025\/06\/postitRet-150x150.jpg 150w, https:\/\/iceberg.udg.edu\/wp-content\/uploads\/2025\/06\/postitRet-600x600.jpg 600w\" sizes=\"auto, (max-width: 150px) 100vw, 150px\" \/><\/figure><div class=\"wp-block-media-text__content\">\n<h2 class=\"has-medium-font-size wp-block-heading\">Valoracions<\/h2>\n\n\n\n<ul class=\"has-small-font-size wp-block-list\">\n<li><a href=\"https:\/\/iceberg.udg.edu\/wp-content\/uploads\/2025\/06\/mem2018-2019valoracio_participants.pdf\">Valoraci\u00f3 per part dels participants<\/a><\/li>\n\n\n\n<li><a href=\"https:\/\/iceberg.udg.edu\/wp-content\/uploads\/2025\/06\/mem2018-2019valoracio_formadors.pdf\">Valoraci\u00f3 per part dels formadors<\/a><\/li>\n<\/ul>\n<\/div><\/div>\n<\/div>\n\n\n\n<div class=\"wp-block-column is-layout-flow wp-block-column-is-layout-flow\">\n<div class=\"wp-block-media-text alignwide is-stacked-on-mobile is-vertically-aligned-top\"><figure class=\"wp-block-media-text__media\"><img loading=\"lazy\" decoding=\"async\" width=\"150\" height=\"150\" src=\"https:\/\/iceberg.udg.edu\/wp-content\/uploads\/2025\/06\/innovacioRet-150x150.jpg\" alt=\"\" class=\"wp-image-20340 size-thumbnail\" srcset=\"https:\/\/iceberg.udg.edu\/wp-content\/uploads\/2025\/06\/innovacioRet-150x150.jpg 150w, https:\/\/iceberg.udg.edu\/wp-content\/uploads\/2025\/06\/innovacioRet-596x600.jpg 596w\" sizes=\"auto, (max-width: 150px) 100vw, 150px\" \/><\/figure><div class=\"wp-block-media-text__content\">\n<h2 class=\"has-medium-font-size wp-block-heading\">Actuacions d&#8217;innovaci\u00f3 docent<\/h2>\n\n\n\n<ul class=\"has-small-font-size wp-block-list\">\n<li><a href=\"https:\/\/iceberg.udg.edu\/wp-content\/uploads\/2025\/06\/mem2018-2019xids.pdf\">Xarxes d&#8217;Innovaci\u00f3 Docent (XID) ICE UdG<\/a><\/li>\n\n\n\n<li><a href=\"https:\/\/www.udg.edu\/ca\/ice\/Innovacio-docent\/Xarxes-dinnovacio-docent\/Presentacio\">XID actives durant aquest curs<\/a><\/li>\n\n\n\n<li><a href=\"https:\/\/iceberg.udg.edu\/wp-content\/uploads\/2025\/06\/mem2018-2019gids.pdf\">Grups d&#8217;Innovaci\u00f3 Docent (GID) ICE UdG<\/a><\/li>\n\n\n\n<li><a href=\"https:\/\/www.udg.edu\/ca\/ice\/Innovacio-docent\/Grups-dinnovacio-docent\/Presentacio\">GID actius durant aquest curs<\/a><\/li>\n<\/ul>\n\n\n\n<h2 class=\"has-medium-font-size wp-block-heading\">Implementaci\u00f3 de la semipresencialitat<\/h2>\n\n\n\n<ul class=\"has-small-font-size wp-block-list\">\n<li><a href=\"https:\/\/iceberg.udg.edu\/wp-content\/uploads\/2025\/06\/mem2018-2019semipresencialitat.pdf\">Actuacions de coordinaci\u00f3<\/a><\/li>\n<\/ul>\n<\/div><\/div>\n<\/div>\n<\/div>\n\n\n\n<div class=\"wp-block-columns is-layout-flex wp-container-core-columns-is-layout-9d6595d7 wp-block-columns-is-layout-flex\">\n<div class=\"wp-block-column is-layout-flow wp-block-column-is-layout-flow\">\n<div class=\"wp-block-media-text alignwide is-stacked-on-mobile is-vertically-aligned-top\"><figure class=\"wp-block-media-text__media\"><img loading=\"lazy\" decoding=\"async\" width=\"150\" height=\"150\" src=\"https:\/\/iceberg.udg.edu\/wp-content\/uploads\/2025\/06\/CapturaRet-150x150.jpg\" alt=\"\" class=\"wp-image-20341 size-thumbnail\"\/><\/figure><div class=\"wp-block-media-text__content\">\n<h2 class=\"has-medium-font-size wp-block-heading\">Congressos i simposis<\/h2>\n\n\n\n<ul class=\"has-small-font-size wp-block-list\">\n<li><a href=\"https:\/\/iceberg.udg.edu\/wp-content\/uploads\/2025\/06\/mem2018-2019CIDUI.pdf\">X SIMPOSI CIDUI. Com respon la universitat als reptes actuals? Models i propostes<\/a><\/li>\n\n\n\n<li><a href=\"https:\/\/iceberg.udg.edu\/wp-content\/uploads\/2025\/06\/mem2018-2019simposi.pdf\">Symposium Internacional sobre Aprenentatge Cooperatiu<\/a><\/li>\n<\/ul>\n<\/div><\/div>\n<\/div>\n\n\n\n<div class=\"wp-block-column is-layout-flow wp-block-column-is-layout-flow\">\n<div class=\"wp-block-media-text alignwide is-stacked-on-mobile is-vertically-aligned-top\"><figure class=\"wp-block-media-text__media\"><img loading=\"lazy\" decoding=\"async\" width=\"150\" height=\"150\" src=\"https:\/\/iceberg.udg.edu\/wp-content\/uploads\/2025\/06\/icebergRet-150x150.jpg\" alt=\"\" class=\"wp-image-20342 size-thumbnail\" srcset=\"https:\/\/iceberg.udg.edu\/wp-content\/uploads\/2025\/06\/icebergRet-150x150.jpg 150w, https:\/\/iceberg.udg.edu\/wp-content\/uploads\/2025\/06\/icebergRet-600x600.jpg 600w\" sizes=\"auto, (max-width: 150px) 100vw, 150px\" \/><\/figure><div class=\"wp-block-media-text__content\">\n<h2 class=\"has-medium-font-size wp-block-heading\">ICEberg Days<\/h2>\n\n\n\n<ul class=\"has-small-font-size wp-block-list\">\n<li><a href=\"https:\/\/iceberg.udg.edu\/wp-content\/uploads\/2025\/06\/mem2018-2019iceday.pdf\">Transaprenentatge: de les institucions que ensenyen a l\u2019articulaci\u00f3 de xarxes que aprenen.<br>ICEberg Day amb Ismael Pe\u00f1a-L\u00f3pez<\/a><\/li>\n<\/ul>\n\n\n\n<h2 class=\"has-medium-font-size wp-block-heading\">Primer Premi d&#8217;Innovaci\u00f3 Docent ICEberg UdG:<\/h2>\n\n\n\n<ul class=\"has-small-font-size wp-block-list\">\n<li>Bases del Premi<\/li>\n\n\n\n<li>Lliurament<\/li>\n\n\n\n<li><a href=\"https:\/\/youtu.be\/5IOvnT2HUWU\">V\u00eddeo del projecte guanyador<\/a><\/li>\n<\/ul>\n<\/div><\/div>\n<\/div>\n<\/div>\n\n\n\n<div class=\"wp-block-columns is-layout-flex wp-container-core-columns-is-layout-9d6595d7 wp-block-columns-is-layout-flex\">\n<div class=\"wp-block-column is-layout-flow wp-block-column-is-layout-flow\">\n<div class=\"wp-block-media-text alignwide is-stacked-on-mobile is-vertically-aligned-top\"><figure class=\"wp-block-media-text__media\"><img loading=\"lazy\" decoding=\"async\" width=\"150\" height=\"150\" src=\"https:\/\/iceberg.udg.edu\/wp-content\/uploads\/2025\/06\/graficaRet-150x150.png\" alt=\"\" class=\"wp-image-20343 size-thumbnail\" srcset=\"https:\/\/iceberg.udg.edu\/wp-content\/uploads\/2025\/06\/graficaRet-150x150.png 150w, https:\/\/iceberg.udg.edu\/wp-content\/uploads\/2025\/06\/graficaRet-600x600.png 600w\" sizes=\"auto, (max-width: 150px) 100vw, 150px\" \/><\/figure><div class=\"wp-block-media-text__content\">\n<h2 class=\"has-medium-font-size wp-block-heading\">Dades de participaci\u00f3<\/h2>\n\n\n\n<ul class=\"has-small-font-size wp-block-list\">\n<li><a href=\"https:\/\/iceberg.udg.edu\/wp-content\/uploads\/2025\/06\/mem2018-2019dades_generals.pdf\">Dades generals<\/a><\/li>\n\n\n\n<li><a href=\"https:\/\/iceberg.udg.edu\/wp-content\/uploads\/2025\/06\/mem2018-2019dades_generals_ambits.pdf\">Dades per \u00e0mbits tem\u00e0tics<\/a><\/li>\n<\/ul>\n<\/div><\/div>\n<\/div>\n\n\n\n<div class=\"wp-block-column is-layout-flow wp-block-column-is-layout-flow\">\n<div class=\"wp-block-media-text alignwide is-stacked-on-mobile is-vertically-aligned-top\"><figure class=\"wp-block-media-text__media\"><img loading=\"lazy\" decoding=\"async\" width=\"150\" height=\"150\" src=\"https:\/\/iceberg.udg.edu\/wp-content\/uploads\/2025\/06\/teclatRet-150x150.jpg\" alt=\"\" class=\"wp-image-20344 size-thumbnail\" srcset=\"https:\/\/iceberg.udg.edu\/wp-content\/uploads\/2025\/06\/teclatRet-150x150.jpg 150w, https:\/\/iceberg.udg.edu\/wp-content\/uploads\/2025\/06\/teclatRet-600x600.jpg 600w\" sizes=\"auto, (max-width: 150px) 100vw, 150px\" \/><\/figure><div class=\"wp-block-media-text__content\">\n<h2 class=\"has-medium-font-size wp-block-heading\">Publicacions<\/h2>\n\n\n\n<ul class=\"has-small-font-size wp-block-list\">\n<li><a href=\"https:\/\/youtu.be\/5IOvnT2HUWU\">Primer Premi d&#8217;Innovaci\u00f3 Docent ICEberg UdG<\/a><\/li>\n\n\n\n<li><a href=\"https:\/\/www.youtube.com\/playlist?reload=9&amp;list=PL_thfVPjuffRKK3AjguQ_LOnW4ey3DN1T\">Tutorials de Moodle<\/a><\/li>\n\n\n\n<li><a href=\"https:\/\/www.udg.edu\/ca\/ice\/UdG-flippegem\">A la UdG Flippegem. Experi\u00e8ncies de classe inversa<\/a><\/li>\n\n\n\n<li>V\u00eddeos informatius per als estudiants UdG:\u00a0Viu, Estudia i Participa a la UdG<\/li>\n\n\n\n<li><a href=\"https:\/\/www.udg.edu\/ca\/ice\/Innovacio-docent\/Xarxes-dinnovacio-docent\/Presentacio\">Publicacions de les Xarxes d\u2019Innovaci\u00f3 Docent ICE<\/a><\/li>\n\n\n\n<li><a href=\"https:\/\/iceberg.udg.edu\/wp-content\/uploads\/2025\/06\/mem2018-2019guia.pdf\">Guia pr\u00e0ctica per implementar l\u2019aprenentatge per projectes a la universitat. Xarxa d\u2019Innovaci\u00f3 Docent sobre APP<\/a><\/li>\n<\/ul>\n<\/div><\/div>\n<\/div>\n<\/div>\n\n\n\n<div class=\"wp-block-columns is-layout-flex wp-container-core-columns-is-layout-9d6595d7 wp-block-columns-is-layout-flex\">\n<div class=\"wp-block-column is-layout-flow wp-block-column-is-layout-flow\">\n<div class=\"wp-block-media-text alignwide is-stacked-on-mobile is-vertically-aligned-top\"><figure class=\"wp-block-media-text__media\"><img loading=\"lazy\" decoding=\"async\" width=\"150\" height=\"150\" src=\"https:\/\/iceberg.udg.edu\/wp-content\/uploads\/2025\/06\/dandelionRet-150x150.jpg\" alt=\"\" class=\"wp-image-20345 size-thumbnail\" srcset=\"https:\/\/iceberg.udg.edu\/wp-content\/uploads\/2025\/06\/dandelionRet-150x150.jpg 150w, https:\/\/iceberg.udg.edu\/wp-content\/uploads\/2025\/06\/dandelionRet-600x600.jpg 600w\" sizes=\"auto, (max-width: 150px) 100vw, 150px\" \/><\/figure><div class=\"wp-block-media-text__content\">\n<h2 class=\"has-medium-font-size wp-block-heading\">Difusi\u00f3<\/h2>\n\n\n\n<ul class=\"has-small-font-size wp-block-list\">\n<li><a href=\"https:\/\/www.udg.edu\/ca\/ice\">Web ICE UdG<\/a><\/li>\n\n\n\n<li><a href=\"https:\/\/iceberg.udg.edu\/\">Espai ICEberg<\/a><\/li>\n\n\n\n<li><a href=\"https:\/\/iceberg.udg.edu\/wp-content\/uploads\/2025\/06\/mem2018-2019butlleti.pdf\">Butllet\u00ed ICEberg<\/a><\/li>\n<\/ul>\n<\/div><\/div>\n<\/div>\n\n\n\n<div class=\"wp-block-column is-layout-flow wp-block-column-is-layout-flow\">\n<figure class=\"wp-block-image size-large is-resized\"><img loading=\"lazy\" decoding=\"async\" src=\"https:\/\/iceberg.udg.edu\/wp-content\/uploads\/2025\/06\/ice_negre_sensefons-1024x478.png\" alt=\"Universitat de Girona Institut de Ci\u00e8ncies de l'Educaci\u00f3 Josep Pallach ICE\" class=\"wp-image-20240\" width=\"256\" height=\"120\" srcset=\"https:\/\/iceberg.udg.edu\/wp-content\/uploads\/2025\/06\/ice_negre_sensefons-1024x478.png 1024w, https:\/\/iceberg.udg.edu\/wp-content\/uploads\/2025\/06\/ice_negre_sensefons-300x140.png 300w, https:\/\/iceberg.udg.edu\/wp-content\/uploads\/2025\/06\/ice_negre_sensefons-768x358.png 768w, https:\/\/iceberg.udg.edu\/wp-content\/uploads\/2025\/06\/ice_negre_sensefons-1536x716.png 1536w, https:\/\/iceberg.udg.edu\/wp-content\/uploads\/2025\/06\/ice_negre_sensefons-1320x616.png 1320w, https:\/\/iceberg.udg.edu\/wp-content\/uploads\/2025\/06\/ice_negre_sensefons.png 1848w\" sizes=\"auto, (max-width: 256px) 100vw, 256px\" \/><\/figure>\n<\/div>\n<\/div>\n","protected":false},"excerpt":{"rendered":"<p>Detecci\u00f3 de necessitats formatives del PDI Programaci\u00f3 d&#8217;activitats Activitats formatives Descripci\u00f3 de les activitats: Valoracions Actuacions d&#8217;innovaci\u00f3 docent Implementaci\u00f3 de la semipresencialitat Congressos i simposis ICEberg Days Primer Premi d&#8217;Innovaci\u00f3 Docent ICEberg UdG: Dades de participaci\u00f3 Publicacions Difusi\u00f3<\/p>\n","protected":false},"author":1,"featured_media":0,"parent":12856,"menu_order":0,"comment_status":"closed","ping_status":"closed","template":"","meta":{"footnotes":""},"class_list":["post-20336","page","type-page","status-publish","hentry"],"_links":{"self":[{"href":"https:\/\/iceberg.udg.edu\/index.php?rest_route=\/wp\/v2\/pages\/20336","targetHints":{"allow":["GET"]}}],"collection":[{"href":"https:\/\/iceberg.udg.edu\/index.php?rest_route=\/wp\/v2\/pages"}],"about":[{"href":"https:\/\/iceberg.udg.edu\/index.php?rest_route=\/wp\/v2\/types\/page"}],"author":[{"embeddable":true,"href":"https:\/\/iceberg.udg.edu\/index.php?rest_route=\/wp\/v2\/users\/1"}],"replies":[{"embeddable":true,"href":"https:\/\/iceberg.udg.edu\/index.php?rest_route=%2Fwp%2Fv2%2Fcomments&post=20336"}],"version-history":[{"count":9,"href":"https:\/\/iceberg.udg.edu\/index.php?rest_route=\/wp\/v2\/pages\/20336\/revisions"}],"predecessor-version":[{"id":20356,"href":"https:\/\/iceberg.udg.edu\/index.php?rest_route=\/wp\/v2\/pages\/20336\/revisions\/20356"}],"up":[{"embeddable":true,"href":"https:\/\/iceberg.udg.edu\/index.php?rest_route=\/wp\/v2\/pages\/12856"}],"wp:attachment":[{"href":"https:\/\/iceberg.udg.edu\/index.php?rest_route=%2Fwp%2Fv2%2Fmedia&parent=20336"}],"curies":[{"name":"wp","href":"https:\/\/api.w.org\/{rel}","templated":true}]}}