{"id":20904,"date":"2025-09-09T12:26:57","date_gmt":"2025-09-09T10:26:57","guid":{"rendered":"https:\/\/icebergng.udg.edu\/?page_id=20904"},"modified":"2026-02-16T14:42:31","modified_gmt":"2026-02-16T13:42:31","slug":"activitats-formatives-i-examens-dacreditacio","status":"publish","type":"page","link":"https:\/\/iceberg.udg.edu\/?page_id=20904","title":{"rendered":"Activitats formatives i ex\u00e0mens d&#8217;acreditaci\u00f3"},"content":{"rendered":"\n<div class=\"wp-block-columns is-layout-flex wp-container-core-columns-is-layout-9d6595d7 wp-block-columns-is-layout-flex\">\n<div class=\"wp-block-column is-layout-flow wp-block-column-is-layout-flow\">\n<div class=\"wp-block-cover is-light\" style=\"min-height:160px;aspect-ratio:unset;\"><img loading=\"lazy\" decoding=\"async\" width=\"1280\" height=\"800\" class=\"wp-block-cover__image-background wp-image-18664\" alt=\"\" src=\"https:\/\/iceberg.udg.edu\/wp-content\/uploads\/2024\/10\/AFIEDA_1.jpg\" style=\"object-position:82% 34%\" data-object-fit=\"cover\" data-object-position=\"82% 34%\" srcset=\"https:\/\/iceberg.udg.edu\/wp-content\/uploads\/2024\/10\/AFIEDA_1.jpg 1280w, https:\/\/iceberg.udg.edu\/wp-content\/uploads\/2024\/10\/AFIEDA_1-300x188.jpg 300w, https:\/\/iceberg.udg.edu\/wp-content\/uploads\/2024\/10\/AFIEDA_1-1024x640.jpg 1024w, https:\/\/iceberg.udg.edu\/wp-content\/uploads\/2024\/10\/AFIEDA_1-768x480.jpg 768w\" sizes=\"auto, (max-width: 1280px) 100vw, 1280px\" \/><span aria-hidden=\"true\" class=\"wp-block-cover__background has-background-dim\" style=\"background-color:#393939\"><\/span><div class=\"wp-block-cover__inner-container is-layout-flow wp-block-cover-is-layout-flow\">\n<div class=\"wp-block-buttons is-horizontal is-content-justification-center is-layout-flex wp-container-core-buttons-is-layout-499968f5 wp-block-buttons-is-layout-flex\">\n<div class=\"wp-block-button is-style-fill\"><a class=\"wp-block-button__link has-white-color has-luminous-vivid-orange-to-vivid-red-gradient-background has-text-color has-background has-small-font-size has-custom-font-size wp-element-button\" href=\"https:\/\/iceberg.udg.edu\/?page_id=20914\" style=\"border-radius:10px\"><strong>PDI i PTGAS<\/strong><\/a><\/div>\n<\/div>\n<\/div><\/div>\n\n\n\n<div class=\"wp-block-cover is-light\" style=\"min-height:176px;aspect-ratio:unset;\"><img loading=\"lazy\" decoding=\"async\" width=\"1280\" height=\"853\" class=\"wp-block-cover__image-background wp-image-18666\" alt=\"\" src=\"https:\/\/iceberg.udg.edu\/wp-content\/uploads\/2024\/10\/AFIEDA_4.jpg\" style=\"object-position:52% 100%\" data-object-fit=\"cover\" data-object-position=\"52% 100%\" srcset=\"https:\/\/iceberg.udg.edu\/wp-content\/uploads\/2024\/10\/AFIEDA_4.jpg 1280w, https:\/\/iceberg.udg.edu\/wp-content\/uploads\/2024\/10\/AFIEDA_4-300x200.jpg 300w, https:\/\/iceberg.udg.edu\/wp-content\/uploads\/2024\/10\/AFIEDA_4-1024x682.jpg 1024w, https:\/\/iceberg.udg.edu\/wp-content\/uploads\/2024\/10\/AFIEDA_4-768x512.jpg 768w, https:\/\/iceberg.udg.edu\/wp-content\/uploads\/2024\/10\/AFIEDA_4-1200x800.jpg 1200w\" sizes=\"auto, (max-width: 1280px) 100vw, 1280px\" \/><span aria-hidden=\"true\" class=\"wp-block-cover__background has-background-dim\"><\/span><div class=\"wp-block-cover__inner-container is-layout-flow wp-block-cover-is-layout-flow\">\n<div class=\"wp-block-buttons is-content-justification-center is-layout-flex wp-container-core-buttons-is-layout-16018d1d wp-block-buttons-is-layout-flex\">\n<div class=\"wp-block-button\"><a class=\"wp-block-button__link has-white-color has-luminous-vivid-orange-to-vivid-red-gradient-background has-text-color has-background has-small-font-size has-custom-font-size wp-element-button\" href=\"https:\/\/iceberg.udg.edu\/?page_id=20917\" style=\"border-radius:10px\"><strong>Ex\u00e0mens d&#8217;acreditaci\u00f3 de lleng\u00fces<\/strong><\/a><\/div>\n<\/div>\n<\/div><\/div>\n<\/div>\n\n\n\n<div class=\"wp-block-column is-vertically-aligned-top is-layout-flow wp-block-column-is-layout-flow\">\n<div class=\"wp-block-cover\" style=\"min-height:160px;aspect-ratio:unset;\"><img loading=\"lazy\" decoding=\"async\" width=\"1280\" height=\"853\" class=\"wp-block-cover__image-background wp-image-18665\" alt=\"\" src=\"https:\/\/iceberg.udg.edu\/wp-content\/uploads\/2024\/10\/AFIEDA_2.jpg\" style=\"object-position:49% 72%\" data-object-fit=\"cover\" data-object-position=\"49% 72%\" srcset=\"https:\/\/iceberg.udg.edu\/wp-content\/uploads\/2024\/10\/AFIEDA_2.jpg 1280w, https:\/\/iceberg.udg.edu\/wp-content\/uploads\/2024\/10\/AFIEDA_2-300x200.jpg 300w, https:\/\/iceberg.udg.edu\/wp-content\/uploads\/2024\/10\/AFIEDA_2-1024x682.jpg 1024w, https:\/\/iceberg.udg.edu\/wp-content\/uploads\/2024\/10\/AFIEDA_2-768x512.jpg 768w, https:\/\/iceberg.udg.edu\/wp-content\/uploads\/2024\/10\/AFIEDA_2-1200x800.jpg 1200w\" sizes=\"auto, (max-width: 1280px) 100vw, 1280px\" \/><span aria-hidden=\"true\" class=\"wp-block-cover__background has-background-dim\"><\/span><div class=\"wp-block-cover__inner-container is-layout-flow wp-block-cover-is-layout-flow\">\n<div class=\"wp-block-buttons is-content-justification-center is-layout-flex wp-container-core-buttons-is-layout-16018d1d wp-block-buttons-is-layout-flex\">\n<div class=\"wp-block-button\"><a class=\"wp-block-button__link has-white-color has-luminous-vivid-orange-to-vivid-red-gradient-background has-text-color has-background has-small-font-size has-custom-font-size wp-element-button\" href=\"https:\/\/iceberg.udg.edu\/?page_id=20916\" style=\"border-radius:10px\"><strong>Estudiantat<\/strong><\/a><\/div>\n<\/div>\n<\/div><\/div>\n\n\n\n<div class=\"wp-block-cover\" style=\"min-height:175px;aspect-ratio:unset;\"><img loading=\"lazy\" decoding=\"async\" width=\"1280\" height=\"960\" class=\"wp-block-cover__image-background wp-image-18647\" alt=\"\" src=\"https:\/\/iceberg.udg.edu\/wp-content\/uploads\/2024\/10\/DNF_2-1.jpg\" data-object-fit=\"cover\" srcset=\"https:\/\/iceberg.udg.edu\/wp-content\/uploads\/2024\/10\/DNF_2-1.jpg 1280w, https:\/\/iceberg.udg.edu\/wp-content\/uploads\/2024\/10\/DNF_2-1-300x225.jpg 300w, https:\/\/iceberg.udg.edu\/wp-content\/uploads\/2024\/10\/DNF_2-1-1024x768.jpg 1024w, https:\/\/iceberg.udg.edu\/wp-content\/uploads\/2024\/10\/DNF_2-1-768x576.jpg 768w\" sizes=\"auto, (max-width: 1280px) 100vw, 1280px\" \/><span aria-hidden=\"true\" class=\"wp-block-cover__background has-background-dim\"><\/span><div class=\"wp-block-cover__inner-container is-layout-flow wp-block-cover-is-layout-flow\">\n<div class=\"wp-block-buttons is-content-justification-center is-layout-flex wp-container-core-buttons-is-layout-16018d1d wp-block-buttons-is-layout-flex\">\n<div class=\"wp-block-button\"><a class=\"wp-block-button__link has-white-color has-luminous-vivid-orange-to-vivid-red-gradient-background has-text-color has-background has-small-font-size has-custom-font-size wp-element-button\" href=\"https:\/\/iceberg.udg.edu\/?page_id=20918\" style=\"border-radius:10px\"><strong>Prova diagn\u00f2stica de terceres lleng\u00fces als estudiants de nou acc\u00e9s<\/strong><\/a><\/div>\n<\/div>\n<\/div><\/div>\n<\/div>\n<\/div>\n\n\n\n<p><\/p>\n","protected":false},"excerpt":{"rendered":"","protected":false},"author":1,"featured_media":0,"parent":20902,"menu_order":0,"comment_status":"closed","ping_status":"closed","template":"","meta":{"footnotes":""},"class_list":["post-20904","page","type-page","status-publish","hentry"],"_links":{"self":[{"href":"https:\/\/iceberg.udg.edu\/index.php?rest_route=\/wp\/v2\/pages\/20904","targetHints":{"allow":["GET"]}}],"collection":[{"href":"https:\/\/iceberg.udg.edu\/index.php?rest_route=\/wp\/v2\/pages"}],"about":[{"href":"https:\/\/iceberg.udg.edu\/index.php?rest_route=\/wp\/v2\/types\/page"}],"author":[{"embeddable":true,"href":"https:\/\/iceberg.udg.edu\/index.php?rest_route=\/wp\/v2\/users\/1"}],"replies":[{"embeddable":true,"href":"https:\/\/iceberg.udg.edu\/index.php?rest_route=%2Fwp%2Fv2%2Fcomments&post=20904"}],"version-history":[{"count":8,"href":"https:\/\/iceberg.udg.edu\/index.php?rest_route=\/wp\/v2\/pages\/20904\/revisions"}],"predecessor-version":[{"id":21944,"href":"https:\/\/iceberg.udg.edu\/index.php?rest_route=\/wp\/v2\/pages\/20904\/revisions\/21944"}],"up":[{"embeddable":true,"href":"https:\/\/iceberg.udg.edu\/index.php?rest_route=\/wp\/v2\/pages\/20902"}],"wp:attachment":[{"href":"https:\/\/iceberg.udg.edu\/index.php?rest_route=%2Fwp%2Fv2%2Fmedia&parent=20904"}],"curies":[{"name":"wp","href":"https:\/\/api.w.org\/{rel}","templated":true}]}}