{"id":20918,"date":"2025-09-09T12:42:53","date_gmt":"2025-09-09T10:42:53","guid":{"rendered":"https:\/\/icebergng.udg.edu\/?page_id=20918"},"modified":"2025-09-19T12:58:56","modified_gmt":"2025-09-19T10:58:56","slug":"prova-diagnostica-de-terceres-llengues-als-estudiants-de-nou-acces","status":"publish","type":"page","link":"https:\/\/iceberg.udg.edu\/?page_id=20918","title":{"rendered":"Prova diagn\u00f2stica de terceres lleng\u00fces als estudiants de nou acc\u00e9s"},"content":{"rendered":"\n<p>L&#8217;objectiu de la prova diagn\u00f2stica \u00e9s que els estudiants que accedeixen per primer cop a la UdG coneguin el seu nivell d\u2019angl\u00e8s, franc\u00e8s, itali\u00e0 o alemany amb la finalitat d\u2019orientar-los en l\u2019assoliment del requisit de llengua establert als plans d\u2019estudis de la Universitat.<\/p>\n\n\n\n<p>La realitzaci\u00f3 de la prova ha estat volunt\u00e0ria i no obligat\u00f2ria i s&#8217;ha fet amb l\u2019eina Simtest de la Universitat Aut\u00f2noma de Barcelona (UAB) entre els mesos de novembre i desembre de 2024.<\/p>\n\n\n\n<h2 class=\"wp-block-heading\"><strong>Descripci\u00f3 de la prova<\/strong><\/h2>\n\n\n\n<p>La prova de nivell d\u2019angl\u00e8s \u00e9s una prova adaptativa; consta d\u2019una s\u00e8rie de preguntes d\u2019opci\u00f3 m\u00faltiple per avaluar els coneixements de gram\u00e0tica, vocabulari i \u00fas de la llengua en un context determinat; nom\u00e9s es pot fer una vegada i s\u2019ha de fer tota seguida. Al final de la prova l\u2019estudiant rep una qualificaci\u00f3 num\u00e8rica. En la p\u00e0gina d\u2019informaci\u00f3 s\u2019informa del nivell de llengua segons la qualificaci\u00f3 obtinguda, d\u2019acord amb aquesta taula:<\/p>\n\n\n<div class=\"wp-block-image\">\n<figure class=\"aligncenter size-full is-resized\"><img loading=\"lazy\" decoding=\"async\" src=\"https:\/\/iceberg.udg.edu\/wp-content\/uploads\/2025\/09\/llengues.png\" alt=\"\" class=\"wp-image-20781\" width=\"384\" height=\"237\"\/><\/figure>\n<\/div>\n\n\n<p><\/p>\n\n\n\n<p>A difer\u00e8ncia de la prova d\u2019angl\u00e8s, les proves d\u2019itali\u00e0, franc\u00e8s i alemany no s\u00f3n adaptatives. El q\u00fcestionari es basa en una bateria de 100 preguntes d\u2019opci\u00f3 m\u00faltiple que els participants han de contestar. S\u2019han de respondre totes; si no es fa aix\u00ed, el programa no permet enviar les respostes .Al final del q\u00fcestionari l\u2019estudiant no rep cap qualificaci\u00f3. Des de la UAB es fa la conversi\u00f3 de les qualificacions als nivells del Marc europeu de refer\u00e8ncia per a les lleng\u00fces. <\/p>\n\n\n\n<h2 class=\"wp-block-heading\"><strong>Dades de participaci\u00f3 i resultats<\/strong><\/h2>\n\n\n\n<p><strong>Resultats generals <\/strong><\/p>\n\n\n<div class=\"wp-block-image\">\n<figure class=\"aligncenter size-full is-resized\"><img loading=\"lazy\" decoding=\"async\" src=\"https:\/\/iceberg.udg.edu\/wp-content\/uploads\/2025\/07\/ProvaDiagnosticaResultatsGenerals.jpg\" alt=\"\" class=\"wp-image-20668\" width=\"486\" height=\"210\" srcset=\"https:\/\/iceberg.udg.edu\/wp-content\/uploads\/2025\/07\/ProvaDiagnosticaResultatsGenerals.jpg 389w, https:\/\/iceberg.udg.edu\/wp-content\/uploads\/2025\/07\/ProvaDiagnosticaResultatsGenerals-300x130.jpg 300w\" sizes=\"auto, (max-width: 486px) 100vw, 486px\" \/><\/figure>\n<\/div>\n\n<div class=\"wp-block-image\">\n<figure class=\"aligncenter size-full\"><img loading=\"lazy\" decoding=\"async\" width=\"841\" height=\"260\" src=\"https:\/\/iceberg.udg.edu\/wp-content\/uploads\/2025\/07\/ProvaDiagnosticaResultatsGenerals_grafic.jpg\" alt=\"\" class=\"wp-image-20669\" srcset=\"https:\/\/iceberg.udg.edu\/wp-content\/uploads\/2025\/07\/ProvaDiagnosticaResultatsGenerals_grafic.jpg 841w, https:\/\/iceberg.udg.edu\/wp-content\/uploads\/2025\/07\/ProvaDiagnosticaResultatsGenerals_grafic-300x93.jpg 300w, https:\/\/iceberg.udg.edu\/wp-content\/uploads\/2025\/07\/ProvaDiagnosticaResultatsGenerals_grafic-768x237.jpg 768w\" sizes=\"auto, (max-width: 841px) 100vw, 841px\" \/><figcaption class=\"wp-element-caption\"><strong>Resultats per lleng\u00fces<\/strong><\/figcaption><\/figure>\n<\/div>\n\n<div class=\"wp-block-image\">\n<figure class=\"aligncenter size-full\"><img loading=\"lazy\" decoding=\"async\" width=\"437\" height=\"166\" src=\"https:\/\/iceberg.udg.edu\/wp-content\/uploads\/2025\/07\/ProvaDiagnosticaResultatsPerLlengues.jpg\" alt=\"\" class=\"wp-image-20670\" srcset=\"https:\/\/iceberg.udg.edu\/wp-content\/uploads\/2025\/07\/ProvaDiagnosticaResultatsPerLlengues.jpg 437w, https:\/\/iceberg.udg.edu\/wp-content\/uploads\/2025\/07\/ProvaDiagnosticaResultatsPerLlengues-300x114.jpg 300w\" sizes=\"auto, (max-width: 437px) 100vw, 437px\" \/><\/figure>\n<\/div>\n\n<div class=\"wp-block-image\">\n<figure class=\"aligncenter size-full\"><img loading=\"lazy\" decoding=\"async\" width=\"858\" height=\"396\" src=\"https:\/\/iceberg.udg.edu\/wp-content\/uploads\/2025\/07\/ProvaDiagnosticaResultatsPerLlengues_grafic..jpg\" alt=\"\" class=\"wp-image-20671\" srcset=\"https:\/\/iceberg.udg.edu\/wp-content\/uploads\/2025\/07\/ProvaDiagnosticaResultatsPerLlengues_grafic..jpg 858w, https:\/\/iceberg.udg.edu\/wp-content\/uploads\/2025\/07\/ProvaDiagnosticaResultatsPerLlengues_grafic.-300x138.jpg 300w, https:\/\/iceberg.udg.edu\/wp-content\/uploads\/2025\/07\/ProvaDiagnosticaResultatsPerLlengues_grafic.-768x354.jpg 768w\" sizes=\"auto, (max-width: 858px) 100vw, 858px\" \/><\/figure>\n<\/div>\n\n\n<p><strong>Nivells de llengua acumulats<\/strong><\/p>\n\n\n<div class=\"wp-block-image\">\n<figure class=\"aligncenter size-full is-resized\"><img decoding=\"async\" src=\"https:\/\/iceberg.udg.edu\/wp-content\/uploads\/2025\/07\/ProvaDiagnosticaNivellsLlenguaAcumulats_grafic.jpg\" alt=\"\" class=\"wp-image-20672\" width=\"474\" srcset=\"https:\/\/iceberg.udg.edu\/wp-content\/uploads\/2025\/07\/ProvaDiagnosticaNivellsLlenguaAcumulats_grafic.jpg 596w, https:\/\/iceberg.udg.edu\/wp-content\/uploads\/2025\/07\/ProvaDiagnosticaNivellsLlenguaAcumulats_grafic-300x156.jpg 300w\" sizes=\"(max-width: 596px) 100vw, 596px\" \/><\/figure>\n<\/div>\n\n\n<p><strong>Comparaci\u00f3 de resultats 2022-2023<\/strong><\/p>\n\n\n<div class=\"wp-block-image\">\n<figure class=\"aligncenter size-full\"><img loading=\"lazy\" decoding=\"async\" width=\"862\" height=\"346\" src=\"https:\/\/iceberg.udg.edu\/wp-content\/uploads\/2025\/07\/ProvaDiagnosticaComparacioResultats_2023-2024_grafic.jpg\" alt=\"\" class=\"wp-image-20673\" srcset=\"https:\/\/iceberg.udg.edu\/wp-content\/uploads\/2025\/07\/ProvaDiagnosticaComparacioResultats_2023-2024_grafic.jpg 862w, https:\/\/iceberg.udg.edu\/wp-content\/uploads\/2025\/07\/ProvaDiagnosticaComparacioResultats_2023-2024_grafic-300x120.jpg 300w, https:\/\/iceberg.udg.edu\/wp-content\/uploads\/2025\/07\/ProvaDiagnosticaComparacioResultats_2023-2024_grafic-768x308.jpg 768w\" sizes=\"auto, (max-width: 862px) 100vw, 862px\" \/><\/figure>\n<\/div>","protected":false},"excerpt":{"rendered":"<p>L&#8217;objectiu de la prova diagn\u00f2stica \u00e9s que els estudiants que accedeixen per primer cop a la UdG coneguin el seu nivell d\u2019angl\u00e8s, franc\u00e8s, itali\u00e0 o alemany amb la finalitat d\u2019orientar-los en l\u2019assoliment del requisit de llengua establert als plans d\u2019estudis de la Universitat. La realitzaci\u00f3 de la prova ha estat volunt\u00e0ria i no obligat\u00f2ria i [&hellip;]<\/p>\n","protected":false},"author":1,"featured_media":0,"parent":20904,"menu_order":0,"comment_status":"closed","ping_status":"closed","template":"","meta":{"footnotes":""},"class_list":["post-20918","page","type-page","status-publish","hentry"],"_links":{"self":[{"href":"https:\/\/iceberg.udg.edu\/index.php?rest_route=\/wp\/v2\/pages\/20918","targetHints":{"allow":["GET"]}}],"collection":[{"href":"https:\/\/iceberg.udg.edu\/index.php?rest_route=\/wp\/v2\/pages"}],"about":[{"href":"https:\/\/iceberg.udg.edu\/index.php?rest_route=\/wp\/v2\/types\/page"}],"author":[{"embeddable":true,"href":"https:\/\/iceberg.udg.edu\/index.php?rest_route=\/wp\/v2\/users\/1"}],"replies":[{"embeddable":true,"href":"https:\/\/iceberg.udg.edu\/index.php?rest_route=%2Fwp%2Fv2%2Fcomments&post=20918"}],"version-history":[{"count":3,"href":"https:\/\/iceberg.udg.edu\/index.php?rest_route=\/wp\/v2\/pages\/20918\/revisions"}],"predecessor-version":[{"id":21152,"href":"https:\/\/iceberg.udg.edu\/index.php?rest_route=\/wp\/v2\/pages\/20918\/revisions\/21152"}],"up":[{"embeddable":true,"href":"https:\/\/iceberg.udg.edu\/index.php?rest_route=\/wp\/v2\/pages\/20904"}],"wp:attachment":[{"href":"https:\/\/iceberg.udg.edu\/index.php?rest_route=%2Fwp%2Fv2%2Fmedia&parent=20918"}],"curies":[{"name":"wp","href":"https:\/\/api.w.org\/{rel}","templated":true}]}}