{"id":20930,"date":"2025-09-09T13:32:31","date_gmt":"2025-09-09T11:32:31","guid":{"rendered":"https:\/\/icebergng.udg.edu\/?page_id=20930"},"modified":"2025-10-01T10:49:35","modified_gmt":"2025-10-01T08:49:35","slug":"valoracio-dels-participants-en-la-formacio-i-acreditacio-en-llengues-2","status":"publish","type":"page","link":"https:\/\/iceberg.udg.edu\/?page_id=20930","title":{"rendered":"Valoraci\u00f3 dels participants en la formaci\u00f3 i acreditaci\u00f3 en lleng\u00fces"},"content":{"rendered":"\n<p class=\"has-medium-font-size\">Les persones participants en activitats de formaci\u00f3 i acreditaci\u00f3 en lleng\u00fces han emplenat una enquesta en l\u00ednia de les activitats en qu\u00e8 han participat. <\/p>\n\n\n\n<p class=\"has-medium-font-size\">S&#8217;administren cinc tipus d&#8217;enquestes: <\/p>\n\n\n\n<ul class=\"wp-block-list\">\n<li><a href=\"#EnqCursos\">Enquesta de cursos semestrals o anuals de lleng\u00fces<\/a><\/li>\n\n\n\n<li><a href=\"#EnqExamens\">Enquesta d&#8217;ex\u00e0mens oficials<\/a><\/li>\n\n\n\n<li><a href=\"#EnqIntercanvis\">Enquesta d&#8217;intercanvis ling\u00fc\u00edstics<\/a><\/li>\n\n\n\n<li><a href=\"#EnqTallers\">Enquesta de tallers de preparaci\u00f3 d&#8217;ex\u00e0mens<\/a><\/li>\n<\/ul>\n\n\n\n<p class=\"has-medium-font-size\">Totes les enquestes s\u00f3n an\u00f2nimes i atenen dos blocs de valoraci\u00f3: un bloc en qu\u00e8 s&#8217;avalua l&#8217;activitat, el professorat i el material a disposici\u00f3 del Moodle, i un segon bloc en qu\u00e8 s&#8217;avalua el servei ofert per UdGLleng\u00fces. En general, l&#8217;escala de valoraci\u00f3 de cadascun dels \u00edtems va de l&#8217;1 al 10. <\/p>\n\n\n\n<p><\/p>\n\n\n\n<h3 class=\"has-medium-font-size wp-block-heading\" id=\"EnqCursos\">Resultats agregats enquesta de cursos semestrals i anuals de lleng\u00fces<\/h3>\n\n\n\n<figure class=\"wp-block-table is-style-stripes\"><table class=\"has-background\" style=\"background-color:#fbaa5a\"><thead><tr><th>Llengua<\/th><th class=\"has-text-align-center\" data-align=\"center\">Nombre respostes<\/th><th class=\"has-text-align-center\" data-align=\"center\">Nombre enquestats<\/th><th class=\"has-text-align-center\" data-align=\"center\">Percentatge de resposta<\/th><th class=\"has-text-align-center\" data-align=\"center\">Valoraci\u00f3 mitjana dels cursos<\/th><th class=\"has-text-align-center\" data-align=\"center\">Valoraci\u00f3 mitjana del professorat<\/th><th class=\"has-text-align-center\" data-align=\"center\">Valoraci\u00f3 mitjana de l&#8217;atenci\u00f3 oferta<\/th><\/tr><\/thead><tbody><tr><td>Alemany<\/td><td class=\"has-text-align-center\" data-align=\"center\">5<\/td><td class=\"has-text-align-center\" data-align=\"center\">11<\/td><td class=\"has-text-align-center\" data-align=\"center\">45%<\/td><td class=\"has-text-align-center\" data-align=\"center\">7,8<\/td><td class=\"has-text-align-center\" data-align=\"center\">8,6<\/td><td class=\"has-text-align-center\" data-align=\"center\">10<\/td><\/tr><tr><td>Angl\u00e8s<\/td><td class=\"has-text-align-center\" data-align=\"center\">52<\/td><td class=\"has-text-align-center\" data-align=\"center\">186<\/td><td class=\"has-text-align-center\" data-align=\"center\">28%<\/td><td class=\"has-text-align-center\" data-align=\"center\">8,1<\/td><td class=\"has-text-align-center\" data-align=\"center\">8,7<\/td><td class=\"has-text-align-center\" data-align=\"center\">9<\/td><\/tr><tr><td>Catal\u00e0<\/td><td class=\"has-text-align-center\" data-align=\"center\">58<\/td><td class=\"has-text-align-center\" data-align=\"center\">527<\/td><td class=\"has-text-align-center\" data-align=\"center\">11%<\/td><td class=\"has-text-align-center\" data-align=\"center\">8,2<\/td><td class=\"has-text-align-center\" data-align=\"center\">8,7<\/td><td class=\"has-text-align-center\" data-align=\"center\">8,8<\/td><\/tr><tr><td>Franc\u00e8s<\/td><td class=\"has-text-align-center\" data-align=\"center\">8<\/td><td class=\"has-text-align-center\" data-align=\"center\">17<\/td><td class=\"has-text-align-center\" data-align=\"center\">47%<\/td><td class=\"has-text-align-center\" data-align=\"center\">9,1<\/td><td class=\"has-text-align-center\" data-align=\"center\">8,6<\/td><td class=\"has-text-align-center\" data-align=\"center\">8<\/td><\/tr><tr><td><strong>TOTAL<\/strong><\/td><td class=\"has-text-align-center\" data-align=\"center\"><strong>123<\/strong><\/td><td class=\"has-text-align-center\" data-align=\"center\"><strong>741<\/strong><\/td><td class=\"has-text-align-center\" data-align=\"center\"><strong>17%<\/strong><\/td><td class=\"has-text-align-center\" data-align=\"center\"><strong>8,1<\/strong><\/td><td class=\"has-text-align-center\" data-align=\"center\"><strong>8,7<\/strong><\/td><td class=\"has-text-align-center\" data-align=\"center\"><strong>8,9<\/strong><\/td><\/tr><\/tbody><\/table><\/figure>\n\n\n\n<p>Per veure els resultats de totes les preguntes us podeu descarregar el document: <\/p>\n\n\n\n<div class=\"wp-block-file\"><a id=\"wp-block-file--media-74dc03e9-6503-4eb1-923f-d679d8937b87\" href=\"https:\/\/iceberg.udg.edu\/wp-content\/uploads\/2025\/07\/RstatsGlobalsPregCurs_MemICE-SAID24-25_web.pdf\">RstatsGlobalsPregCurs_MemICE-SAID24-25_web<\/a><a href=\"https:\/\/iceberg.udg.edu\/wp-content\/uploads\/2025\/07\/RstatsGlobalsPregCurs_MemICE-SAID24-25_web.pdf\" class=\"wp-block-file__button wp-element-button\" download aria-describedby=\"wp-block-file--media-74dc03e9-6503-4eb1-923f-d679d8937b87\">Baixa<\/a><\/div>\n\n\n\n<hr class=\"wp-block-separator has-alpha-channel-opacity\"\/>\n\n\n\n<h3 class=\"has-medium-font-size wp-block-heading\" id=\"EnqExamens\">Resultats agregats enquesta dels ex\u00e0mens oficials <\/h3>\n\n\n\n<figure class=\"wp-block-table is-style-stripes\"><table class=\"has-white-background-color has-background\"><thead><tr><th>Llengua<\/th><th class=\"has-text-align-center\" data-align=\"center\">Nre. ex\u00e0mens enquestats<\/th><th class=\"has-text-align-center\" data-align=\"center\">Nombre respostes<\/th><th class=\"has-text-align-center\" data-align=\"center\">Nomre enquestats<\/th><th class=\"has-text-align-center\" data-align=\"center\">Percentatge de resposta<\/th><th class=\"has-text-align-center\" data-align=\"center\">Valoraci\u00f3 mitjana dels cursos<\/th><\/tr><\/thead><tbody><tr><td>Alemany<\/td><td class=\"has-text-align-center\" data-align=\"center\">1<\/td><td class=\"has-text-align-center\" data-align=\"center\">3<\/td><td class=\"has-text-align-center\" data-align=\"center\">9<\/td><td class=\"has-text-align-center\" data-align=\"center\">33%<\/td><td class=\"has-text-align-center\" data-align=\"center\">8,7<\/td><\/tr><tr><td>Angl\u00e8s<\/td><td class=\"has-text-align-center\" data-align=\"center\">6<\/td><td class=\"has-text-align-center\" data-align=\"center\">48<\/td><td class=\"has-text-align-center\" data-align=\"center\">264<\/td><td class=\"has-text-align-center\" data-align=\"center\">18%<\/td><td class=\"has-text-align-center\" data-align=\"center\">8,2<\/td><\/tr><tr><td>Catal\u00e0<\/td><td class=\"has-text-align-center\" data-align=\"center\">enquestes CIFALC<\/td><td class=\"has-text-align-center\" data-align=\"center\"><\/td><td class=\"has-text-align-center\" data-align=\"center\"><\/td><td class=\"has-text-align-center\" data-align=\"center\"><\/td><td class=\"has-text-align-center\" data-align=\"center\"><\/td><\/tr><tr><td>Franc\u00e8s<\/td><td class=\"has-text-align-center\" data-align=\"center\">1<\/td><td class=\"has-text-align-center\" data-align=\"center\">3<\/td><td class=\"has-text-align-center\" data-align=\"center\">5<\/td><td class=\"has-text-align-center\" data-align=\"center\">60%<\/td><td class=\"has-text-align-center\" data-align=\"center\">9,3<\/td><\/tr><tr><td><strong>TOTAL<\/strong><\/td><td class=\"has-text-align-center\" data-align=\"center\"><strong>8<\/strong><\/td><td class=\"has-text-align-center\" data-align=\"center\"><strong>54<\/strong><\/td><td class=\"has-text-align-center\" data-align=\"center\"><strong>278<\/strong><\/td><td class=\"has-text-align-center\" data-align=\"center\"><strong>19%<\/strong><\/td><td class=\"has-text-align-center\" data-align=\"center\"><strong>8,3<\/strong><\/td><\/tr><\/tbody><\/table><\/figure>\n\n\n\n<hr class=\"wp-block-separator has-alpha-channel-opacity\"\/>\n\n\n\n<h3 class=\"has-medium-font-size wp-block-heading\" id=\"EnqIntercanvis\">Resultats agregats enquesta dels intercanvis ling\u00fc\u00edstics <\/h3>\n\n\n\n<p><\/p>\n\n\n\n<figure class=\"wp-block-table is-style-stripes\"><table class=\"has-background\" style=\"background-color:#fbaa5a\"><thead><tr><th class=\"has-text-align-left\" data-align=\"left\">Activitat<\/th><th class=\"has-text-align-center\" data-align=\"center\">1r semestre<\/th><th class=\"has-text-align-center\" data-align=\"center\">2n semestre<\/th><\/tr><\/thead><tbody><tr><td class=\"has-text-align-left\" data-align=\"left\">Intercanvi ling\u00fc\u00edstic, percentatge de participaci\u00f3<\/td><td class=\"has-text-align-center\" data-align=\"center\">15%<\/td><td class=\"has-text-align-center\" data-align=\"center\">12%<\/td><\/tr><tr><td class=\"has-text-align-left\" data-align=\"left\">Voluntariat ling\u00fc\u00edstic en catal\u00e0, percentatge de participaci\u00f3<\/td><td class=\"has-text-align-center\" data-align=\"center\">15%<\/td><td class=\"has-text-align-center\" data-align=\"center\">no s&#8217;ofereix<\/td><\/tr><tr><td class=\"has-text-align-left\" data-align=\"left\">Nombre respostes<\/td><td class=\"has-text-align-center\" data-align=\"center\">13<\/td><td class=\"has-text-align-center\" data-align=\"center\">3<\/td><\/tr><\/tbody><\/table><\/figure>\n\n\n\n<figure class=\"wp-block-table is-style-stripes\"><table class=\"has-white-background-color has-background\"><tbody><tr><td>Valoraci\u00f3 global dels aspectes seg\u00fcents: <\/td><td class=\"has-text-align-center\" data-align=\"center\"><strong>1r semestre<br>Mitjana<\/strong>*<\/td><td class=\"has-text-align-center\" data-align=\"center\"><strong>2n semestre<br>Mitjana<\/strong>*<\/td><\/tr><tr><td>El sistema de seguiment i avaluaci\u00f3<\/td><td class=\"has-text-align-center\" data-align=\"center\">8,3<\/td><td class=\"has-text-align-center\" data-align=\"center\">8,7<\/td><\/tr><tr><td>El  programa d\u2019intercanvis<\/td><td class=\"has-text-align-center\" data-align=\"center\">8,9<\/td><td class=\"has-text-align-center\" data-align=\"center\">8,7<\/td><\/tr><tr><td>L&#8217;atenci\u00f3 que t&#8217;hem ofert des d&#8217;UdGLleng\u00fces.<\/td><td class=\"has-text-align-center\" data-align=\"center\">9,1<\/td><td class=\"has-text-align-center\" data-align=\"center\">8<\/td><\/tr><\/tbody><\/table><figcaption class=\"wp-element-caption\">*Valoraci\u00f3 mitjana de les respostes recollides. Puntuaci\u00f3 d&#8217;1 a 10 punts ( 1= molt deficient; 10 excel\u00b7lent)<\/figcaption><\/figure>\n\n\n\n<hr class=\"wp-block-separator has-alpha-channel-opacity\"\/>\n\n\n\n<h3 class=\"has-medium-font-size wp-block-heading\" id=\"EnqTallers\">Resultats enquesta dels tallers de preparaci\u00f3 ex\u00e0mens CLUC B2 angl\u00e8s <\/h3>\n\n\n\n<p>Percentatge i nombre de respostes <\/p>\n\n\n\n<figure class=\"wp-block-table is-style-stripes\"><table class=\"has-background\" style=\"background-color:#fbaa5a\"><thead><tr><th class=\"has-text-align-left\" data-align=\"left\">Convocat\u00f2ria<\/th><th>Nre. de grups<\/th><th>Nre. enquestats<\/th><th class=\"has-text-align-center\" data-align=\"center\">% participaci\u00f3 en l&#8217;enquesta<\/th><th class=\"has-text-align-center\" data-align=\"center\">Valoraci\u00f3 professorat*<\/th><th class=\"has-text-align-center\" data-align=\"center\">Valoraci\u00f3 atenci\u00f3 UdGLleng\u00fces*<\/th><th>Valoraci\u00f3 del servei ofert<\/th><\/tr><\/thead><tbody><tr><td class=\"has-text-align-left\" data-align=\"left\">desembre<\/td><td>4<\/td><td>73<\/td><td class=\"has-text-align-center\" data-align=\"center\">11%<\/td><td class=\"has-text-align-center\" data-align=\"center\">9,9<\/td><td class=\"has-text-align-center\" data-align=\"center\">9,6<\/td><td>8,9<\/td><\/tr><tr><td class=\"has-text-align-left\" data-align=\"left\">juny<\/td><td>3<\/td><td>39<\/td><td class=\"has-text-align-center\" data-align=\"center\">10%<\/td><td class=\"has-text-align-center\" data-align=\"center\">9,8<\/td><td class=\"has-text-align-center\" data-align=\"center\">9,0<\/td><td>9,3<\/td><\/tr><tr><td class=\"has-text-align-left\" data-align=\"left\">juliol<\/td><td>1<\/td><td>8<\/td><td class=\"has-text-align-center\" data-align=\"center\">38%<\/td><td class=\"has-text-align-center\" data-align=\"center\">9,7<\/td><td class=\"has-text-align-center\" data-align=\"center\">9,3<\/td><td>9,3<\/td><\/tr><\/tbody><tfoot><tr><td class=\"has-text-align-left\" data-align=\"left\"><strong>Total<\/strong><\/td><td><strong>8<\/strong><\/td><td><strong>120<\/strong><\/td><td class=\"has-text-align-center\" data-align=\"center\"><strong>13%<\/strong><\/td><td class=\"has-text-align-center\" data-align=\"center\"><strong>9,8<\/strong><\/td><td class=\"has-text-align-center\" data-align=\"center\"><strong>9,4<\/strong><\/td><td><strong>9,1<\/strong><\/td><\/tr><\/tfoot><\/table><\/figure>\n\n\n\n<p>Valoraci\u00f3 mitjana de les respostes recollides. Puntuaci\u00f3 d&#8217;1 a 10 punts ( 1= molt deficient; 10 excel\u00b7lent)<\/p>\n","protected":false},"excerpt":{"rendered":"<p>Les persones participants en activitats de formaci\u00f3 i acreditaci\u00f3 en lleng\u00fces han emplenat una enquesta en l\u00ednia de les activitats en qu\u00e8 han participat. S&#8217;administren cinc tipus d&#8217;enquestes: Totes les enquestes s\u00f3n an\u00f2nimes i atenen dos blocs de valoraci\u00f3: un bloc en qu\u00e8 s&#8217;avalua l&#8217;activitat, el professorat i el material a disposici\u00f3 del Moodle, i [&hellip;]<\/p>\n","protected":false},"author":1,"featured_media":0,"parent":20928,"menu_order":0,"comment_status":"closed","ping_status":"closed","template":"","meta":{"footnotes":""},"class_list":["post-20930","page","type-page","status-publish","hentry"],"_links":{"self":[{"href":"https:\/\/iceberg.udg.edu\/index.php?rest_route=\/wp\/v2\/pages\/20930","targetHints":{"allow":["GET"]}}],"collection":[{"href":"https:\/\/iceberg.udg.edu\/index.php?rest_route=\/wp\/v2\/pages"}],"about":[{"href":"https:\/\/iceberg.udg.edu\/index.php?rest_route=\/wp\/v2\/types\/page"}],"author":[{"embeddable":true,"href":"https:\/\/iceberg.udg.edu\/index.php?rest_route=\/wp\/v2\/users\/1"}],"replies":[{"embeddable":true,"href":"https:\/\/iceberg.udg.edu\/index.php?rest_route=%2Fwp%2Fv2%2Fcomments&post=20930"}],"version-history":[{"count":4,"href":"https:\/\/iceberg.udg.edu\/index.php?rest_route=\/wp\/v2\/pages\/20930\/revisions"}],"predecessor-version":[{"id":21337,"href":"https:\/\/iceberg.udg.edu\/index.php?rest_route=\/wp\/v2\/pages\/20930\/revisions\/21337"}],"up":[{"embeddable":true,"href":"https:\/\/iceberg.udg.edu\/index.php?rest_route=\/wp\/v2\/pages\/20928"}],"wp:attachment":[{"href":"https:\/\/iceberg.udg.edu\/index.php?rest_route=%2Fwp%2Fv2%2Fmedia&parent=20930"}],"curies":[{"name":"wp","href":"https:\/\/api.w.org\/{rel}","templated":true}]}}