{"id":20950,"date":"2025-09-09T13:07:39","date_gmt":"2025-09-09T11:07:39","guid":{"rendered":"https:\/\/icebergng.udg.edu\/?page_id=20950"},"modified":"2025-10-01T11:03:15","modified_gmt":"2025-10-01T09:03:15","slug":"i-jornada-sobre-la-inclusio-dels-ods-en-la-docencia","status":"publish","type":"page","link":"https:\/\/iceberg.udg.edu\/?page_id=20950","title":{"rendered":"I Jornada sobre la inclusi\u00f3 dels ODS en la doc\u00e8ncia"},"content":{"rendered":"\n<p><strong>Dilluns, 7&nbsp;de juliol&nbsp;de 2025&nbsp;<br>Auditori de l&#8217;Edifici Centre d\u2019Empreses \u2013 Giroempr\u00e8n<\/strong><br><strong>Parc de Recerca i Innovaci\u00f3 de la UdG<\/strong><\/p>\n\n\n\n<p><a href=\"https:\/\/www.udg.edu\/ca\/ice\/innovacio-docent\/xarxes-dinnovacio-docent\/xid-ods-en-la-docencia\" data-type=\"URL\" data-id=\"https:\/\/www.udg.edu\/ca\/ice\/innovacio-docent\/xarxes-dinnovacio-docent\/xid-ods-en-la-docencia\">La Xarxa d\u2019Innovaci\u00f3 Docent sobre els ODS en la doc\u00e8ncia<\/a> va proposar aquesta jornada amb l\u2019objectiu de reflexionar i avan\u00e7ar en la inclusi\u00f3 dels ODS en la doc\u00e8ncia d\u2019educaci\u00f3 superior. En aquesta primera edici\u00f3, es va comptar amb un panel d\u2019experts que representen les dimensions ambiental, social i econ\u00f2mica de l\u2019educaci\u00f3 per a la sostenibilitat, que van compartir les idees clau que faciliten aquest proc\u00e9s a partir tant de la seva experi\u00e8ncia docent com del seu camp de coneixement. Tamb\u00e9 van alinear el seu treball amb les pol\u00edtiques catalanes en relaci\u00f3 amb els ODS, per construir ponts entre la pr\u00e0ctica docent i les necessitats del context. Per concloure, van compartir els reptes i els elements facilitadors que s&#8217;identifiquen a partir de la seva experi\u00e8ncia a les aules.<\/p>\n\n\n\n<p>La jornada va comen\u00e7ar amb un caf\u00e8 de benvinguda per facilitar l\u2019acollida i la interacci\u00f3 informal entre els assistents. Tot seguit, es va fer la inauguraci\u00f3 institucional de l\u2019acte.<\/p>\n\n\n\n<p>El primer bloc va consistir en diverses pon\u00e8ncies centrades en els principals \u00e0mbits de la sostenibilitat i la seva integraci\u00f3 en la doc\u00e8ncia universit\u00e0ria a trav\u00e9s dels ODS. En primer lloc, Arnau Queralt i Bassa va exposar els reptes actuals de la sostenibilitat a Catalunya des d\u2019una perspectiva estrat\u00e8gica i institucional. A continuaci\u00f3, Mar Carri\u00f3 va abordar les compet\u00e8ncies clau per a la sostenibilitat, centrant-se espec\u00edficament en la dimensi\u00f3 ambiental.<\/p>\n\n\n\n<p>Posteriorment, Helena Benito i \u00c0ngels Xabadia van tractar la dimensi\u00f3 econ\u00f2mica de la sostenibilitat, aportant una visi\u00f3 vinculada al m\u00f3n empresarial i econ\u00f2mic. Finalment, Roger Campdepadr\u00f2s va parlar de la dimensi\u00f3 social, destacant-ne els aspectes relacionats amb l\u2019equitat i la responsabilitat social.<\/p>\n\n\n\n<p>A continuaci\u00f3, es va obrir un espai de debat col\u00b7lectiu centrat en tres eixos: l\u2019estat actual dels aven\u00e7os en sostenibilitat, les oportunitats i reptes que afronta el sistema educatiu, i el grau d\u2019aplicaci\u00f3 de la interdisciplinarietat.<\/p>\n\n\n\n<p>Despr\u00e9s d\u2019una pausa, es va presentar una s\u00edntesi de les experi\u00e8ncies pr\u00e0ctiques recollides en el llibre elaborat per la Xarxa d\u2019Innovaci\u00f3 Docent en ODS (XID ODS), amb exemples d\u2019integraci\u00f3 dels ODS en diferents disciplines i contextos docents.<\/p>\n\n\n\n<p>La jornada va concloure amb un espai de conversa obert per compartir preguntes, experi\u00e8ncies, dificultats i propostes de millora. <\/p>\n\n\n\n<p>Van participar en la jornada una trentena d&#8217;assistents.<\/p>\n\n\n\n<p><strong><a href=\"https:\/\/esdeveniments.udg.edu\/136243\/programme\/i-jornada-sobre-la-inclusio-dels-ods-en-la-docencia-fent-emergir-els-exits-i-els-desafiaments-fent-.html\" data-type=\"URL\" data-id=\"https:\/\/esdeveniments.udg.edu\/136243\/programme\/i-jornada-sobre-la-inclusio-dels-ods-en-la-docencia-fent-emergir-els-exits-i-els-desafiaments-fent-.html\" target=\"_blank\" rel=\"noreferrer noopener\">Programa i informaci\u00f3<\/a><\/strong><\/p>\n","protected":false},"excerpt":{"rendered":"<p>Dilluns, 7&nbsp;de juliol&nbsp;de 2025&nbsp;Auditori de l&#8217;Edifici Centre d\u2019Empreses \u2013 Giroempr\u00e8nParc de Recerca i Innovaci\u00f3 de la UdG La Xarxa d\u2019Innovaci\u00f3 Docent sobre els ODS en la doc\u00e8ncia va proposar aquesta jornada amb l\u2019objectiu de reflexionar i avan\u00e7ar en la inclusi\u00f3 dels ODS en la doc\u00e8ncia d\u2019educaci\u00f3 superior. En aquesta primera edici\u00f3, es va comptar amb [&hellip;]<\/p>\n","protected":false},"author":1,"featured_media":0,"parent":20948,"menu_order":0,"comment_status":"closed","ping_status":"closed","template":"","meta":{"footnotes":""},"class_list":["post-20950","page","type-page","status-publish","hentry"],"_links":{"self":[{"href":"https:\/\/iceberg.udg.edu\/index.php?rest_route=\/wp\/v2\/pages\/20950","targetHints":{"allow":["GET"]}}],"collection":[{"href":"https:\/\/iceberg.udg.edu\/index.php?rest_route=\/wp\/v2\/pages"}],"about":[{"href":"https:\/\/iceberg.udg.edu\/index.php?rest_route=\/wp\/v2\/types\/page"}],"author":[{"embeddable":true,"href":"https:\/\/iceberg.udg.edu\/index.php?rest_route=\/wp\/v2\/users\/1"}],"replies":[{"embeddable":true,"href":"https:\/\/iceberg.udg.edu\/index.php?rest_route=%2Fwp%2Fv2%2Fcomments&post=20950"}],"version-history":[{"count":2,"href":"https:\/\/iceberg.udg.edu\/index.php?rest_route=\/wp\/v2\/pages\/20950\/revisions"}],"predecessor-version":[{"id":21350,"href":"https:\/\/iceberg.udg.edu\/index.php?rest_route=\/wp\/v2\/pages\/20950\/revisions\/21350"}],"up":[{"embeddable":true,"href":"https:\/\/iceberg.udg.edu\/index.php?rest_route=\/wp\/v2\/pages\/20948"}],"wp:attachment":[{"href":"https:\/\/iceberg.udg.edu\/index.php?rest_route=%2Fwp%2Fv2%2Fmedia&parent=20950"}],"curies":[{"name":"wp","href":"https:\/\/api.w.org\/{rel}","templated":true}]}}