{"id":20951,"date":"2025-09-09T13:08:13","date_gmt":"2025-09-09T11:08:13","guid":{"rendered":"https:\/\/icebergng.udg.edu\/?page_id=20951"},"modified":"2026-01-26T16:11:09","modified_gmt":"2026-01-26T15:11:09","slug":"xiii-congres-cidui-2025-docents-davui-per-a-la-universitat-del-dema","status":"publish","type":"page","link":"https:\/\/iceberg.udg.edu\/?page_id=20951","title":{"rendered":"XIII Congr\u00e9s CIDUI 2025. Docents d\u2019avui per a la universitat del dem\u00e0"},"content":{"rendered":"\n<div class=\"wp-block-columns is-layout-flex wp-container-core-columns-is-layout-9d6595d7 wp-block-columns-is-layout-flex\">\n<div class=\"wp-block-column is-layout-flow wp-block-column-is-layout-flow\">\n<p><strong>9, 10 i 11 de juliol 2025<\/strong><\/p>\n\n\n\n<p>Aquesta edici\u00f3 ha comptat amb la participaci\u00f3 de m\u00e9s de 600 persones, principalment docents i experts en educaci\u00f3 superior de Catalunya, i tamb\u00e9 de la resta de l\u2019Estat i d\u2019Andorra, aix\u00ed com d\u2019Am\u00e8rica Llatina, especialment d\u2019Argentina, Brasil, Col\u00f2mbia, Xile, Costa Rica, M\u00e8xic i Per\u00fa. S\u2019han presentat m\u00e9s de 250 comunicacions orals, 90 p\u00f2sters i s\u2019han dut a terme 8 tallers pr\u00e0ctics. A m\u00e9s, el congr\u00e9s ha estat espai de trobada de diverses xarxes interuniversit\u00e0ries: la Xarxa interuniversit\u00e0ria d\u2019ApS, la Xarxa interuniversit\u00e0ria de Classe Inversa i la REDU (Red Estatal de Docencia Universitaria).<\/p>\n\n\n\n<p>La pres\u00e8ncia de la Universitat de Girona ha estat destacada, amb la participaci\u00f3 de m\u00e9s de 30 de professors que hi han presentat les seves experi\u00e8ncies i projectes d\u2019innovaci\u00f3 docent, tant en l\u2019espai de comunicacions orals com de p\u00f2sters i liderant tamb\u00e9 un dels tallers organitzats, concretament el taller sobre la implementaci\u00f3 de projectes COIL, que ha estat a c\u00e0rrec de la Xarxa d\u2019Innovaci\u00f3 Docent sobre Intercanvi Virtual i COIL.<\/p>\n\n\n\n<p><a rel=\"noreferrer noopener\" href=\"https:\/\/www.cidui.org\/xiii-congres-cidui.-2025\/\" data-type=\"URL\" data-id=\"https:\/\/www.cidui.org\/xiii-congres-cidui.-2025\/\" target=\"_blank\">P\u00e0gina web del XIII Congr\u00e9s CIDUI 2025<\/a><br><\/p>\n<\/div>\n\n\n\n<div class=\"wp-block-column is-layout-flow wp-block-column-is-layout-flow\"><div  class=\"wp-block-ultimate-post-image ultp-block-dee131\"><div class=\"ultp-block-wrapper\"><figure class=\"ultp-image-block-wrapper\"><div class=\"ultp-image-block ultp-image-block-none\"><img decoding=\"async\"  class=\"ultp-image\"  alt=\"Image Not Found\"  src=\"https:\/\/iceberg.udg.edu\/wp-content\/uploads\/2021\/04\/logo.png\" \/><\/div><\/figure><\/div><\/div><\/div>\n<\/div>\n\n\n\n<h2 class=\"wp-block-heading\">Programa<\/h2>\n\n\n\n<p>El programa del XII Congr\u00e9s CIDUI 2025 va incloure la confer\u00e8ncia inaugural <strong>\u201cL\u2019educaci\u00f3 superior i les universitats en un moment de disjuntiva: El professorat com a agent de transformaci\u00f3\u201d<\/strong>, que va ser a c\u00e0rrec de Juan Freire.<\/p>\n\n\n\n<p><a href=\"https:\/\/www.cidui.org\/xiii-congres-cidui-2025\/programa\/\" data-type=\"URL\" data-id=\"https:\/\/www.cidui.org\/xiii-congres-cidui-2025\/programa\/\" target=\"_blank\" rel=\"noreferrer noopener\">Programa complet del XIII Congr\u00e9s CIDUI 2025<\/a><\/p>\n\n\n\n<p><a rel=\"noreferrer noopener\" href=\"https:\/\/www.cidui.org\/xiii-congres-cidui-2025\/sessions-plenaries-i-ponents\/\" data-type=\"URL\" data-id=\"https:\/\/www.cidui.org\/xiii-congres-cidui-2025\/sessions-plenaries-i-ponents\/\" target=\"_blank\">Sessions plen\u00e0ries i ponents que van participar<\/a><\/p>\n\n\n<div class=\"wp-block-image\">\n<figure class=\"aligncenter size-full is-resized\"><img loading=\"lazy\" decoding=\"async\" width=\"768\" height=\"1024\" src=\"https:\/\/iceberg.udg.edu\/wp-content\/uploads\/2025\/07\/PHOTO-2025-07-09-14-33-25-768x1024-1.jpg\" alt=\"\" class=\"wp-image-20541\" style=\"width:393px;height:523px\" srcset=\"https:\/\/iceberg.udg.edu\/wp-content\/uploads\/2025\/07\/PHOTO-2025-07-09-14-33-25-768x1024-1.jpg 768w, https:\/\/iceberg.udg.edu\/wp-content\/uploads\/2025\/07\/PHOTO-2025-07-09-14-33-25-768x1024-1-225x300.jpg 225w\" sizes=\"auto, (max-width: 768px) 100vw, 768px\" \/><figcaption class=\"wp-element-caption\">Participants de la UdG en el Congr\u00e9s<\/figcaption><\/figure>\n<\/div>\n\n\n<p><\/p>\n\n\n\n<p><\/p>\n\n\n\n<p><\/p>\n\n\n\n<div class=\"wp-block-columns is-layout-flex wp-container-core-columns-is-layout-9d6595d7 wp-block-columns-is-layout-flex\">\n<div class=\"wp-block-column is-layout-flow wp-block-column-is-layout-flow\">\n<figure class=\"wp-block-image size-full\"><img loading=\"lazy\" decoding=\"async\" width=\"500\" height=\"281\" src=\"https:\/\/iceberg.udg.edu\/wp-content\/uploads\/2025\/07\/PHOTO-2025-07-09-22-10-49-2-2-768x432-1-3.jpg\" alt=\"\" class=\"wp-image-20623\" srcset=\"https:\/\/iceberg.udg.edu\/wp-content\/uploads\/2025\/07\/PHOTO-2025-07-09-22-10-49-2-2-768x432-1-3.jpg 500w, https:\/\/iceberg.udg.edu\/wp-content\/uploads\/2025\/07\/PHOTO-2025-07-09-22-10-49-2-2-768x432-1-3-300x169.jpg 300w\" sizes=\"auto, (max-width: 500px) 100vw, 500px\" \/><figcaption class=\"wp-element-caption\">Representants dels ICE i unitats de formaci\u00f3 de les universitats p\u00fabliques catalanes i de l\u2019ACUP amb el rector de la UB<\/figcaption><\/figure>\n<\/div>\n\n\n\n<div class=\"wp-block-column is-layout-flow wp-block-column-is-layout-flow\"><div class=\"wp-block-image\">\n<figure class=\"aligncenter size-full is-resized\"><img loading=\"lazy\" decoding=\"async\" width=\"500\" height=\"375\" src=\"https:\/\/iceberg.udg.edu\/wp-content\/uploads\/2025\/07\/Lliurament-placa-25-anys-CIDUI_-ICE-UdG-768x576-1-2.jpg\" alt=\"\" class=\"wp-image-20624\" style=\"width:413px;height:310px\" srcset=\"https:\/\/iceberg.udg.edu\/wp-content\/uploads\/2025\/07\/Lliurament-placa-25-anys-CIDUI_-ICE-UdG-768x576-1-2.jpg 500w, https:\/\/iceberg.udg.edu\/wp-content\/uploads\/2025\/07\/Lliurament-placa-25-anys-CIDUI_-ICE-UdG-768x576-1-2-300x225.jpg 300w\" sizes=\"auto, (max-width: 500px) 100vw, 500px\" \/><figcaption class=\"wp-element-caption\">Lliurament de la placa commemorativa a l\u2019ICE de la UdG<\/figcaption><\/figure>\n<\/div><\/div>\n<\/div>\n\n\n\n<p><\/p>\n\n\n\n<h2 class=\"wp-block-heading\">Organitzadors<\/h2>\n\n\n\n<figure class=\"wp-block-image size-large\"><img loading=\"lazy\" decoding=\"async\" width=\"1024\" height=\"586\" src=\"https:\/\/iceberg.udg.edu\/wp-content\/uploads\/2025\/07\/universitatas_CIDIU2025-1-1024x586.png\" alt=\"\" class=\"wp-image-20539\" srcset=\"https:\/\/iceberg.udg.edu\/wp-content\/uploads\/2025\/07\/universitatas_CIDIU2025-1-1024x586.png 1024w, https:\/\/iceberg.udg.edu\/wp-content\/uploads\/2025\/07\/universitatas_CIDIU2025-1-300x172.png 300w, https:\/\/iceberg.udg.edu\/wp-content\/uploads\/2025\/07\/universitatas_CIDIU2025-1-768x440.png 768w, https:\/\/iceberg.udg.edu\/wp-content\/uploads\/2025\/07\/universitatas_CIDIU2025-1-1536x879.png 1536w, https:\/\/iceberg.udg.edu\/wp-content\/uploads\/2025\/07\/universitatas_CIDIU2025-1-1320x755.png 1320w, https:\/\/iceberg.udg.edu\/wp-content\/uploads\/2025\/07\/universitatas_CIDIU2025-1.png 1632w\" sizes=\"auto, (max-width: 1024px) 100vw, 1024px\" \/><\/figure>\n","protected":false},"excerpt":{"rendered":"<p>9, 10 i 11 de juliol 2025 Aquesta edici\u00f3 ha comptat amb la participaci\u00f3 de m\u00e9s de 600 persones, principalment docents i experts en educaci\u00f3 superior de Catalunya, i tamb\u00e9 de la resta de l\u2019Estat i d\u2019Andorra, aix\u00ed com d\u2019Am\u00e8rica Llatina, especialment d\u2019Argentina, Brasil, Col\u00f2mbia, Xile, Costa Rica, M\u00e8xic i Per\u00fa. S\u2019han presentat m\u00e9s de [&hellip;]<\/p>\n","protected":false},"author":1,"featured_media":0,"parent":20948,"menu_order":0,"comment_status":"closed","ping_status":"closed","template":"","meta":{"footnotes":""},"class_list":["post-20951","page","type-page","status-publish","hentry"],"_links":{"self":[{"href":"https:\/\/iceberg.udg.edu\/index.php?rest_route=\/wp\/v2\/pages\/20951","targetHints":{"allow":["GET"]}}],"collection":[{"href":"https:\/\/iceberg.udg.edu\/index.php?rest_route=\/wp\/v2\/pages"}],"about":[{"href":"https:\/\/iceberg.udg.edu\/index.php?rest_route=\/wp\/v2\/types\/page"}],"author":[{"embeddable":true,"href":"https:\/\/iceberg.udg.edu\/index.php?rest_route=\/wp\/v2\/users\/1"}],"replies":[{"embeddable":true,"href":"https:\/\/iceberg.udg.edu\/index.php?rest_route=%2Fwp%2Fv2%2Fcomments&post=20951"}],"version-history":[{"count":3,"href":"https:\/\/iceberg.udg.edu\/index.php?rest_route=\/wp\/v2\/pages\/20951\/revisions"}],"predecessor-version":[{"id":21843,"href":"https:\/\/iceberg.udg.edu\/index.php?rest_route=\/wp\/v2\/pages\/20951\/revisions\/21843"}],"up":[{"embeddable":true,"href":"https:\/\/iceberg.udg.edu\/index.php?rest_route=\/wp\/v2\/pages\/20948"}],"wp:attachment":[{"href":"https:\/\/iceberg.udg.edu\/index.php?rest_route=%2Fwp%2Fv2%2Fmedia&parent=20951"}],"curies":[{"name":"wp","href":"https:\/\/api.w.org\/{rel}","templated":true}]}}