{"id":20952,"date":"2025-09-09T13:08:34","date_gmt":"2025-09-09T11:08:34","guid":{"rendered":"https:\/\/icebergng.udg.edu\/?page_id=20952"},"modified":"2025-10-01T10:58:46","modified_gmt":"2025-10-01T08:58:46","slug":"ii-jornada-denglish-medium-education","status":"publish","type":"page","link":"https:\/\/iceberg.udg.edu\/?page_id=20952","title":{"rendered":"II Jornada d\u2019English as a Medium of Education"},"content":{"rendered":"\n<p><strong>Dijous, 5&nbsp;de juny&nbsp;de 2025<br>Auditori de l&#8217;Edifici Jaume Casademont&nbsp;<br>Parc de Recerca i Innovaci\u00f3 de la UdG<\/strong><\/p>\n\n\n\n<p><a href=\"https:\/\/www.udg.edu\/ca\/ice\/innovacio-docent\/xarxes-dinnovacio-docent\/xid-english-as-a-medium-of-education\" data-type=\"URL\" data-id=\"https:\/\/www.udg.edu\/ca\/ice\/innovacio-docent\/xarxes-dinnovacio-docent\/xid-english-as-a-medium-of-education\">La Xarxa d\u2019Innovaci\u00f3 Docent English as a Medium of Education (EME)<\/a> va proposar aquesta jornada amb l\u2019objectiu d\u2019estimular la reflexi\u00f3 i la discussi\u00f3 sobre l&#8217;\u00fas de l\u2019angl\u00e8s a les classes universit\u00e0ries.<br> <br>Aquesta edici\u00f3 es va centrar en q\u00fcestions relacionades a l&#8217;avaluaci\u00f3 que poden generar debat quan fem classes en angl\u00e8s. A aquesta Jornada van assistir 29 participants i va comptar amb la pon\u00e8ncia d&#8217;una experta en el tema, la Dra. Olivia Mair, a m\u00e9s van gaudir d&#8217;un taller interactiu per compartir inquietuds i desenvolupar les diferents estrat\u00e8gies docents.<\/p>\n\n\n\n<p>La jornada va comen\u00e7ar la recepci\u00f3 dels participants, seguida de la inauguraci\u00f3 institucional. A continuaci\u00f3, es va oferir la sessi\u00f3 plen\u00e0ria d\u2019obertura, a c\u00e0rrec de la Dra. Olivia Mair (Universit\u00e0 Cattolica del Sacro Cuore, Mil\u00e0), experta en educaci\u00f3 en angl\u00e8s com a llengua vehicular (EME). La pon\u00e8ncia es va centrar en els principals reptes que planteja l\u2019avaluaci\u00f3 en entorns EME, especialment en un context d\u2019internacionalitzaci\u00f3, digitalitzaci\u00f3 i diversitat ling\u00fc\u00edstica i cultural. S\u2019hi van aborder les dificultats que afronten institucions, docents i estudiants, aix\u00ed com estrat\u00e8gies i recursos per millorar els processos d\u2019avaluaci\u00f3 i el desenvolupament professional docent.<\/p>\n\n\n\n<p>Despr\u00e9s de la pausa-caf\u00e8, es van dur a terme diversos tallers pr\u00e0ctics dinamitzats per Dankmute Pohl, Marc Yeste, Norbert Blanco i M\u00f2nica Punt\u00ed, amb l\u2019objectiu d\u2019explorar eines i metodologies relacionades amb l\u2019avaluaci\u00f3 en contextos d&#8217;EME.<\/p>\n\n\n\n<p>Tot seguit, es va desenvolupar una taula rodona en qu\u00e8 es van presentar experi\u00e8ncies de la Universitat de Girona:<\/p>\n\n\n\n<ul class=\"wp-block-list\">\n<li><strong>Projectes COIL<\/strong>: Jordi Serra va exposar com es tracta l\u2019avaluaci\u00f3 de l\u2019angl\u00e8s en projectes internacionals virtuals interdisciplinaris.<\/li>\n\n\n\n<li><strong>AVATREQ<\/strong>: Afra Masi\u00e0-Plana va presentar aquesta eina digital per a l\u2019avaluaci\u00f3 del treball en equip, desenvolupada a la UdG, i el seu potencial dins l\u2019EME.<\/li>\n\n\n\n<li><strong>Percepcions sobre l\u2019EME<\/strong>: Gl\u00f2ria Mateu, Pere Pons i Ingrid Vil\u00e0-Gim\u00e9nez van compartir resultats d\u2019enquestes a estudiants i professorat sobre l\u2019impacte de l\u2019EME en els processos i resultats d\u2019avaluaci\u00f3.<\/li>\n<\/ul>\n\n\n\n<p>La sessi\u00f3 va ser moderada per Julie Waddington, coordinadora de la XID EME. La jornada va finalitzar amb una breu cloenda institucional.<\/p>\n\n\n\n<p style=\"font-size:16px\"><strong><a rel=\"noreferrer noopener\" href=\"https:\/\/esdeveniments.udg.edu\/131453\/programme\/ii-jornada-drenglish-medium-education.html\" data-type=\"URL\" data-id=\"https:\/\/esdeveniments.udg.edu\/131453\/programme\/ii-jornada-drenglish-medium-education.html\" target=\"_blank\">Programa i informaci\u00f3<\/a><\/strong><\/p>\n\n\n\n<p>Hi van participar una trentena de persones.<\/p>\n","protected":false},"excerpt":{"rendered":"<p>Dijous, 5&nbsp;de juny&nbsp;de 2025Auditori de l&#8217;Edifici Jaume Casademont&nbsp;Parc de Recerca i Innovaci\u00f3 de la UdG La Xarxa d\u2019Innovaci\u00f3 Docent English as a Medium of Education (EME) va proposar aquesta jornada amb l\u2019objectiu d\u2019estimular la reflexi\u00f3 i la discussi\u00f3 sobre l&#8217;\u00fas de l\u2019angl\u00e8s a les classes universit\u00e0ries. Aquesta edici\u00f3 es va centrar en q\u00fcestions relacionades a [&hellip;]<\/p>\n","protected":false},"author":1,"featured_media":0,"parent":20948,"menu_order":0,"comment_status":"closed","ping_status":"closed","template":"","meta":{"footnotes":""},"class_list":["post-20952","page","type-page","status-publish","hentry"],"_links":{"self":[{"href":"https:\/\/iceberg.udg.edu\/index.php?rest_route=\/wp\/v2\/pages\/20952","targetHints":{"allow":["GET"]}}],"collection":[{"href":"https:\/\/iceberg.udg.edu\/index.php?rest_route=\/wp\/v2\/pages"}],"about":[{"href":"https:\/\/iceberg.udg.edu\/index.php?rest_route=\/wp\/v2\/types\/page"}],"author":[{"embeddable":true,"href":"https:\/\/iceberg.udg.edu\/index.php?rest_route=\/wp\/v2\/users\/1"}],"replies":[{"embeddable":true,"href":"https:\/\/iceberg.udg.edu\/index.php?rest_route=%2Fwp%2Fv2%2Fcomments&post=20952"}],"version-history":[{"count":2,"href":"https:\/\/iceberg.udg.edu\/index.php?rest_route=\/wp\/v2\/pages\/20952\/revisions"}],"predecessor-version":[{"id":21346,"href":"https:\/\/iceberg.udg.edu\/index.php?rest_route=\/wp\/v2\/pages\/20952\/revisions\/21346"}],"up":[{"embeddable":true,"href":"https:\/\/iceberg.udg.edu\/index.php?rest_route=\/wp\/v2\/pages\/20948"}],"wp:attachment":[{"href":"https:\/\/iceberg.udg.edu\/index.php?rest_route=%2Fwp%2Fv2%2Fmedia&parent=20952"}],"curies":[{"name":"wp","href":"https:\/\/api.w.org\/{rel}","templated":true}]}}