{"id":20963,"date":"2025-09-09T13:13:27","date_gmt":"2025-09-09T11:13:27","guid":{"rendered":"https:\/\/icebergng.udg.edu\/?page_id=20963"},"modified":"2025-09-09T13:13:28","modified_gmt":"2025-09-09T11:13:28","slug":"ajuts-per-a-cursos-de-terceres-llengues","status":"publish","type":"page","link":"https:\/\/iceberg.udg.edu\/?page_id=20963","title":{"rendered":"Ajuts per a cursos de terceres lleng\u00fces"},"content":{"rendered":"\n<p style=\"font-size:16px\">El 25 de mar\u00e7 del 2022 la Junta del Consell Interuniversitari de Catalunya va aprovar el Pla per a la millora de les compet\u00e8ncies en terceres lleng\u00fces en el sistema universitari de Catalunya. Una de les l\u00ednies estrat\u00e8giques del Pla \u00e9s garantir l\u2019equitat i la igualtat d\u2019oportunitats, modificant i ampliant el model d\u2019ajuts per a la formaci\u00f3 i l\u2019acreditaci\u00f3 ling\u00fc\u00edstiques de l\u2019estudiantat universitari per garantir-ne l\u2019acc\u00e9s als alumnes m\u00e9s vulnerables.<br><\/p>\n\n\n\n<p style=\"font-size:16px\">Aquesta l\u00ednia estrat\u00e8gica s\u2019ha mantingut durant el curs 2024-2025, i s\u2019ha tradu\u00eft en les convocat\u00f2ries d\u2019ajuts Parla3 seg\u00fcents:<\/p>\n\n\n\n<p><strong>Convocat\u00f2ries per a estudiants becaris<\/strong><\/p>\n\n\n\n<ul class=\"wp-block-list\">\n<li>1r termini: del 5 de setembre al 25 d\u2019octubre de 2024<\/li>\n\n\n\n<li>2n termini: del 3 de febrer al 14 de mar\u00e7 de 2025<\/li>\n\n\n\n<li>3r termini: del 2 al 27 de juny de 2025<\/li>\n\n\n\n<li>Import m\u00e0xim: 480 \u20ac<\/li>\n\n\n\n<li>Nre. d&#8217;estudiants becats (dades provisionals):\n<ul class=\"wp-block-list\">\n<li>1r termini: 23<\/li>\n\n\n\n<li>2n termini: 7<\/li>\n\n\n\n<li>3r termini:  3<\/li>\n<\/ul>\n<\/li>\n<\/ul>\n\n\n\n<p><strong>Convocat\u00f2ries per a estudiants no becaris. Modalitats A i B<\/strong><\/p>\n\n\n\n<ul class=\"wp-block-list\">\n<li>Termini: del 13 de maig al 30 de setembre de 2025<\/li>\n\n\n\n<li>Import m\u00e0xim: 75 \u20ac (modalitat A), 350 \u20ac (modalitat B)<\/li>\n<\/ul>\n\n\n\n<p>Tenint en compte que l\u2019import dels ajuts Parla3 cobreix tot l\u2019import dels cursos de l\u2019ICE-SAID, enguany no s\u2019han aprovat ajuts propis per als estudiants de la UdG, tal com inicialment preveia el Pla de lleng\u00fces.<\/p>\n","protected":false},"excerpt":{"rendered":"<p>El 25 de mar\u00e7 del 2022 la Junta del Consell Interuniversitari de Catalunya va aprovar el Pla per a la millora de les compet\u00e8ncies en terceres lleng\u00fces en el sistema universitari de Catalunya. Una de les l\u00ednies estrat\u00e8giques del Pla \u00e9s garantir l\u2019equitat i la igualtat d\u2019oportunitats, modificant i ampliant el model d\u2019ajuts per a [&hellip;]<\/p>\n","protected":false},"author":1,"featured_media":0,"parent":20962,"menu_order":0,"comment_status":"closed","ping_status":"closed","template":"","meta":{"footnotes":""},"class_list":["post-20963","page","type-page","status-publish","hentry"],"_links":{"self":[{"href":"https:\/\/iceberg.udg.edu\/index.php?rest_route=\/wp\/v2\/pages\/20963","targetHints":{"allow":["GET"]}}],"collection":[{"href":"https:\/\/iceberg.udg.edu\/index.php?rest_route=\/wp\/v2\/pages"}],"about":[{"href":"https:\/\/iceberg.udg.edu\/index.php?rest_route=\/wp\/v2\/types\/page"}],"author":[{"embeddable":true,"href":"https:\/\/iceberg.udg.edu\/index.php?rest_route=\/wp\/v2\/users\/1"}],"replies":[{"embeddable":true,"href":"https:\/\/iceberg.udg.edu\/index.php?rest_route=%2Fwp%2Fv2%2Fcomments&post=20963"}],"version-history":[{"count":1,"href":"https:\/\/iceberg.udg.edu\/index.php?rest_route=\/wp\/v2\/pages\/20963\/revisions"}],"predecessor-version":[{"id":20969,"href":"https:\/\/iceberg.udg.edu\/index.php?rest_route=\/wp\/v2\/pages\/20963\/revisions\/20969"}],"up":[{"embeddable":true,"href":"https:\/\/iceberg.udg.edu\/index.php?rest_route=\/wp\/v2\/pages\/20962"}],"wp:attachment":[{"href":"https:\/\/iceberg.udg.edu\/index.php?rest_route=%2Fwp%2Fv2%2Fmedia&parent=20963"}],"curies":[{"name":"wp","href":"https:\/\/api.w.org\/{rel}","templated":true}]}}