{"id":20964,"date":"2025-09-09T13:13:10","date_gmt":"2025-09-09T11:13:10","guid":{"rendered":"https:\/\/icebergng.udg.edu\/?page_id=20964"},"modified":"2025-09-09T13:13:10","modified_gmt":"2025-09-09T11:13:10","slug":"ajuts-per-a-la-correccio-de-materials-docents-i-de-recerca","status":"publish","type":"page","link":"https:\/\/iceberg.udg.edu\/?page_id=20964","title":{"rendered":"Ajuts per a la correcci\u00f3 de materials docents i de recerca"},"content":{"rendered":"\n<p style=\"font-size:16px\">La convocat\u00f2ria pret\u00e9n atorgar ajuts per a la correcci\u00f3 en catal\u00e0 i angl\u00e8s de material docent, com ara <strong>apunts<\/strong>, <strong>pr\u00e0ctiques<\/strong>, <strong>exercicis<\/strong>, <strong>ex\u00e0mens<\/strong> o <strong>programes d&#8217;assignatures<\/strong>, dels estudis de grau o de m\u00e0ster i doctorat en centres docents de la UdG. Tamb\u00e9 pret\u00e9n atorgar ajuts a la correcci\u00f3 en catal\u00e0 i angl\u00e8s de material de recerca elaborat pel professorat de la UdG, com ara <strong>articles de recerca<\/strong> i <strong>tesis<\/strong>.<br><br>Pot participar en aquesta convocat\u00f2ria tot el personal docent de la UdG, a iniciativa pr\u00f2pia i individual. Aix\u00ed mateix, poden participar-hi els departaments i els centres que ho considerin una iniciativa d&#8217;inter\u00e8s institucional.<\/p>\n\n\n\n<p style=\"font-size:16px\">Els ajuts consisteixen la correcci\u00f3 en catal\u00e0 o angl\u00e8s i l\u2019assessorament terminol\u00f2gic i els corresponen les dotacions seg\u00fcents:<\/p>\n\n\n\n<ul class=\"wp-block-list\" style=\"font-size:16px\">\n<li>Correcci\u00f3 de tesis doctorals en catal\u00e0 i dels resums corresponents en angl\u00e8s: gratu\u00eftat fins a un m\u00e0xim de 500 \u20ac<\/li>\n\n\n\n<li>Correcci\u00f3 de resums en catal\u00e0 de tesis presentades en altres lleng\u00fces:&nbsp; gratu\u00eftat del 100%<\/li>\n\n\n\n<li>Correcci\u00f3 de materials docents en catal\u00e0: gratu\u00eftat fins a un m\u00e0xim de 500 \u20ac<\/li>\n\n\n\n<li>Correcci\u00f3 de materials docents en angl\u00e8s : gratu\u00eftat fins a un m\u00e0xim de 300 \u20ac<\/li>\n\n\n\n<li>Correcci\u00f3 de documents de recerca en angl\u00e8s o catal\u00e0: gratu\u00eftat fins a un m\u00e0xim de 300 \u20ac<\/li>\n<\/ul>\n\n\n\n<p><strong>Relaci\u00f3 d\u2019ajuts concedits el 2024 per a la correcci\u00f3 de materials docents i de recerca<\/strong><\/p>\n\n\n\n<p style=\"font-size:16px\"><strong>Catal\u00e0<\/strong><\/p>\n\n\n\n<figure class=\"wp-block-image size-full\"><img loading=\"lazy\" decoding=\"async\" width=\"823\" height=\"288\" src=\"https:\/\/iceberg.udg.edu\/wp-content\/uploads\/2025\/07\/AjutsCorreccio_Catala-1.jpg\" alt=\"\" class=\"wp-image-20685\" srcset=\"https:\/\/iceberg.udg.edu\/wp-content\/uploads\/2025\/07\/AjutsCorreccio_Catala-1.jpg 823w, https:\/\/iceberg.udg.edu\/wp-content\/uploads\/2025\/07\/AjutsCorreccio_Catala-1-300x105.jpg 300w, https:\/\/iceberg.udg.edu\/wp-content\/uploads\/2025\/07\/AjutsCorreccio_Catala-1-768x269.jpg 768w, https:\/\/iceberg.udg.edu\/wp-content\/uploads\/2025\/07\/AjutsCorreccio_Catala-1-820x288.jpg 820w\" sizes=\"auto, (max-width: 823px) 100vw, 823px\" \/><\/figure>\n\n\n\n<p style=\"font-size:16px\"><strong>Angl\u00e8s<\/strong><\/p>\n\n\n\n<figure class=\"wp-block-image size-full\"><img loading=\"lazy\" decoding=\"async\" width=\"823\" height=\"479\" src=\"https:\/\/iceberg.udg.edu\/wp-content\/uploads\/2025\/07\/AjutsCorreccio_Angles-2.jpg\" alt=\"\" class=\"wp-image-20684\" srcset=\"https:\/\/iceberg.udg.edu\/wp-content\/uploads\/2025\/07\/AjutsCorreccio_Angles-2.jpg 823w, https:\/\/iceberg.udg.edu\/wp-content\/uploads\/2025\/07\/AjutsCorreccio_Angles-2-300x175.jpg 300w, https:\/\/iceberg.udg.edu\/wp-content\/uploads\/2025\/07\/AjutsCorreccio_Angles-2-768x447.jpg 768w\" sizes=\"auto, (max-width: 823px) 100vw, 823px\" \/><\/figure>\n","protected":false},"excerpt":{"rendered":"<p>La convocat\u00f2ria pret\u00e9n atorgar ajuts per a la correcci\u00f3 en catal\u00e0 i angl\u00e8s de material docent, com ara apunts, pr\u00e0ctiques, exercicis, ex\u00e0mens o programes d&#8217;assignatures, dels estudis de grau o de m\u00e0ster i doctorat en centres docents de la UdG. Tamb\u00e9 pret\u00e9n atorgar ajuts a la correcci\u00f3 en catal\u00e0 i angl\u00e8s de material de recerca [&hellip;]<\/p>\n","protected":false},"author":1,"featured_media":0,"parent":20962,"menu_order":0,"comment_status":"closed","ping_status":"closed","template":"","meta":{"footnotes":""},"class_list":["post-20964","page","type-page","status-publish","hentry"],"_links":{"self":[{"href":"https:\/\/iceberg.udg.edu\/index.php?rest_route=\/wp\/v2\/pages\/20964","targetHints":{"allow":["GET"]}}],"collection":[{"href":"https:\/\/iceberg.udg.edu\/index.php?rest_route=\/wp\/v2\/pages"}],"about":[{"href":"https:\/\/iceberg.udg.edu\/index.php?rest_route=\/wp\/v2\/types\/page"}],"author":[{"embeddable":true,"href":"https:\/\/iceberg.udg.edu\/index.php?rest_route=\/wp\/v2\/users\/1"}],"replies":[{"embeddable":true,"href":"https:\/\/iceberg.udg.edu\/index.php?rest_route=%2Fwp%2Fv2%2Fcomments&post=20964"}],"version-history":[{"count":1,"href":"https:\/\/iceberg.udg.edu\/index.php?rest_route=\/wp\/v2\/pages\/20964\/revisions"}],"predecessor-version":[{"id":20968,"href":"https:\/\/iceberg.udg.edu\/index.php?rest_route=\/wp\/v2\/pages\/20964\/revisions\/20968"}],"up":[{"embeddable":true,"href":"https:\/\/iceberg.udg.edu\/index.php?rest_route=\/wp\/v2\/pages\/20962"}],"wp:attachment":[{"href":"https:\/\/iceberg.udg.edu\/index.php?rest_route=%2Fwp%2Fv2%2Fmedia&parent=20964"}],"curies":[{"name":"wp","href":"https:\/\/api.w.org\/{rel}","templated":true}]}}