{"id":20972,"date":"2025-09-09T13:18:26","date_gmt":"2025-09-09T11:18:26","guid":{"rendered":"https:\/\/icebergng.udg.edu\/?page_id=20972"},"modified":"2026-01-26T16:13:39","modified_gmt":"2026-01-26T15:13:39","slug":"publicacions-i-recursos-linguistics","status":"publish","type":"page","link":"https:\/\/iceberg.udg.edu\/?page_id=20972","title":{"rendered":"Publicacions i recursos ling\u00fc\u00edstics"},"content":{"rendered":"\n<h3 class=\"wp-block-heading\">Noves guies de redacci\u00f3 per disciplines<\/h3>\n\n\n\n<p>L\u2019any 2015, l\u2019ICE-SAID i el Servei de Lleng\u00fces de la UAB van encetar una l\u00ednia de treball que ha dut a l\u2019elaboraci\u00f3 d\u2019una col\u00b7lecci\u00f3 de guies d\u2019escriptura en les diferents disciplines acad\u00e8miques, en catal\u00e0 i en angl\u00e8s (i, en algun cas, en franc\u00e8s i en alemany), que es va ampliant any rere any.<\/p>\n\n\n\n<p>Durant el curs 2024-2025 s\u2019han publicat les guies seg\u00fcents:<\/p>\n\n\n\n<figure class=\"wp-block-image size-full is-resized\"><img loading=\"lazy\" decoding=\"async\" width=\"450\" height=\"525\" src=\"https:\/\/iceberg.udg.edu\/wp-content\/uploads\/2025\/09\/002-3.jpg\" alt=\"\" class=\"wp-image-20773\" style=\"aspect-ratio:21.908854166666668;width:438px;height:auto\" srcset=\"https:\/\/iceberg.udg.edu\/wp-content\/uploads\/2025\/09\/002-3.jpg 450w, https:\/\/iceberg.udg.edu\/wp-content\/uploads\/2025\/09\/002-3-257x300.jpg 257w\" sizes=\"auto, (max-width: 450px) 100vw, 450px\" \/><figcaption class=\"wp-element-caption\">                 <a rel=\"noreferrer noopener\" href=\"https:\/\/dugi-doc.udg.edu\/handle\/10256\/26014\" target=\"_blank\">Escriure Antropologia<\/a><\/figcaption><\/figure>\n\n\n<div class=\"wp-block-image\">\n<figure class=\"alignleft size-full is-resized\"><img loading=\"lazy\" decoding=\"async\" width=\"505\" height=\"604\" src=\"https:\/\/iceberg.udg.edu\/wp-content\/uploads\/2025\/09\/001-1.png\" alt=\"\" class=\"wp-image-20776\" style=\"width:316px;height:375px\" srcset=\"https:\/\/iceberg.udg.edu\/wp-content\/uploads\/2025\/09\/001-1.png 505w, https:\/\/iceberg.udg.edu\/wp-content\/uploads\/2025\/09\/001-1-251x300.png 251w\" sizes=\"auto, (max-width: 505px) 100vw, 505px\" \/><figcaption class=\"wp-element-caption\">                           <a rel=\"noreferrer noopener\" href=\"https:\/\/dugi-doc.udg.edu\/handle\/10256\/26015\" target=\"_blank\">Writing Anthropology<\/a><\/figcaption><\/figure>\n<\/div>\n\n\n<div class=\"wp-block-group\"><div class=\"wp-block-group__inner-container is-layout-constrained wp-block-group-is-layout-constrained\">\n<div class=\"wp-block-group\"><div class=\"wp-block-group__inner-container is-layout-constrained wp-block-group-is-layout-constrained\"><\/div><\/div>\n<\/div><\/div>\n","protected":false},"excerpt":{"rendered":"<p>Noves guies de redacci\u00f3 per disciplines L\u2019any 2015, l\u2019ICE-SAID i el Servei de Lleng\u00fces de la UAB van encetar una l\u00ednia de treball que ha dut a l\u2019elaboraci\u00f3 d\u2019una col\u00b7lecci\u00f3 de guies d\u2019escriptura en les diferents disciplines acad\u00e8miques, en catal\u00e0 i en angl\u00e8s (i, en algun cas, en franc\u00e8s i en alemany), que es va [&hellip;]<\/p>\n","protected":false},"author":1,"featured_media":17539,"parent":20902,"menu_order":0,"comment_status":"closed","ping_status":"closed","template":"","meta":{"footnotes":""},"class_list":["post-20972","page","type-page","status-publish","has-post-thumbnail","hentry"],"_links":{"self":[{"href":"https:\/\/iceberg.udg.edu\/index.php?rest_route=\/wp\/v2\/pages\/20972","targetHints":{"allow":["GET"]}}],"collection":[{"href":"https:\/\/iceberg.udg.edu\/index.php?rest_route=\/wp\/v2\/pages"}],"about":[{"href":"https:\/\/iceberg.udg.edu\/index.php?rest_route=\/wp\/v2\/types\/page"}],"author":[{"embeddable":true,"href":"https:\/\/iceberg.udg.edu\/index.php?rest_route=\/wp\/v2\/users\/1"}],"replies":[{"embeddable":true,"href":"https:\/\/iceberg.udg.edu\/index.php?rest_route=%2Fwp%2Fv2%2Fcomments&post=20972"}],"version-history":[{"count":2,"href":"https:\/\/iceberg.udg.edu\/index.php?rest_route=\/wp\/v2\/pages\/20972\/revisions"}],"predecessor-version":[{"id":21845,"href":"https:\/\/iceberg.udg.edu\/index.php?rest_route=\/wp\/v2\/pages\/20972\/revisions\/21845"}],"up":[{"embeddable":true,"href":"https:\/\/iceberg.udg.edu\/index.php?rest_route=\/wp\/v2\/pages\/20902"}],"wp:featuredmedia":[{"embeddable":true,"href":"https:\/\/iceberg.udg.edu\/index.php?rest_route=\/wp\/v2\/media\/17539"}],"wp:attachment":[{"href":"https:\/\/iceberg.udg.edu\/index.php?rest_route=%2Fwp%2Fv2%2Fmedia&parent=20972"}],"curies":[{"name":"wp","href":"https:\/\/api.w.org\/{rel}","templated":true}]}}