{"id":20973,"date":"2025-09-09T13:19:48","date_gmt":"2025-09-09T11:19:48","guid":{"rendered":"https:\/\/icebergng.udg.edu\/?page_id=20973"},"modified":"2025-10-02T10:56:20","modified_gmt":"2025-10-02T08:56:20","slug":"projectes","status":"publish","type":"page","link":"https:\/\/iceberg.udg.edu\/?page_id=20973","title":{"rendered":"Projectes"},"content":{"rendered":"\n<h2 class=\"wp-block-heading\">UniDigital DigCompEdu &#8211; Formaci\u00f3 i certificaci\u00f3<\/h2>\n\n\n\n<p>El projecte, liderat per la Universitat d&#8217;Alcal\u00e1 de Henares, est\u00e0 emmarcat en la l\u00ednia d&#8217;actuaci\u00f3 referida a Continguts i programes de formaci\u00f3, i espec\u00edficament a l&#8217;\u00e0mbit de programes de certificaci\u00f3 i formaci\u00f3 en compet\u00e8ncies digitals.<\/p>\n\n\n\n<p>Inclou el desenvolupament i elaboraci\u00f3 de cursos de formaci\u00f3 per a l&#8217;adquisici\u00f3 de compet\u00e8ncies digitals per part del #PDI en aspectes concrets referits a nivells de compet\u00e8ncia espec\u00edfics segons el que s&#8217;estableix en el Marc europeu per a la compet\u00e8ncia digital del professorat (DigCompEdu).<\/p>\n\n\n\n<p>En concret, s&#8217;han generat una s\u00e8rie de continguts espec\u00edfics corresponents al nivell A2 i referits a \u00e0rees competencials concretes. En alguns casos s&#8217;ha incl\u00f2s, a m\u00e9s, material te\u00f2ric de nivell B2 que, malgrat no comptar amb la certificaci\u00f3 final corresponent a aquest nivell, s&#8217;ha preparat i s&#8217;ha demanat la disposici\u00f3 dels participants per contribuir a un progr\u00e9s continuat en l&#8217;adquisici\u00f3 de compet\u00e8ncies digitals docents per part del professorat universitari.<\/p>\n\n\n\n<p>Aquests continguts formatius s&#8217;han estructurat a manera de cursos en l\u00ednia per ser realitzats de forma totalment aut\u00f2noma per part dels participants.<\/p>\n\n\n\n<figure class=\"wp-block-table\"><table><tbody><tr><td>&nbsp;<\/td><td><strong>Curs<\/strong><\/td><td><strong>\u00c0rea Competencial<\/strong><\/td><td><strong>Nivel<\/strong>l<\/td><\/tr><tr><td>1<\/td><td>Estrat\u00e8gies d\u2019avaluaci\u00f3 i entorns digitals<\/td><td>\u00c0rea 4. Avaluaci\u00f3 i retroalimentaci\u00f3<\/td><td>A2<\/td><\/tr><tr><td>2<\/td><td>Fem v\u00eddeos docents<\/td><td>\u00c0rea 2. Recursos digitals<\/td><td>A2 + contingut te\u00f2ric de nivell B1<\/td><\/tr><tr><td>3<\/td><td>IA i doc\u00e8ncia universit\u00e0ria<\/td><td>\u00c0rea 2. Recursos digitals<\/td><td>A2<\/td><\/tr><tr><td>4<\/td><td>Moodle a l\u2019abast<\/td><td>\u00c0rea 3. Pedagogia digital<\/td><td>A2\u00a0 + contingut te\u00f2ric de nivell B1<\/td><\/tr><tr><td>5<\/td><td>Recursos digitals per a la doc\u00e8ncia<\/td><td>\u00c0rea 2. Recursos digitals<\/td><td>A2<\/td><\/tr><tr><td>6.1<\/td><td>Portafolis digitals per a la doc\u00e8ncia universit\u00e0ria<\/td><td>\u00c0rea 3. Pedagogia digital \u00c0rea 1. Comprom\u00eds professional<\/td><td>A2<\/td><\/tr><tr><td>6.2<\/td><td>Portafolios digitales para la docencia universitaria<\/td><td>\u00c0rea 3. Pedagogia digital. \u00c0rea 1. Comprom\u00eds professional<\/td><td>A2<\/td><\/tr><\/tbody><\/table><figcaption class=\"wp-element-caption\">Relaci\u00f3 de cursos elaborats<\/figcaption><\/figure>\n\n\n\n<p>Aquests cursos ja s&#8217;han elaborat i estan disponibles en obert a <a rel=\"noreferrer noopener\" href=\"https:\/\/open.udg.edu\/\" target=\"_blank\">openUdG <\/a><\/p>\n\n\n\n<h2 class=\"wp-block-heading\">Projecte Unidigital &#8211; Generaci\u00f3 de continguts per al desenvolupament de la compet\u00e8ncia digital docent<\/h2>\n\n\n\n<p>Els objectius del projecte, liderat per la Universitat de Barcelona, s\u00f3n: promoure accions per a l&#8217;adquisici\u00f3 de compet\u00e8ncies digitals pel #PDI; transfer\u00e8ncia d&#8217;aquestes als estudiants; adquisici\u00f3 d&#8217;estrat\u00e8gies de ciberseguretat. A m\u00e9s, s&#8217;estendran al PTGAS aquelles accions que contribueixin a l&#8217;adquisici\u00f3 dels objectius esmentats.<\/p>\n\n\n\n<p>La generaci\u00f3 de continguts per a la formaci\u00f3 en compet\u00e8ncies digitals persegueix un triple objectiu:<\/p>\n\n\n\n<ul class=\"wp-block-list\">\n<li>el seu desenvolupament en el professorat<\/li>\n<\/ul>\n\n\n\n<ul class=\"wp-block-list\">\n<li>que al seu torn pugui facilitar a l&#8217;estudiant l&#8217;adquisici\u00f3 d&#8217;aquestes compet\u00e8ncies<\/li>\n<\/ul>\n\n\n\n<ul class=\"wp-block-list\">\n<li>una formaci\u00f3 i el seu \u00fas en un entorn de ciberseguretat, del PDI i del PTGAS<\/li>\n<\/ul>\n\n\n\n<p><br>La proposta t\u00e9 com a refer\u00e8ncia les compet\u00e8ncies establertes en el Marc europeu per a la compet\u00e8ncia digital (DigComp) del professorat i del PTGAS, particularitzant-lo, a m\u00e9s, en l&#8217;\u00e0mbit de la doc\u00e8ncia (DigCompEdu), establert en l&#8217;\u00e0mbit europeu<br>per a la ciutadania. Per al professorat es proposa la formaci\u00f3 per al nivell A2 i B1 de la Compet\u00e8ncia Digital Docent (CDD).<br>Tots els cursos inclouen activitats d&#8217;avaluaci\u00f3 en qu\u00e8 s&#8217;han de demostrar els aprenentatges aconseguits.<\/p>\n\n\n\n<p><br>El desenvolupament de la compet\u00e8ncia digital es realitza mitjan\u00e7ant cursos modulables i certificables.<\/p>\n\n\n\n<p>Els cursos estaran disponibles a partir de setembre de 2025.<\/p>\n\n\n\n<h2 class=\"wp-block-heading\">Projecte interuniversitari d\u2019avaluaci\u00f3 de la innovaci\u00f3 docent. Grup de treball de l&#8217;ACUP (Associaci\u00f3 Catalana d&#8217;Universitats P\u00fabliques)<\/h2>\n\n\n\n<p>Projecte liderat per l&#8217;ACUP amb l&#8217;objectiu de dur a terme un pla pilot per posar a prova la Guia d&#8217;avaluaci\u00f3 de la innovaci\u00f3 docent. <\/p>\n\n\n\n<p>Aquesta acci\u00f3 s\u2019emmarca en el projecte de treball interuniversitari sobre l\u2019avaluaci\u00f3 de la innovaci\u00f3 docent, impulsat des dels vicerectorats de doc\u00e8ncia, innovaci\u00f3 i qualitat de les universitats catalanes des de 2022. Fruit d&#8217;aquesta primera fase del projecte es va elaborar la <em>Guia per a l\u2019avaluaci\u00f3 de la innovaci\u00f3 docent universit\u00e0ria<\/em>, publicada per l&#8217;ACUP. El setembre de 2024 es va iniciar una nova fase del projecte centrada en la realitzaci\u00f3 d\u2019un pla pilot per utilitzar la guia d\u2019avaluaci\u00f3 de la innovaci\u00f3 docent. <\/p>\n\n\n\n<p>Amb aquest objectiu, es va constituir un grup de treball format per t\u00e8cnics dels ICE i les unitats de les universitats catalanes responsables de la innovaci\u00f3 docent que va dur a terme el pilotatge de la utilitzaci\u00f3 de la guia per avaluar projectes o accions concretes d\u2019innovaci\u00f3 docent i posant a prova els criteris establerts.<\/p>\n\n\n\n<h2 class=\"wp-block-heading\">Model UdG XXI<\/h2>\n\n\n\n<p>El&nbsp;Pla de desplegament del Model consta de 21 objectius agrupats en 8 \u00e0mbits. <\/p>\n\n\n\n<p>Des de l&#8217;ICE-SAID s&#8217;ha col\u00b7laborat de manera espec\u00edfica en l&#8217;\u00e0mbit 2 sobre Metodologies i tipologies d&#8217;activitats i concretament, en relaci\u00f3 amb l&#8217;objectiu 05, centrat en la definici\u00f3 de les metodologies i tipologies d&#8217;activitats docents del Model UdG XXI. Per a aquesta tasca s&#8217;ha comptat tamb\u00e9 amb la participaci\u00f3 de les Xarxes i Grups d&#8217;Innovaci\u00f3 Docent, que han aportat reflexions i punts de vista a trav\u00e9s de la Jornada de reflexi\u00f3 sobre XID i GID i la seva connexi\u00f3 amb el Model UdG XXI. <\/p>\n\n\n\n<p><\/p>\n\n\n\n<p> <\/p>\n\n\n\n<p><\/p>\n","protected":false},"excerpt":{"rendered":"<p>UniDigital DigCompEdu &#8211; Formaci\u00f3 i certificaci\u00f3 El projecte, liderat per la Universitat d&#8217;Alcal\u00e1 de Henares, est\u00e0 emmarcat en la l\u00ednia d&#8217;actuaci\u00f3 referida a Continguts i programes de formaci\u00f3, i espec\u00edficament a l&#8217;\u00e0mbit de programes de certificaci\u00f3 i formaci\u00f3 en compet\u00e8ncies digitals. Inclou el desenvolupament i elaboraci\u00f3 de cursos de formaci\u00f3 per a l&#8217;adquisici\u00f3 de compet\u00e8ncies [&hellip;]<\/p>\n","protected":false},"author":1,"featured_media":0,"parent":20902,"menu_order":0,"comment_status":"closed","ping_status":"closed","template":"","meta":{"footnotes":""},"class_list":["post-20973","page","type-page","status-publish","hentry"],"_links":{"self":[{"href":"https:\/\/iceberg.udg.edu\/index.php?rest_route=\/wp\/v2\/pages\/20973","targetHints":{"allow":["GET"]}}],"collection":[{"href":"https:\/\/iceberg.udg.edu\/index.php?rest_route=\/wp\/v2\/pages"}],"about":[{"href":"https:\/\/iceberg.udg.edu\/index.php?rest_route=\/wp\/v2\/types\/page"}],"author":[{"embeddable":true,"href":"https:\/\/iceberg.udg.edu\/index.php?rest_route=\/wp\/v2\/users\/1"}],"replies":[{"embeddable":true,"href":"https:\/\/iceberg.udg.edu\/index.php?rest_route=%2Fwp%2Fv2%2Fcomments&post=20973"}],"version-history":[{"count":2,"href":"https:\/\/iceberg.udg.edu\/index.php?rest_route=\/wp\/v2\/pages\/20973\/revisions"}],"predecessor-version":[{"id":21358,"href":"https:\/\/iceberg.udg.edu\/index.php?rest_route=\/wp\/v2\/pages\/20973\/revisions\/21358"}],"up":[{"embeddable":true,"href":"https:\/\/iceberg.udg.edu\/index.php?rest_route=\/wp\/v2\/pages\/20902"}],"wp:attachment":[{"href":"https:\/\/iceberg.udg.edu\/index.php?rest_route=%2Fwp%2Fv2%2Fmedia&parent=20973"}],"curies":[{"name":"wp","href":"https:\/\/api.w.org\/{rel}","templated":true}]}}