{"id":20975,"date":"2025-09-09T13:21:05","date_gmt":"2025-09-09T11:21:05","guid":{"rendered":"https:\/\/icebergng.udg.edu\/?page_id=20975"},"modified":"2025-10-02T10:57:37","modified_gmt":"2025-10-02T08:57:37","slug":"grups-dinnovacio-docent","status":"publish","type":"page","link":"https:\/\/iceberg.udg.edu\/?page_id=20975","title":{"rendered":"Grups d\u2019Innovaci\u00f3 Docent"},"content":{"rendered":"\n<figure class=\"wp-block-image\"><img decoding=\"async\" src=\"https:\/\/iceberg.udg.edu\/wp-content\/uploads\/2021\/04\/gid-e1585135099475-150x150-1.jpg\" alt=\"Image\"\/><\/figure>\n\n\n\n<p>L\u2019ICE Josep Pallach va posar en marxa el curs 2016-2017 una nova l\u00ednia d\u2019actuaci\u00f3 i suport a la innovaci\u00f3 docent als centres i facultats de la UdG: els\u00a0<strong>Grups d\u2019Innovaci\u00f3 Docent (GID)<\/strong>. Els GID estan formats per professorat d&#8217;un mateix estudi, centre o departament de la Universitat de Girona interessat a dur a terme un projecte d&#8217;innovaci\u00f3 concret en el seu entorn immediat.<br><br>Amb aquesta acci\u00f3, l\u2019ICE pret\u00e9n complementar el treball i les actuacions interdisciplin\u00e0ries que desenvolupen les Xarxes d\u2019Innovaci\u00f3 Docent, formades, en aquest cas, per professorat de centres i estudis diferents.<\/p>\n\n\n\n<p>La finalitat dels Grups d\u2019Innovaci\u00f3 Docent \u00e9s desenvolupar innovacions docents dins d&#8217;un centre o estudi espec\u00edfic, analitzar-les i avaluar-les per contribuir a una millora de la doc\u00e8ncia i a un aprenentatge de m\u00e9s qualitat dels nostres estudiants. <br><br><strong>Durant el curs 2024\/2025 hi ha hagut 16 Grups d\u2019Innovaci\u00f3 Docent en actiu:<\/strong><\/p>\n\n\n\n<ul class=\"wp-block-list\">\n<li><a rel=\"noreferrer noopener\" href=\"https:\/\/www.udg.edu\/ca\/ice\/innovacio-docent\/grups-dinnovacio-docent\/gid-aprenentatge-basat-en-reptes\" target=\"_blank\">GID Aprenentatge basat en Reptes (Facultat d&#8217;Educaci\u00f3 i Psicologia)<\/a><\/li>\n\n\n\n<li><a rel=\"noreferrer noopener\" href=\"https:\/\/www.udg.edu\/ca\/ice\/innovacio-docent\/grups-dinnovacio-docent\/gid-sobre-competencia-multicultural-i-plurilingue\" target=\"_blank\">GID sobre Compet\u00e8ncia multicultural i pluriling\u00fce (EU Mediterrani)<\/a><\/li>\n\n\n\n<li><a rel=\"noreferrer noopener\" href=\"https:\/\/www.udg.edu\/ca\/ice\/innovacio-docent\/grups-dinnovacio-docent\/gid-competencies-emocionals-en-educacio-social\" target=\"_blank\">GID Compet\u00e8ncies Emocionals en Educaci\u00f3 Social (Facultat d&#8217;Educaci\u00f3 i Psicologia)<\/a><\/li>\n\n\n\n<li><a rel=\"noreferrer noopener\" href=\"https:\/\/www.udg.edu\/ca\/ice\/innovacio-docent\/grups-dinnovacio-docent\/gid-dels-estudis-de-treball-social\" target=\"_blank\">GID d\u2019Enginyeria Mec\u00e0nica i Construcci\u00f3 Ind. (EMCI). (Escola Polit\u00e8cnica Superior)<\/a><\/li>\n\n\n\n<li><a rel=\"noreferrer noopener\" href=\"https:\/\/www.udg.edu\/ca\/ice\/innovacio-docent\/grups-dinnovacio-docent\/gid-dels-estudis-de-treball-social\" target=\"_blank\">GID en F\u00edsica (Escola Polit\u00e8cnica Superior)<\/a><\/li>\n\n\n\n<li><a rel=\"noreferrer noopener\" href=\"https:\/\/www.udg.edu\/ca\/ice\/innovacio-docent\/grups-dinnovacio-docent\/gid-dels-estudis-de-treball-social\" target=\"_blank\">GID sobre Materials per a Matem\u00e0tiques (Escola Polit\u00e8cnica Superior)<\/a><\/li>\n\n\n\n<li><a rel=\"noreferrer noopener\" href=\"https:\/\/www.udg.edu\/ca\/ice\/innovacio-docent\/grups-dinnovacio-docent\/gid-dels-estudis-de-treball-social\" target=\"_blank\">GID Mentoria Estudis de Psicologia de la UdG (Facultat d&#8217;Educaci\u00f3 i Psicologia)<\/a><\/li>\n\n\n\n<li><a rel=\"noreferrer noopener\" href=\"https:\/\/www.udg.edu\/ca\/ice\/innovacio-docent\/grups-dinnovacio-docent\/gid-dels-estudis-de-treball-social\" target=\"_blank\">GID sobre Model Acad\u00e8mic de Psicologia (Facultat d&#8217;Educaci\u00f3 i Psicologia)<\/a><\/li>\n\n\n\n<li><a rel=\"noreferrer noopener\" href=\"https:\/\/www.udg.edu\/ca\/ice\/innovacio-docent\/grups-dinnovacio-docent\/gid-dels-estudis-de-treball-social\" target=\"_blank\">GID Narratives digitals en Educaci\u00f3 Social (Facultat d&#8217;Educaci\u00f3 i Psicologia)<\/a><\/li>\n\n\n\n<li><a rel=\"noreferrer noopener\" href=\"https:\/\/www.udg.edu\/ca\/ice\/innovacio-docent\/grups-dinnovacio-docent\/gid-dels-estudis-de-treball-social\" target=\"_blank\">GID Pla Acci\u00f3 Tutorial i Mentoria (Facultat de Dret) (Facultat de Dret)<\/a><\/li>\n\n\n\n<li><a rel=\"noreferrer noopener\" href=\"https:\/\/www.udg.edu\/ca\/ice\/innovacio-docent\/grups-dinnovacio-docent\/gid-dels-estudis-de-treball-social\" target=\"_blank\">GID Plataforma ACME (Escola Polit\u00e8cnica Superior)<\/a><\/li>\n\n\n\n<li><a rel=\"noreferrer noopener\" href=\"https:\/\/www.udg.edu\/ca\/ice\/innovacio-docent\/grups-dinnovacio-docent\/gid-dels-estudis-de-treball-social\" target=\"_blank\">GID sobre Transversalitzaci\u00f3 de G\u00e8nere (Facultat de Dret)<\/a><\/li>\n\n\n\n<li><a rel=\"noreferrer noopener\" href=\"https:\/\/www.udg.edu\/ca\/ice\/innovacio-docent\/grups-dinnovacio-docent\/gid-laboratori-de-psicologia\" target=\"_blank\">GID Laboratori de Psicologia<\/a><\/li>\n\n\n\n<li><a href=\"https:\/\/www.udg.edu\/ca\/ice\/innovacio-docent\/grups-dinnovacio-docent\/gid-aprenentatge-interdisciplinari-canvi-ambiental\" data-type=\"URL\" data-id=\"https:\/\/www.udg.edu\/ca\/ice\/innovacio-docent\/grups-dinnovacio-docent\/gid-aprenentatge-interdisciplinari-canvi-ambiental\">GID Aprenentatge Interdisciplinari en Canvi Ambiental<\/a><\/li>\n\n\n\n<li><a href=\"https:\/\/www.udg.edu\/ca\/ice\/innovacio-docent\/grups-dinnovacio-docent\/gid-ciencia-politica\" data-type=\"URL\" data-id=\"https:\/\/www.udg.edu\/ca\/ice\/innovacio-docent\/grups-dinnovacio-docent\/gid-ciencia-politica\">GID Ci\u00e8ncia Pol\u00edtica<\/a><\/li>\n\n\n\n<li><a href=\"https:\/\/www.udg.edu\/ca\/ice\/innovacio-docent\/grups-dinnovacio-docent\/gid-ia-aplicada-a-la-docencia\" data-type=\"URL\" data-id=\"https:\/\/www.udg.edu\/ca\/ice\/innovacio-docent\/grups-dinnovacio-docent\/gid-ia-aplicada-a-la-docencia\">GID IA aplicada a la doc\u00e8ncia<\/a><\/li>\n<\/ul>\n\n\n\n<p>Els Grups d&#8217;Innovaci\u00f3 Docent; <a href=\"https:\/\/www.udg.edu\/ca\/ice\/innovacio-docent\/grups-dinnovacio-docent\/gid-aprenentatge-interdisciplinari-canvi-ambiental\" data-type=\"URL\" data-id=\"https:\/\/www.udg.edu\/ca\/ice\/innovacio-docent\/grups-dinnovacio-docent\/gid-aprenentatge-interdisciplinari-canvi-ambiental\">Aprenentatge Interdisciplinari en Canvi Ambiental<\/a>, <a href=\"https:\/\/www.udg.edu\/ca\/ice\/innovacio-docent\/grups-dinnovacio-docent\/gid-ciencia-politica\" data-type=\"URL\" data-id=\"https:\/\/www.udg.edu\/ca\/ice\/innovacio-docent\/grups-dinnovacio-docent\/gid-ciencia-politica\">Ci\u00e8ncia Pol\u00edtica<\/a> i <a href=\"https:\/\/www.udg.edu\/ca\/ice\/innovacio-docent\/grups-dinnovacio-docent\/gid-ia-aplicada-a-la-docencia\" data-type=\"URL\" data-id=\"https:\/\/www.udg.edu\/ca\/ice\/innovacio-docent\/grups-dinnovacio-docent\/gid-ia-aplicada-a-la-docencia\">IA aplicada a la doc\u00e8ncia<\/a> s&#8217;han constitu\u00eft durant aquest curs. <\/p>\n\n\n\n<p><strong>Han format part dels GID 240 professors.<\/strong><\/p>\n\n\n\n<p><strong>Per desenvolupar el seu treball, l\u2019ICE posa a disposici\u00f3 dels GID els recursos i accions seg\u00fcents:<\/strong><\/p>\n\n\n\n<ul class=\"wp-block-list\">\n<li>Espai a la web de l\u2019ICE per a informaci\u00f3 i difusi\u00f3<\/li>\n\n\n\n<li>Espai al Moodle per a \u00fas exclusiu del grup<\/li>\n\n\n\n<li>Suport t\u00e8cnic i assessorament<\/li>\n\n\n\n<li>Suport administratiu<\/li>\n\n\n\n<li>Sales de treball a la seu de l&#8217;ICE-SAID<\/li>\n\n\n\n<li>Aportaci\u00f3 pressupost\u00e0ria en el cas que sigui necessari<\/li>\n<\/ul>\n\n\n\n<p><strong>Per la seva part, els GID i els seus membres es comprometen a:<\/strong><\/p>\n\n\n\n<ul class=\"wp-block-list\">\n<li>Presentar el projecte d\u2019innovaci\u00f3 i millora docent que es vol desenvolupar.<\/li>\n\n\n\n<li>Treballar per garantir el compliment dels objectius del projecte<\/li>\n\n\n\n<li>Participar en les reunions de coordinaci\u00f3 que es proposin des de l\u2019ICE<\/li>\n\n\n\n<li>Compartir el treball realitzat i participar en activitats de formaci\u00f3 organitzades per l\u2019ICE<\/li>\n\n\n\n<li>Presentar una mem\u00f2ria anual sobre les activitats dutes a terme<\/li>\n<\/ul>\n","protected":false},"excerpt":{"rendered":"<p>L\u2019ICE Josep Pallach va posar en marxa el curs 2016-2017 una nova l\u00ednia d\u2019actuaci\u00f3 i suport a la innovaci\u00f3 docent als centres i facultats de la UdG: els\u00a0Grups d\u2019Innovaci\u00f3 Docent (GID). Els GID estan formats per professorat d&#8217;un mateix estudi, centre o departament de la Universitat de Girona interessat a dur a terme un projecte [&hellip;]<\/p>\n","protected":false},"author":1,"featured_media":0,"parent":20974,"menu_order":0,"comment_status":"closed","ping_status":"closed","template":"","meta":{"footnotes":""},"class_list":["post-20975","page","type-page","status-publish","hentry"],"_links":{"self":[{"href":"https:\/\/iceberg.udg.edu\/index.php?rest_route=\/wp\/v2\/pages\/20975","targetHints":{"allow":["GET"]}}],"collection":[{"href":"https:\/\/iceberg.udg.edu\/index.php?rest_route=\/wp\/v2\/pages"}],"about":[{"href":"https:\/\/iceberg.udg.edu\/index.php?rest_route=\/wp\/v2\/types\/page"}],"author":[{"embeddable":true,"href":"https:\/\/iceberg.udg.edu\/index.php?rest_route=\/wp\/v2\/users\/1"}],"replies":[{"embeddable":true,"href":"https:\/\/iceberg.udg.edu\/index.php?rest_route=%2Fwp%2Fv2%2Fcomments&post=20975"}],"version-history":[{"count":2,"href":"https:\/\/iceberg.udg.edu\/index.php?rest_route=\/wp\/v2\/pages\/20975\/revisions"}],"predecessor-version":[{"id":21359,"href":"https:\/\/iceberg.udg.edu\/index.php?rest_route=\/wp\/v2\/pages\/20975\/revisions\/21359"}],"up":[{"embeddable":true,"href":"https:\/\/iceberg.udg.edu\/index.php?rest_route=\/wp\/v2\/pages\/20974"}],"wp:attachment":[{"href":"https:\/\/iceberg.udg.edu\/index.php?rest_route=%2Fwp%2Fv2%2Fmedia&parent=20975"}],"curies":[{"name":"wp","href":"https:\/\/api.w.org\/{rel}","templated":true}]}}