{"id":20976,"date":"2025-09-09T13:21:15","date_gmt":"2025-09-09T11:21:15","guid":{"rendered":"https:\/\/icebergng.udg.edu\/?page_id=20976"},"modified":"2025-10-02T11:00:34","modified_gmt":"2025-10-02T09:00:34","slug":"xarxes-dinnovacio-docent","status":"publish","type":"page","link":"https:\/\/iceberg.udg.edu\/?page_id=20976","title":{"rendered":"Xarxes d&#8217;Innovaci\u00f3 Docent"},"content":{"rendered":"\n<figure class=\"wp-block-image\"><img decoding=\"async\" src=\"https:\/\/iceberg.udg.edu\/wp-content\/uploads\/2021\/04\/xid-150x150-1.png\" alt=\"Image\"\/><\/figure>\n\n\n\n<p>Les\u00a0<strong>Xarxes d\u2019Innovaci\u00f3 Docent (XID)<\/strong>\u00a0es creen al voltant de tem\u00e0tiques relacionades amb les l\u00ednies priorit\u00e0ries de formaci\u00f3 a la Universitat de Girona\u00a0i d\u2019acord amb els interessos del professorat de la UdG. Estan integrades per membres del PDI\u00a0interessats a emprendre un proc\u00e9s de formaci\u00f3 avan\u00e7at i basat en la reflexi\u00f3 sobre la pr\u00f2pia pr\u00e0ctica docent.<\/p>\n\n\n\n<p>Cal tenir en compte que les xarxes no s\u00f3n un espai de formaci\u00f3 inicial sobre el tema que tracten, sin\u00f3 un espai d\u2019intercanvi i reflexi\u00f3 sobre la pr\u00f2pia pr\u00e0ctica i experi\u00e8ncia docent en la tem\u00e0tica en q\u00fcesti\u00f3. El seu objectiu \u00e9s desenvolupar innovacions docents, analitzar-les, avaluar-les i fer-les transferibles dins de la universitat, contribuint a una millora de la doc\u00e8ncia i a un aprenentatge de m\u00e9s qualitat dels nostres estudiants.<\/p>\n\n\n\n<p><strong>Objectius de les XID<\/strong><\/p>\n\n\n\n<ul class=\"wp-block-list\">\n<li>Analitzar aspectes concrets de la doc\u00e8ncia universit\u00e0ria per innovar i millorar-la<\/li>\n\n\n\n<li>Propiciar una din\u00e0mica de reflexi\u00f3 continuada i compartida sobre la pr\u00e0ctica docent<\/li>\n\n\n\n<li>Promoure la reflexi\u00f3 docent amb companys\/es de diferents \u00e0mbits, estudis i facultats&nbsp;<\/li>\n\n\n\n<li>Promoure processos d&#8217;autoformaci\u00f3 basada en l\u2019an\u00e0lisi, l&#8217;intercanvi i la reflexi\u00f3 sobre la doc\u00e8ncia<\/li>\n\n\n\n<li>Realitzar recerca per aportar evid\u00e8ncies cient\u00edfiques sobre la innovaci\u00f3 docent implementada<\/li>\n\n\n\n<li>Transferir els resultats de la recerca en innovaci\u00f3 docent mitjan\u00e7ant publicacions i comunicacions a congressos i jornades<\/li>\n<\/ul>\n\n\n\n<p>La promoci\u00f3 i coordinaci\u00f3 d\u2019aquestes xarxes \u00e9s a c\u00e0rrec de l\u2019Institut de Ci\u00e8ncies de l\u2019Educaci\u00f3 Josep Pallach.<\/p>\n\n\n\n<p><strong>Durant el curs 2024\/2025, hi ha hagut 15 Xarxes d\u2019Innovaci\u00f3 Docent en actiu:<\/strong><\/p>\n\n\n\n<ul class=\"wp-block-list\">\n<li><a rel=\"noreferrer noopener\" href=\"https:\/\/www.udg.edu\/ca\/ice\/Innovacio-docent\/XID-Aprenentatge-Basat-en-Problemes\" target=\"_blank\">XID Aprenentatge Basat en Problemes<\/a><\/li>\n\n\n\n<li><a rel=\"noreferrer noopener\" href=\"https:\/\/www.udg.edu\/ca\/ice\/Innovacio-docent\/XID-Aprenentatge-Basat-en-Problemes\" target=\"_blank\">XID Aprenentatge Cooperatiu<\/a><\/li>\n\n\n\n<li><a rel=\"noreferrer noopener\" href=\"https:\/\/www.udg.edu\/ca\/ice\/Innovacio-docent\/XID-Aprenentatge-Basat-en-Problemes\" target=\"_blank\">XID Aprenentatge per Projectes<\/a><\/li>\n\n\n\n<li><a rel=\"noreferrer noopener\" href=\"https:\/\/www.udg.edu\/ca\/ice\/Innovacio-docent\/XID-Aprenentatge-Basat-en-Problemes\" target=\"_blank\">XID Aprenentatge per Projectes-interdisciplinari<\/a><\/li>\n\n\n\n<li><a rel=\"noreferrer noopener\" href=\"https:\/\/www.udg.edu\/ca\/ice\/Innovacio-docent\/XID-Aprenentatge-Basat-en-Problemes\" target=\"_blank\">XID <\/a><a href=\"https:\/\/www.udg.edu\/ca\/ice\/innovacio-docent\/xarxes-dinnovacio-docent\/xid-aprenentatge-servei\" target=\"_blank\" rel=\"noreferrer noopener\">Aprenentatge <\/a><a rel=\"noreferrer noopener\" href=\"https:\/\/www.udg.edu\/ca\/ice\/Innovacio-docent\/XID-Aprenentatge-Basat-en-Problemes\" target=\"_blank\">Servei<\/a><\/li>\n\n\n\n<li><a rel=\"noreferrer noopener\" href=\"https:\/\/www.udg.edu\/ca\/ice\/innovacio-docent\/xarxes-dinnovacio-docent\/xid-estrategies-davaluacio\" target=\"_blank\">XID d\u2019Avaluaci\u00f3<\/a><\/li>\n\n\n\n<li><a rel=\"noreferrer noopener\" href=\"https:\/\/www.udg.edu\/ca\/ice\/Innovacio-docent\/XID-Aprenentatge-Basat-en-Problemes\" target=\"_blank\">XID Classe inversa<\/a><\/li>\n\n\n\n<li><a rel=\"noreferrer noopener\" href=\"https:\/\/www.udg.edu\/ca\/ice\/Innovacio-docent\/XID-Aprenentatge-Basat-en-Problemes\" target=\"_blank\">XID English as a Medium of Education<\/a><\/li>\n\n\n\n<li><a rel=\"noreferrer noopener\" href=\"https:\/\/www.udg.edu\/ca\/ice\/innovacio-docent\/xarxes-dinnovacio-docent\/xid-intercanvi-virtual-i-coil\" target=\"_blank\">XID Intercanvi Virtual i COIL<\/a><\/li>\n\n\n\n<li><a href=\"https:\/\/www.udg.edu\/ca\/ice\/innovacio-docent\/xarxes-dinnovacio-docent\/xid-ods-en-la-docencia\" data-type=\"URL\" data-id=\"https:\/\/www.udg.edu\/ca\/ice\/innovacio-docent\/xarxes-dinnovacio-docent\/xid-ods-en-la-docencia\" target=\"_blank\" rel=\"noreferrer noopener\">XID ODS<\/a><\/li>\n\n\n\n<li><a href=\"https:\/\/www.udg.edu\/ca\/ice\/Innovacio-docent\/Xarxes-dinnovacio-docent\/XID-Perspectiva-de-genere\" data-type=\"URL\" data-id=\"https:\/\/www.udg.edu\/ca\/ice\/Innovacio-docent\/Xarxes-dinnovacio-docent\/XID-Perspectiva-de-genere\" target=\"_blank\" rel=\"noreferrer noopener\">XID Perspectiva de g\u00e8nere<\/a><\/li>\n\n\n\n<li><a rel=\"noreferrer noopener\" href=\"https:\/\/www.udg.edu\/ca\/ice\/innovacio-docent\/xarxes-dinnovacio-docent\/xid-educacio-en-ciencies-de-la-salut\" data-type=\"URL\" data-id=\"https:\/\/www.udg.edu\/ca\/ice\/innovacio-docent\/xarxes-dinnovacio-docent\/xid-educacio-en-ciencies-de-la-salut\" target=\"_blank\">XID Perspectiva de Salut a l&#8217;Educaci\u00f3 Universit\u00e0ria<\/a><\/li>\n\n\n\n<li><a rel=\"noreferrer noopener\" href=\"https:\/\/www.udg.edu\/ca\/ice\/Innovacio-docent\/XID-Aprenentatge-Basat-en-Problemes\" target=\"_blank\">XID Tutoria<\/a><\/li>\n\n\n\n<li><a rel=\"noreferrer noopener\" href=\"https:\/\/www.udg.edu\/ca\/ice\/innovacio-docent\/xarxes-dinnovacio-docent\/xarxa-interuniversitaria-en-a-cooperatiu\" data-type=\"URL\" data-id=\"https:\/\/www.udg.edu\/ca\/ice\/innovacio-docent\/xarxes-dinnovacio-docent\/xarxa-interuniversitaria-en-a-cooperatiu\" target=\"_blank\">XID Interuniversit\u00e0ria en Aprenentatge Cooperatiu<\/a><\/li>\n\n\n\n<li><a rel=\"noreferrer noopener\" href=\"https:\/\/www.udg.edu\/ca\/ice\/innovacio-docent\/xarxes-dinnovacio-docent\/xid-intelligencia-artificial-i-docencia-universitaria\" target=\"_blank\">Xarxa d&#8217;Innovaci\u00f3 Docent sobre Intel\u00b7lig\u00e8ncia Artificial<\/a><\/li>\n\n\n\n<li><a href=\"https:\/\/www.udg.edu\/ca\/ice\/innovacio-docent\/xarxes-dinnovacio-docent\/xid-drets-humans-pau-i-sostenibilitat\" data-type=\"URL\" data-id=\"https:\/\/www.udg.edu\/ca\/ice\/innovacio-docent\/xarxes-dinnovacio-docent\/xid-drets-humans-pau-i-sostenibilitat\">XID Drets Humans, Pau i Sostenibilitat<\/a><\/li>\n<\/ul>\n\n\n\n<p>La <a href=\"https:\/\/www.udg.edu\/ca\/ice\/innovacio-docent\/xarxes-dinnovacio-docent\/xid-drets-humans-pau-i-sostenibilitat\" data-type=\"URL\" data-id=\"https:\/\/www.udg.edu\/ca\/ice\/innovacio-docent\/xarxes-dinnovacio-docent\/xid-drets-humans-pau-i-sostenibilitat\">XID Drets Humans, Pau i Sostenibilitat<\/a>&nbsp;s\u2019ha constitu\u00eft durant aquest curs.<\/p>\n\n\n\n<p><strong>Han format part de les XID 235 professors.<\/strong><\/p>\n\n\n\n<p><strong>Cada xarxa disposa dels recursos seg\u00fcents:<\/strong><\/p>\n\n\n\n<ul class=\"wp-block-list\">\n<li>Pressupost per a formaci\u00f3 i difusi\u00f3 del treball desenvolupat<\/li>\n\n\n\n<li>Espai al Moodle per compartir documentaci\u00f3<\/li>\n\n\n\n<li>Suport t\u00e8cnic i assessorament <\/li>\n\n\n\n<li>Suport administratiu <\/li>\n\n\n\n<li>Sales de treball a la seu de l\u2019ICE-SAID<\/li>\n<\/ul>\n\n\n\n<p><strong>Les persones que hi participen accepten aquests compromisos:<\/strong><\/p>\n\n\n\n<ul class=\"wp-block-list\">\n<li>Reunir-se peri\u00f2dicament i fer actes de les reunions que permetin fer un seguiment del treball<\/li>\n\n\n\n<li>Participar activament en les innovacions docents realitzades des de la xarxa i en la difusi\u00f3 del treball dut a terme<\/li>\n\n\n\n<li>Compartir el treball desenvolupat i participar en activitats de formaci\u00f3 adre\u00e7ades al PDI de la UdG<\/li>\n\n\n\n<li>Fer una mem\u00f2ria anual&nbsp;i participar en l\u2019avaluaci\u00f3 a final de curs<\/li>\n<\/ul>\n","protected":false},"excerpt":{"rendered":"<p>Les\u00a0Xarxes d\u2019Innovaci\u00f3 Docent (XID)\u00a0es creen al voltant de tem\u00e0tiques relacionades amb les l\u00ednies priorit\u00e0ries de formaci\u00f3 a la Universitat de Girona\u00a0i d\u2019acord amb els interessos del professorat de la UdG. Estan integrades per membres del PDI\u00a0interessats a emprendre un proc\u00e9s de formaci\u00f3 avan\u00e7at i basat en la reflexi\u00f3 sobre la pr\u00f2pia pr\u00e0ctica docent. Cal tenir [&hellip;]<\/p>\n","protected":false},"author":1,"featured_media":0,"parent":20974,"menu_order":0,"comment_status":"closed","ping_status":"closed","template":"","meta":{"footnotes":""},"class_list":["post-20976","page","type-page","status-publish","hentry"],"_links":{"self":[{"href":"https:\/\/iceberg.udg.edu\/index.php?rest_route=\/wp\/v2\/pages\/20976","targetHints":{"allow":["GET"]}}],"collection":[{"href":"https:\/\/iceberg.udg.edu\/index.php?rest_route=\/wp\/v2\/pages"}],"about":[{"href":"https:\/\/iceberg.udg.edu\/index.php?rest_route=\/wp\/v2\/types\/page"}],"author":[{"embeddable":true,"href":"https:\/\/iceberg.udg.edu\/index.php?rest_route=\/wp\/v2\/users\/1"}],"replies":[{"embeddable":true,"href":"https:\/\/iceberg.udg.edu\/index.php?rest_route=%2Fwp%2Fv2%2Fcomments&post=20976"}],"version-history":[{"count":2,"href":"https:\/\/iceberg.udg.edu\/index.php?rest_route=\/wp\/v2\/pages\/20976\/revisions"}],"predecessor-version":[{"id":21361,"href":"https:\/\/iceberg.udg.edu\/index.php?rest_route=\/wp\/v2\/pages\/20976\/revisions\/21361"}],"up":[{"embeddable":true,"href":"https:\/\/iceberg.udg.edu\/index.php?rest_route=\/wp\/v2\/pages\/20974"}],"wp:attachment":[{"href":"https:\/\/iceberg.udg.edu\/index.php?rest_route=%2Fwp%2Fv2%2Fmedia&parent=20976"}],"curies":[{"name":"wp","href":"https:\/\/api.w.org\/{rel}","templated":true}]}}