{"id":20996,"date":"2025-09-09T14:04:05","date_gmt":"2025-09-09T12:04:05","guid":{"rendered":"https:\/\/icebergng.udg.edu\/?page_id=20996"},"modified":"2025-10-02T11:07:19","modified_gmt":"2025-10-02T09:07:19","slug":"assessorament-linguistic","status":"publish","type":"page","link":"https:\/\/iceberg.udg.edu\/?page_id=20996","title":{"rendered":"Assessorament ling\u00fc\u00edstic"},"content":{"rendered":"\n<p><em>Dades de l&#8217;any <\/em>2024<\/p>\n\n\n\n<ol class=\"wp-block-list\">\n<li><a href=\"#Sol\u00b7licituds\">Sol\u00b7licituds de correcci\u00f3 i traducci\u00f3 ateses<\/a><\/li>\n\n\n\n<li><a href=\"#Grupstreball\">Participaci\u00f3 en grups de treball interuniversitaris<\/a><\/li>\n\n\n\n<li><a href=\"#Qualitat\">Qualitat ling\u00fc\u00edstica del web de la UdG<\/a><\/li>\n<\/ol>\n\n\n\n<h2 class=\"wp-block-heading\" id=\"Sol\u00b7licituds\">1. Sol\u00b7licituds de correcci\u00f3 i traducci\u00f3 ateses<\/h2>\n\n\n\n<div class=\"wp-block-columns is-layout-flex wp-container-core-columns-is-layout-9d6595d7 wp-block-columns-is-layout-flex\">\n<div class=\"wp-block-column is-vertically-aligned-top is-layout-flow wp-block-column-is-layout-flow\" style=\"flex-basis:30%\">\n<p><em>Correccions<\/em><\/p>\n\n\n\n<figure class=\"wp-block-image size-full is-resized\"><img loading=\"lazy\" decoding=\"async\" src=\"https:\/\/iceberg.udg.edu\/wp-content\/uploads\/2025\/07\/Correccions.jpg\" alt=\"\" class=\"wp-image-20690\" width=\"247\" height=\"91\"\/><\/figure>\n<\/div>\n\n\n\n<div class=\"wp-block-column is-layout-flow wp-block-column-is-layout-flow\" style=\"flex-basis:30%\">\n<p><em>Traduccions<\/em> <\/p>\n\n\n\n<figure class=\"wp-block-image size-full is-resized\"><img loading=\"lazy\" decoding=\"async\" src=\"https:\/\/iceberg.udg.edu\/wp-content\/uploads\/2025\/07\/Traduccions.jpg\" alt=\"\" class=\"wp-image-20691\" width=\"285\" height=\"132\"\/><\/figure>\n<\/div>\n<\/div>\n\n\n\n<h2 class=\"wp-block-heading\" id=\"Grupstreball\">2. Participaci\u00f3 en grups de treball interuniversitaris<\/h2>\n\n\n\n<p>Els t\u00e8cnics d\u2019assessorament ling\u00fc\u00edstic han participat en els grups de treball de la Xarxa Vives d\u2019Universitats seg\u00fcents:<\/p>\n\n\n\n<ul class=\"wp-block-list\">\n<li>Grup de Treball de Qualitat Ling\u00fc\u00edstica (universitats catalanes)<\/li>\n\n\n\n<li>Grup de Treball de Qualitat Ling\u00fc\u00edstica (Xarxa Vives)<\/li>\n\n\n\n<li>Grup de treball de Terminologia i Nomenclatura<\/li>\n<\/ul>\n\n\n\n<h2 class=\"wp-block-heading\" id=\"Qualitat\">3. Qualitat ling\u00fc\u00edstica del web de la UdG<\/h2>\n\n\n\n<p>Resultat de l\u2019avaluaci\u00f3 realitzada pel Departament de Recerca i Universitats segons els par\u00e0metres descrits a les Bases del sistema d\u2019avaluaci\u00f3 de la qualitat ling\u00fc\u00edstica del contingut dels webs de les universitats catalanes.<\/p>\n\n\n\n<div class=\"wp-block-columns is-layout-flex wp-container-core-columns-is-layout-9d6595d7 wp-block-columns-is-layout-flex\">\n<div class=\"wp-block-column is-layout-flow wp-block-column-is-layout-flow\" style=\"flex-basis:45%\">\n<p><i>Web en catal\u00e0<\/i><\/p>\n\n\n\n<figure class=\"wp-block-image size-full is-resized\"><img loading=\"lazy\" decoding=\"async\" src=\"https:\/\/iceberg.udg.edu\/wp-content\/uploads\/2025\/07\/QualitatCatala.jpg\" alt=\"\" class=\"wp-image-20661\" width=\"258\" height=\"94\" srcset=\"https:\/\/iceberg.udg.edu\/wp-content\/uploads\/2025\/07\/QualitatCatala.jpg 346w, https:\/\/iceberg.udg.edu\/wp-content\/uploads\/2025\/07\/QualitatCatala-300x109.jpg 300w\" sizes=\"auto, (max-width: 258px) 100vw, 258px\" \/><\/figure>\n<\/div>\n\n\n\n<div class=\"wp-block-column is-layout-flow wp-block-column-is-layout-flow\">\n<p><i>Web en angl\u00e8s<\/i><\/p>\n\n\n\n<figure class=\"wp-block-image size-full is-resized\"><img loading=\"lazy\" decoding=\"async\" src=\"https:\/\/iceberg.udg.edu\/wp-content\/uploads\/2025\/07\/QualitatAngles.jpg\" alt=\"\" class=\"wp-image-20662\" width=\"262\" height=\"96\" srcset=\"https:\/\/iceberg.udg.edu\/wp-content\/uploads\/2025\/07\/QualitatAngles.jpg 348w, https:\/\/iceberg.udg.edu\/wp-content\/uploads\/2025\/07\/QualitatAngles-300x110.jpg 300w\" sizes=\"auto, (max-width: 262px) 100vw, 262px\" \/><\/figure>\n<\/div>\n<\/div>\n\n\n\n<div class=\"wp-block-columns is-layout-flex wp-container-core-columns-is-layout-9d6595d7 wp-block-columns-is-layout-flex\">\n<div class=\"wp-block-column is-vertically-aligned-top is-layout-flow wp-block-column-is-layout-flow\" style=\"flex-basis:45%\">\n<p><em>Hist\u00f2ric d&#8217;avaluacions. Catal\u00e0<\/em><\/p>\n\n\n\n<figure class=\"wp-block-image size-full\"><img loading=\"lazy\" decoding=\"async\" width=\"682\" height=\"464\" src=\"https:\/\/iceberg.udg.edu\/wp-content\/uploads\/2025\/07\/HistoricCatala-1.jpg\" alt=\"\" class=\"wp-image-20664\" srcset=\"https:\/\/iceberg.udg.edu\/wp-content\/uploads\/2025\/07\/HistoricCatala-1.jpg 682w, https:\/\/iceberg.udg.edu\/wp-content\/uploads\/2025\/07\/HistoricCatala-1-300x204.jpg 300w\" sizes=\"auto, (max-width: 682px) 100vw, 682px\" \/><\/figure>\n<\/div>\n\n\n\n<div class=\"wp-block-column is-layout-flow wp-block-column-is-layout-flow\" style=\"flex-basis:45%\">\n<p><em>Hist\u00f2ric d&#8217;avaluacions. Angl\u00e8s<\/em><\/p>\n\n\n\n<figure class=\"wp-block-image size-full\"><img loading=\"lazy\" decoding=\"async\" width=\"681\" height=\"467\" src=\"https:\/\/iceberg.udg.edu\/wp-content\/uploads\/2025\/07\/HistoricAngles.jpg\" alt=\"\" class=\"wp-image-20665\" srcset=\"https:\/\/iceberg.udg.edu\/wp-content\/uploads\/2025\/07\/HistoricAngles.jpg 681w, https:\/\/iceberg.udg.edu\/wp-content\/uploads\/2025\/07\/HistoricAngles-300x206.jpg 300w\" sizes=\"auto, (max-width: 681px) 100vw, 681px\" \/><\/figure>\n<\/div>\n<\/div>\n","protected":false},"excerpt":{"rendered":"<p>Dades de l&#8217;any 2024 1. Sol\u00b7licituds de correcci\u00f3 i traducci\u00f3 ateses Correccions Traduccions 2. Participaci\u00f3 en grups de treball interuniversitaris Els t\u00e8cnics d\u2019assessorament ling\u00fc\u00edstic han participat en els grups de treball de la Xarxa Vives d\u2019Universitats seg\u00fcents: 3. Qualitat ling\u00fc\u00edstica del web de la UdG Resultat de l\u2019avaluaci\u00f3 realitzada pel Departament de Recerca i Universitats [&hellip;]<\/p>\n","protected":false},"author":1,"featured_media":0,"parent":20902,"menu_order":0,"comment_status":"closed","ping_status":"closed","template":"","meta":{"footnotes":""},"class_list":["post-20996","page","type-page","status-publish","hentry"],"_links":{"self":[{"href":"https:\/\/iceberg.udg.edu\/index.php?rest_route=\/wp\/v2\/pages\/20996","targetHints":{"allow":["GET"]}}],"collection":[{"href":"https:\/\/iceberg.udg.edu\/index.php?rest_route=\/wp\/v2\/pages"}],"about":[{"href":"https:\/\/iceberg.udg.edu\/index.php?rest_route=\/wp\/v2\/types\/page"}],"author":[{"embeddable":true,"href":"https:\/\/iceberg.udg.edu\/index.php?rest_route=\/wp\/v2\/users\/1"}],"replies":[{"embeddable":true,"href":"https:\/\/iceberg.udg.edu\/index.php?rest_route=%2Fwp%2Fv2%2Fcomments&post=20996"}],"version-history":[{"count":2,"href":"https:\/\/iceberg.udg.edu\/index.php?rest_route=\/wp\/v2\/pages\/20996\/revisions"}],"predecessor-version":[{"id":21365,"href":"https:\/\/iceberg.udg.edu\/index.php?rest_route=\/wp\/v2\/pages\/20996\/revisions\/21365"}],"up":[{"embeddable":true,"href":"https:\/\/iceberg.udg.edu\/index.php?rest_route=\/wp\/v2\/pages\/20902"}],"wp:attachment":[{"href":"https:\/\/iceberg.udg.edu\/index.php?rest_route=%2Fwp%2Fv2%2Fmedia&parent=20996"}],"curies":[{"name":"wp","href":"https:\/\/api.w.org\/{rel}","templated":true}]}}