{"id":20997,"date":"2025-09-09T14:04:43","date_gmt":"2025-09-09T12:04:43","guid":{"rendered":"https:\/\/icebergng.udg.edu\/?page_id=20997"},"modified":"2025-10-02T11:43:58","modified_gmt":"2025-10-02T09:43:58","slug":"docencia-no-universitaria","status":"publish","type":"page","link":"https:\/\/iceberg.udg.edu\/?page_id=20997","title":{"rendered":"Doc\u00e8ncia no universit\u00e0ria"},"content":{"rendered":"\n<p class=\"has-medium-font-size\">Durant el\u00a0<strong>curs 2024-2025<\/strong><a href=\"https:\/\/www.udg.edu\/ca\/ice\"> l\u2019Institut de Ci\u00e8ncies de l\u2019Educaci\u00f3 Josep Pallach \u2013 Servei d&#8217;Aprenentatge i Innovaci\u00f3 Docent<\/a> ha organitzat\u00a084 accions formatives\u00a0que formen part del Pla de Formaci\u00f3 Permanent del Departament d\u2019Educaci\u00f3, en les quals han participat\u00a0366 persones formadores\u00a0i m\u00e9s de\u00a02.579 docents\u00a0d\u2019educaci\u00f3 infantil, prim\u00e0ria, secund\u00e0ria, batxillerat, formaci\u00f3 professional i professorat universitari. <\/p>\n\n\n\n<p class=\"has-medium-font-size\">D\u2019aquest volum d&#8217;activitats cal destacar la\u00a0varietat de les modalitats formatives, l\u2019amplitud\u00a0de les\u00a0etapes educatives\u00a0a qui s\u2019adre\u00e7a, l\u2019extensi\u00f3 territorial\u00a0que cobreix i l\u2019aposta per una formaci\u00f3 continuada\u00a0innovadora, competencial, digital, variada, espec\u00edfica i transversal\u00a0alhora. Per aconseguir-ho, la secci\u00f3 de Formaci\u00f3 no Universit\u00e0ria (FNU) de l\u2019ICE-SAID mant\u00e9 una interlocuci\u00f3 constant amb les facultats i escoles de la UdG, gr\u00e0cies als\u00a0equips i seminaris ICE. <\/p>\n\n\n\n<p class=\"has-medium-font-size\">La simbiosi d\u2019aquests grups de treball mixtos (docents no universitaris i docents universitaris) esdev\u00e9 un punt de trobada on conflueixen la detecci\u00f3 de necessitats educatives i la recerca cient\u00edfica que s\u2019est\u00e0 fent a la UdG. Algunes d\u2019aquestes activitats formatives s\u2019han dut a terme en col\u00b7laboraci\u00f3 amb altres institucions compromeses amb la\u00a0millora educativa,\u00a0com els CRP de comarques gironines, Ademgi, els ICE de les altres universitats catalanes, l\u2019Ajuntament de Girona, RoboloTEAM, el CASFU, la Diputaci\u00f3 de Girona i amb l\u2019Escola de Doctors i Llicenciats. \u00c9s per aix\u00f2 que cal posar en relleu, m\u00e9s enll\u00e0 de les dades quantitatives, la qualitat i la flu\u00efdesa d\u2019aquestes col\u00b7laboracions.<\/p>\n\n\n\n<p class=\"has-medium-font-size\"><a href=\"https:\/\/docs.google.com\/spreadsheets\/d\/e\/2PACX-1vRDV4Uq9fV1j6HvfRCyJ_SJbras-pg_lTFT1JBKKM-IgzFRur_jeTrZVRAz011dam8BpO60CP2dzQBX\/pubhtml?urp=gmail_link#\" data-type=\"URL\" data-id=\"https:\/\/docs.google.com\/spreadsheets\/d\/e\/2PACX-1vRDV4Uq9fV1j6HvfRCyJ_SJbras-pg_lTFT1JBKKM-IgzFRur_jeTrZVRAz011dam8BpO60CP2dzQBX\/pubhtml?urp=gmail_link#\">Mem\u00f2ria gr\u00e0fica. Explotaci\u00f3 de dades global.<\/a><\/p>\n\n\n\n<p><\/p>\n","protected":false},"excerpt":{"rendered":"<p>Durant el\u00a0curs 2024-2025 l\u2019Institut de Ci\u00e8ncies de l\u2019Educaci\u00f3 Josep Pallach \u2013 Servei d&#8217;Aprenentatge i Innovaci\u00f3 Docent ha organitzat\u00a084 accions formatives\u00a0que formen part del Pla de Formaci\u00f3 Permanent del Departament d\u2019Educaci\u00f3, en les quals han participat\u00a0366 persones formadores\u00a0i m\u00e9s de\u00a02.579 docents\u00a0d\u2019educaci\u00f3 infantil, prim\u00e0ria, secund\u00e0ria, batxillerat, formaci\u00f3 professional i professorat universitari. D\u2019aquest volum d&#8217;activitats cal destacar la\u00a0varietat [&hellip;]<\/p>\n","protected":false},"author":1,"featured_media":0,"parent":20902,"menu_order":0,"comment_status":"closed","ping_status":"closed","template":"","meta":{"footnotes":""},"class_list":["post-20997","page","type-page","status-publish","hentry"],"_links":{"self":[{"href":"https:\/\/iceberg.udg.edu\/index.php?rest_route=\/wp\/v2\/pages\/20997","targetHints":{"allow":["GET"]}}],"collection":[{"href":"https:\/\/iceberg.udg.edu\/index.php?rest_route=\/wp\/v2\/pages"}],"about":[{"href":"https:\/\/iceberg.udg.edu\/index.php?rest_route=\/wp\/v2\/types\/page"}],"author":[{"embeddable":true,"href":"https:\/\/iceberg.udg.edu\/index.php?rest_route=\/wp\/v2\/users\/1"}],"replies":[{"embeddable":true,"href":"https:\/\/iceberg.udg.edu\/index.php?rest_route=%2Fwp%2Fv2%2Fcomments&post=20997"}],"version-history":[{"count":2,"href":"https:\/\/iceberg.udg.edu\/index.php?rest_route=\/wp\/v2\/pages\/20997\/revisions"}],"predecessor-version":[{"id":21367,"href":"https:\/\/iceberg.udg.edu\/index.php?rest_route=\/wp\/v2\/pages\/20997\/revisions\/21367"}],"up":[{"embeddable":true,"href":"https:\/\/iceberg.udg.edu\/index.php?rest_route=\/wp\/v2\/pages\/20902"}],"wp:attachment":[{"href":"https:\/\/iceberg.udg.edu\/index.php?rest_route=%2Fwp%2Fv2%2Fmedia&parent=20997"}],"curies":[{"name":"wp","href":"https:\/\/api.w.org\/{rel}","templated":true}]}}