{"id":20998,"date":"2025-09-09T14:05:17","date_gmt":"2025-09-09T12:05:17","guid":{"rendered":"https:\/\/icebergng.udg.edu\/?page_id=20998"},"modified":"2025-10-02T12:17:52","modified_gmt":"2025-10-02T10:17:52","slug":"compartim-coneixement","status":"publish","type":"page","link":"https:\/\/iceberg.udg.edu\/?page_id=20998","title":{"rendered":"Compartim coneixement"},"content":{"rendered":"\n<p>Durant el curs 2024-2025 les persones que formem l&#8217;ICE-SAID hem participat en diverses activitats (congressos, jornades, esdeveniments, confer\u00e8ncies&#8230;), que han aportat coneixement a l&#8217;equip per poder seguir oferint un acompanyament actualitzat en innovaci\u00f3 docent i formaci\u00f3 a la comunitat UdG.+<\/p>\n\n\n\n<p>Tot seguit us oferim una relaci\u00f3 d&#8217;aquesta participaci\u00f3.<\/p>\n\n\n\n<h2 class=\"wp-block-heading\">XIII Congr\u00e9s CIDUI<\/h2>\n\n\n\n<p><a href=\"https:\/\/www.cidui.org\/xiii-congres-cidui-2025\/programa\/\" data-type=\"URL\" data-id=\"https:\/\/www.cidui.org\/xiii-congres-cidui-2025\/programa\/\">XIII Congr\u00e9s CIDUI 2025<\/a><\/p>\n\n\n\n<p><em>Barcelona, del 9 al 11 de juliol de 2025<\/em><\/p>\n\n\n\n<p>El CIDUI, Congr\u00e9s Internacional de Doc\u00e8ncia Universit\u00e0ria i Innovaci\u00f3 Docent, est\u00e0 organitzat pels Instituts de Ci\u00e8ncies de l\u2019Educaci\u00f3 o unitats similars de suport a la formaci\u00f3 i la doc\u00e8ncia de les vuit universitats p\u00fabliques de Catalunya i l\u2019Associaci\u00f3 Catalana d\u2019Universitats P\u00fabliques. Es tracta d&#8217;un congr\u00e9s \u00e0mpliament reconegut que compta amb vint-i-cinc anys d&#8217;experi\u00e8ncia i que t\u00e9 per objectiu fomentar el debat i l&#8217;intercanvi d&#8217;idees i experi\u00e8ncies sobre innovaci\u00f3 docent a l&#8217;educaci\u00f3 superior. Amb una periodicitat biennal, enguany s&#8217;ha organitzat la tretzena edici\u00f3 amb el t\u00edtol &#8220;Docents d&#8217;avui per a la universitat del dem\u00e0&#8221;.&nbsp;<\/p>\n\n\n\n<p>Des l&#8217;ICE s&#8217;hi ha participat presentant una comunicaci\u00f3 sobre &#8220;La implementaci\u00f3 de la innovaci\u00f3 docent a la Universitat de Girona a partir de les Xarxes i els Grups d&#8217;Innovaci\u00f3 Docent. Una traject\u00f2ria de 15 anys&#8221;, a c\u00e0rrec de S\u00edlvia Aznar, David Ballester i Pere Cornell\u00e0.<\/p>\n\n\n\n<p><\/p>\n\n\n\n<h2 class=\"wp-block-heading\">XIV Congr\u00e9s ACLES<\/h2>\n\n\n\n<p><a href=\"https:\/\/acles.csidiomas.ua.es\/2025\/es\/programa\" target=\"_blank\" rel=\"noreferrer noopener\">XIII Congr\u00e9s ACLES 2025<\/a><\/p>\n\n\n\n<p><em>Alacant, del 10 al 12 de juliol de 2025<\/em><\/p>\n\n\n\n<p>L&#8217;objectiu del Congr\u00e9s \u00e9s reflexionar sobre els centres de lleng\u00fces, m\u00e9s enll\u00e0 de la certificaci\u00f3, davant una nova generaci\u00f3 d&#8217;estudiants, aix\u00ed com refor\u00e7ar la col\u00b7laboraci\u00f3 interuniversit\u00e0ria que ACLES potencia mitjan\u00e7ant els grups de treball.<\/p>\n\n\n\n<p>El XIV Congr\u00e9s ACLES ha reunit docents i investigadors experts en l&#8217;ensenyament de lleng\u00fces estrangeres en l&#8217;\u00e0mbit universitari per establir un entorn de treball i un f\u00f2rum de discussi\u00f3 acad\u00e8mica i investigadora on compartir coneixement, experi\u00e8ncies i idees al voltant de tres l\u00ednies tem\u00e0tiques principals:<\/p>\n\n\n\n<ul class=\"wp-block-list\">\n<li>Motivaci\u00f3 a l&#8217;aula de lleng\u00fces: la generaci\u00f3 Z, un nou tipus d&#8217;aprenent?<\/li>\n\n\n\n<li>Centres de lleng\u00fces a la universitat del futur: visibilitat, import\u00e0ncia estrat\u00e8gica i encaix en la pol\u00edtica universit\u00e0ria<\/li>\n\n\n\n<li>Inclusi\u00f3 i diversitat a l&#8217;ensenyament i l&#8217;avaluaci\u00f3. Interculturalitat cr\u00edtica i el seu paper en el futur de l&#8217;ensenyament de lleng\u00fces<\/li>\n\n\n\n<li>Oportunitats i reptes en l&#8217;era de la transformaci\u00f3 digital i la IA: ensenyament, avaluaci\u00f3 i traducci\u00f3<\/li>\n\n\n\n<li>Paper dels centres de lleng\u00fces en la internacionalitzaci\u00f3 del curr\u00edculum, l&#8217;EMI i les seves conseq\u00fc\u00e8ncies. Paper en la pol\u00edtica universit\u00e0ria<\/li>\n<\/ul>\n\n\n\n<p>Igualment, ha estat un punt de trobada on poder dialogar al voltant de tres l\u00ednies tem\u00e0tiques addicionals de rellev\u00e0ncia per a la tasca que realitzen els centres de lleng\u00fces en el si de les universitats a qu\u00e8 serveixen:<\/p>\n\n\n\n<ul class=\"wp-block-list\">\n<li>Traducci\u00f3 als centres universitaris de lleng\u00fces<\/li>\n\n\n\n<li>Qualitat en centres universitaris de lleng\u00fces<\/li>\n\n\n\n<li>Disseny universal d&#8217;aprenentatge: ensenyament i avaluaci\u00f3.<\/li>\n<\/ul>\n\n\n\n<p>S&#8217;hi ha participat amb la presentaci\u00f3 de les comunicaci\u00f3 &#8220;EME perception, language competence and identity. El punto de vista del estudiantado y del profesorado&#8221;.<br><\/p>\n\n\n\n<h2 class=\"wp-block-heading\">JUTE. Edu-Transformaci\u00f3: Redefinint l&#8217;ensenyament-aprenentatge a l&#8217;era digital<\/h2>\n\n\n\n<p><a href=\"https:\/\/www.jute2025uva.es\/127263\/section\/54687\/jute-2025.html\" data-type=\"URL\" data-id=\"https:\/\/www.jute2025uva.es\/127263\/section\/54687\/jute-2025.html\">JUTE<\/a><\/p>\n\n\n\n<p><em>Valladolid, del 25 al 27 de juny de 2025<\/em><\/p>\n\n\n\n<p>Les Jornades Universit\u00e0ries de Tecnologia Educativa representen un espai de trobada, debat i reflexi\u00f3 per a docents, investigadors i professionals interessats a repensar el paper de la innovaci\u00f3 pedag\u00f2gica. \u00c9s una trobada per q\u00fcestionar, aprendre i compartir experi\u00e8ncies sobre els processos de canvi que redefineixin l&#8217;educaci\u00f3.<\/p>\n\n\n\n<p>Aquestes jornades estan dirigides a docents, investigadors, gestors educatius i estudiants interessats a liderar el canvi pedag\u00f2gic.<\/p>\n\n\n\n<p>L&#8217;edici\u00f3 d&#8217;enguany se centra en l&#8217;<em>Edu-transformaci\u00f3<\/em>. Vivim en un m\u00f3n on el canvi \u00e9s l&#8217;\u00fanica constant. La irrupci\u00f3 de les tecnologies digitals ha transformat radicalment com ensenyem, aprenem i ens relacionem en el proc\u00e9s educatiu. Per\u00f2 realment hem canviat les nostres metodologies o simplement hem adaptat eines noves a models tradicionals?<\/p>\n\n\n\n<p>Durant tres dies, les persones participants han reflexionat sobre aquesta pregunta, han participat en debats i han avan\u00e7at a oferir solucions perqu\u00e8 la tecnologia educativa sigui motor de canvi i transformaci\u00f3.<\/p>\n\n\n\n<h2 class=\"wp-block-heading\">eLearning Experience 2025<\/h2>\n\n\n\n<p><a href=\"https:\/\/www.elearningexperience.es\/programacion\/\" data-type=\"URL\" data-id=\"https:\/\/www.elearningexperience.es\/programacion\/\">eLearning Experience 2025<\/a><\/p>\n\n\n\n<p><em>Val\u00e8ncia, 29 i 30 de maig de 2025<\/em><\/p>\n\n\n\n<p>Des del 2016, eLearning Experience s&#8217;ha consolidat com un esdeveniment de refer\u00e8ncia en l&#8217;\u00e0mbit de la formaci\u00f3 en l\u00ednia i la innovaci\u00f3 educativa. Nascut amb l&#8217;objectiu de compartir les darreres novetats i millors pr\u00e0ctiques en entorns d&#8217;aprenentatge digital, aquesta trobada ha reunit cada any l\u00edders del sector, incloent experts en tecnologia educativa, professionals de la formaci\u00f3 en l\u00ednia i fabricants de plataformes i solucions d&#8217;eLearning, tot orquestrat per Samoo by Pentec.<\/p>\n\n\n\n<p>Al llarg de les seves edicions, l&#8217;esdeveniment ha evolucionat per abordar els reptes m\u00e9s actuals a l&#8217;\u00e0mbit de l&#8217;aprenentatge digital, des de la implementaci\u00f3 de tecnologies emergents fins a la transformaci\u00f3 de metodologies d&#8217;ensenyament a universitats, administracions p\u00fabliques i grans corporacions. Amb una assist\u00e8ncia creixent i la participaci\u00f3 de figures clau del sector, eLearning Experience ha esdevingut un espai imprescindible per a l&#8217;intercanvi de coneixements, la inspiraci\u00f3 i el networking entre els principals actors de l&#8217;educaci\u00f3 i la formaci\u00f3 digital.<\/p>\n\n\n\n<p>L&#8217;edici\u00f3 d&#8217;enguany ha estat la setena i ha girat al voltant del lema \u201cLiving the experience\u201d per refor\u00e7ar el concepte de l&#8217;\u00fas de les tecnologies educatives a les experi\u00e8ncies d&#8217;aprenentatge.<\/p>\n\n\n\n<h2 class=\"wp-block-heading\">MoodleMoot Spain 2025<\/h2>\n\n\n\n<p><a href=\"https:\/\/moodlemoot.es\/\/theme\/fresk\/program.php?day=3\" data-type=\"URL\" data-id=\"https:\/\/moodlemoot.es\/\/theme\/fresk\/program.php?day=3\">MoodleMoot Spain 2025<\/a><\/p>\n\n\n\n<p><em>Val\u00e8ncia, del 2 al 4 d&#8217;abril de 2025<\/em><\/p>\n\n\n\n<p>MoodleMoot Espanya 2025 \u00e9s un esdeveniment educatiu de gran rellev\u00e0ncia que aplega docents, experts en tecnologia educativa i professionals de l&#8217;\u00e0mbit digital per compartir coneixements, innovacions i noves tend\u00e8ncies en l&#8217;aprenentatge digital. L&#8217;esdeveniment est\u00e0 enfocat a l&#8217;\u00fas de Moodle, la plataforma educativa de codi obert m\u00e9s utilitzada a nivell global, i el seu impacte en el desenvolupament i la transformaci\u00f3 de l&#8217;educaci\u00f3. A trav\u00e9s de confer\u00e8ncies, tallers i activitats interactives, els assistents podran explorar noves metodologies pedag\u00f2giques que revolucionen el sector educatiu, aix\u00ed com la integraci\u00f3 d&#8217;eines tecnol\u00f2giques en els processos d&#8217;ensenyament i aprenentatge.<\/p>\n\n\n\n<p>MoodleMoot Espanya 2025 s&#8217;ha celebrat en un entorn acad\u00e8mic de prestigi com \u00e9s la Universitat de Val\u00e8ncia, que compta amb una rica traject\u00f2ria de 525 anys a l&#8217;\u00e0mbit educatiu. L&#8217;esdeveniment es converteix en una oportunitat \u00fanica per compartir experi\u00e8ncies entre experts, professionals i educadors, que podran debatre sobre els reptes i les oportunitats que presenta l&#8217;educaci\u00f3 digital actualment. Els assistents tindran acc\u00e9s a una varietat de confer\u00e8ncies, tallers i seminaris on es discutiran temes com la innovaci\u00f3 tecnol\u00f2gica a l&#8217;ensenyament, l&#8217;\u00fas d&#8217;eines digitals per potenciar l&#8217;aprenentatge, la gesti\u00f3 d&#8217;aules virtuals i les millors pr\u00e0ctiques pedag\u00f2giques. A m\u00e9s, l&#8217;esdeveniment ser\u00e0 una excel\u00b7lent ocasi\u00f3 per crear xarxes de contacte, intercanviar idees i col\u00b7laborar amb altres professionals del sector, impulsant la transformaci\u00f3 digital a l&#8217;educaci\u00f3.<\/p>\n\n\n\n<h2 class=\"wp-block-heading\">Jornada ACLES de traducci\u00f3. &#8220;Gesti\u00f3, traducci\u00f3 institucional i innovaci\u00f3 tecnol\u00f2gica&#8221;<\/h2>\n\n\n\n<p><a href=\"https:\/\/www.uab.cat\/web\/idiomes-uab-campus\/assessorament-linguistic\/jornada-d-acles-de-traduccio-1345943762295.html\" target=\"_blank\" rel=\"noreferrer noopener\">Jornada ACLES de traducci\u00f3 2025<\/a><\/p>\n\n\n\n<p><em>Bellaterra, 20 i 21 de mar\u00e7 de 2025<\/em><\/p>\n\n\n\n<p>La jornada est\u00e0 concebuda com un espai de trobada dels serveis ling\u00fc\u00edstics i centres de llengua universitaris per reflexionar sobre els reptes i les oportunitats que sorgeixen en la gesti\u00f3 dels serveis de traducci\u00f3, el paper clau de la traducci\u00f3 en l\u2019\u00e0mbit institucional i l\u2019impacte de les tecnologies emergents en aquesta disciplina.<\/p>\n\n\n\n<p>Tem\u00e0tiques principals<\/p>\n\n\n\n<ul class=\"wp-block-list\">\n<li>Gesti\u00f3 de serveis de traducci\u00f3<strong>:<\/strong>&nbsp;estrat\u00e8gies, organitzaci\u00f3 i bones pr\u00e0ctiques.&nbsp;<\/li>\n\n\n\n<li>Traducci\u00f3 institucional<strong>:<\/strong>&nbsp;el rol de la traducci\u00f3 en organismes oficials, universitats i empreses.&nbsp;<\/li>\n\n\n\n<li>Innovacions tecnol\u00f2giques:&nbsp;intel\u00b7lig\u00e8ncia artificial, traducci\u00f3 autom\u00e0tica i eines per a la gesti\u00f3 de projectes de traducci\u00f3.&nbsp;<\/li>\n\n\n\n<li>La qualitat en la traducci\u00f3 profe<strong>ss<\/strong>ional<strong>:<\/strong>&nbsp;criteris, m\u00e8triques i certificacions.&nbsp;<\/li>\n\n\n\n<li>Reptes \u00e8tics i culturals:&nbsp;equilibrar la tecnologia amb la preservaci\u00f3 de la dimensi\u00f3 humana en la traducci\u00f3.&nbsp;<\/li>\n\n\n\n<li>Experi\u00e8ncies i projectes d\u2019\u00e8xit:&nbsp;projectes col\u00b7laboratius, experi\u00e8ncies institucionals i solucions innovadores.&nbsp;<\/li>\n<\/ul>\n\n\n\n<p>S&#8217;ha participat en la taula rodona &#8220;Models de gesti\u00f3 de serveis de traducci\u00f3&#8221;. <\/p>\n\n\n\n<h2 class=\"wp-block-heading\">EdTech Congress Barcelona <\/h2>\n\n\n\n<p><a href=\"https:\/\/edtechcongressbcn.com\/edtech-congress-2025-home\/\" data-type=\"URL\" data-id=\"https:\/\/edtechcongressbcn.com\/edtech-congress-2025-home\/\">EdTech Congress <\/a><\/p>\n\n\n\n<p><em>Barcelona, 18 i 19 de febrer de 2025<\/em><\/p>\n\n\n\n<p>EdTech Congress Barcelona,\u200b\u200bimpulsat per Edutech Cl\u00faster, \u00e9s un congr\u00e9s de refer\u00e8ncia en tecnologia educativa.<\/p>\n\n\n\n<p>\u00c9s un espai de reflexi\u00f3 i debat. Un punt de trobada per aprendre i compartir entre equips directius de centres educatius i universitats, investigadors, l\u00edders de l\u2019administraci\u00f3 p\u00fablica, gestors, empreses i tecn\u00f2legs per abordar els reptes del sector educatiu. Una oportunitat per compartir el present i el futur de l&#8217;educaci\u00f3.<\/p>\n\n\n\n<p>En aquesta edici\u00f3 ha comptat amb m\u00e9s de 1600 persones assistents que han pogut gaudir de 22 sessions ofertes per un total de 50 ponents.<\/p>\n\n\n\n<p>Un dels punts forts d&#8217;EdTech Congress Barcelona \u00e9s la possibilitat que els participants tenen de posar-se en contacte amb m\u00e9s de 50 empreses i startups expositores per poder con\u00e8ixer, de primera m\u00e0, l&#8217;oferta m\u00e9s capdavantera en tecnologia educativa.<\/p>\n\n\n\n<p><\/p>\n\n\n\n<h2 class=\"wp-block-heading\">SIMO Educaci\u00f3 2024<\/h2>\n\n\n\n<p><a href=\"https:\/\/intef.es\/Noticias\/intef-participa-en-simo-educacion-2024\/\" data-type=\"URL\" data-id=\"https:\/\/intef.es\/Noticias\/intef-participa-en-simo-educacion-2024\/\">SIMO Educaci\u00f3 2024<\/a><\/p>\n\n\n\n<p><em>Madrid, del 19 al 21 de novembre de 202<\/em>4<\/p>\n\n\n\n<p>SIMO Educaci\u00f3n \u00e9s una fira internacional sobre tecnologia per a l&#8217;ensenyament organitzada a Madrid. Aquest esdeveniment reuneix professionals del sector educatiu, incloent professors, directors d&#8217;escoles, responsables d&#8217;institucions educatives, empreses tecnol\u00f2giques i startups, per explorar les \u00faltimes innovacions i solucions tecnol\u00f2giques aplicades a l&#8217;educaci\u00f3.<\/p>\n\n\n\n<p>Durant SIMO Educaci\u00f3n, es presenten una \u00e0mplia varietat de productes i serveis relacionats amb l&#8217;educaci\u00f3 digital, com ara plataformes d&#8217;aprenentatge en l\u00ednia, eines de gesti\u00f3 escolar, dispositius educatius, aplicacions de realitat augmentada i virtual, entre d&#8217;altres. L&#8217;esdeveniment inclou tamb\u00e9 confer\u00e8ncies, tallers, demostracions i activitats interactives, proporcionant als assistents l&#8217;oportunitat d&#8217;aprendre sobre les novetats del sector, compartir experi\u00e8ncies i establir contactes professionals.<\/p>\n\n\n\n<p>A m\u00e9s, SIMO Educaci\u00f3n sovint presenta projectes innovadors i reconeix les millors pr\u00e0ctiques i iniciatives destacades en l&#8217;\u00e0mbit de l&#8217;educaci\u00f3 tecnol\u00f2gica, contribuint aix\u00ed al desenvolupament i a la transformaci\u00f3 de l&#8217;educaci\u00f3 a trav\u00e9s de les noves tecnologies.<\/p>\n\n\n\n<p><\/p>\n\n\n\n<h2 class=\"wp-block-heading\"><br>VI Jornada del Grupo de Inter\u00e9s en Evaluaci\u00f3n de Lenguas en Espa\u00f1a (GIELE). &#8220;Conceptos clave de evaluaci\u00f3n en el contexto actual&#8221;<\/h2>\n\n\n\n<p><a href=\"https:\/\/giele.webs.upv.es\/vi-jornada-giele\/\" data-type=\"URL\" data-id=\"https:\/\/giele.webs.upv.es\/vi-jornada-giele\/\">VI Jornada GIELE 2024<\/a><\/p>\n\n\n\n<p><em>Cadis, 15 i 16 de novembre de 2024<\/em><\/p>\n\n\n\n<p>L&#8217;objectiu de la Jornada \u00e9s avan\u00e7ar en el treball en equip i la col\u00b7laboraci\u00f3 entre totes les institucions que formen part del grup, concretament en cinc \u00e0rees de treball claus per a les bones pr\u00e0ctiques en l&#8217;avaluaci\u00f3:<\/p>\n\n\n\n<ul class=\"wp-block-list\">\n<li>Redacci\u00f3 d&#8217;\u00edtems i especificacions<\/li>\n\n\n\n<li>Formaci\u00f3 de persones avaluadores. Estandarditzaci\u00f3 de criteris<\/li>\n\n\n\n<li>Fixaci\u00f3 d&#8217;est\u00e0ndards d&#8217;acord amb el MECR<\/li>\n\n\n\n<li>Avaluaci\u00f3 a l&#8217;aula<\/li>\n\n\n\n<li>Atenci\u00f3 a la diversitat. Adaptacions <br><\/li>\n<\/ul>\n","protected":false},"excerpt":{"rendered":"<p>Durant el curs 2024-2025 les persones que formem l&#8217;ICE-SAID hem participat en diverses activitats (congressos, jornades, esdeveniments, confer\u00e8ncies&#8230;), que han aportat coneixement a l&#8217;equip per poder seguir oferint un acompanyament actualitzat en innovaci\u00f3 docent i formaci\u00f3 a la comunitat UdG.+ Tot seguit us oferim una relaci\u00f3 d&#8217;aquesta participaci\u00f3. XIII Congr\u00e9s CIDUI XIII Congr\u00e9s CIDUI 2025 [&hellip;]<\/p>\n","protected":false},"author":1,"featured_media":0,"parent":20902,"menu_order":0,"comment_status":"closed","ping_status":"closed","template":"","meta":{"footnotes":""},"class_list":["post-20998","page","type-page","status-publish","hentry"],"_links":{"self":[{"href":"https:\/\/iceberg.udg.edu\/index.php?rest_route=\/wp\/v2\/pages\/20998","targetHints":{"allow":["GET"]}}],"collection":[{"href":"https:\/\/iceberg.udg.edu\/index.php?rest_route=\/wp\/v2\/pages"}],"about":[{"href":"https:\/\/iceberg.udg.edu\/index.php?rest_route=\/wp\/v2\/types\/page"}],"author":[{"embeddable":true,"href":"https:\/\/iceberg.udg.edu\/index.php?rest_route=\/wp\/v2\/users\/1"}],"replies":[{"embeddable":true,"href":"https:\/\/iceberg.udg.edu\/index.php?rest_route=%2Fwp%2Fv2%2Fcomments&post=20998"}],"version-history":[{"count":2,"href":"https:\/\/iceberg.udg.edu\/index.php?rest_route=\/wp\/v2\/pages\/20998\/revisions"}],"predecessor-version":[{"id":21371,"href":"https:\/\/iceberg.udg.edu\/index.php?rest_route=\/wp\/v2\/pages\/20998\/revisions\/21371"}],"up":[{"embeddable":true,"href":"https:\/\/iceberg.udg.edu\/index.php?rest_route=\/wp\/v2\/pages\/20902"}],"wp:attachment":[{"href":"https:\/\/iceberg.udg.edu\/index.php?rest_route=%2Fwp%2Fv2%2Fmedia&parent=20998"}],"curies":[{"name":"wp","href":"https:\/\/api.w.org\/{rel}","templated":true}]}}