{"id":20999,"date":"2025-09-09T14:05:50","date_gmt":"2025-09-09T12:05:50","guid":{"rendered":"https:\/\/icebergng.udg.edu\/?page_id=20999"},"modified":"2025-10-02T12:20:10","modified_gmt":"2025-10-02T10:20:10","slug":"difusio","status":"publish","type":"page","link":"https:\/\/iceberg.udg.edu\/?page_id=20999","title":{"rendered":"Difusi\u00f3"},"content":{"rendered":"\n<p>L\u2019ICE-SAID utilitza diferents canals per fer arribar la seva acci\u00f3 i activitats a les persones a les quals es dirigeix. Aquests canals s\u00f3n:<\/p>\n\n\n\n<ol class=\"wp-block-list\">\n<li><a href=\"#paginesweb\" data-type=\"internal\" data-id=\"#paginesweb\">P\u00e0gines web<\/a><\/li>\n\n\n\n<li><a href=\"#butlletins\">Butlletins informatius<\/a><\/li>\n\n\n\n<li><a href=\"#xarxes\" data-type=\"internal\" data-id=\"#xarxes\">Xarxes socials<\/a><\/li>\n\n\n\n<li><a href=\"#linktree\">Linktree<\/a><\/li>\n\n\n\n<li><a href=\"#campanyes\" data-type=\"internal\" data-id=\"#campanyes\">Campanyes i marxandatge<\/a><\/li>\n<\/ol>\n\n\n\n<p><\/p>\n\n\n\n<h2 class=\"wp-block-heading\" id=\"paginesweb\">1. P\u00e0gines web<\/h2>\n\n\n\n<p> L\u2019ICE-SAID disposa de diferents espais web per difondre la seva activitat. &nbsp;<\/p>\n\n\n\n<p>D&#8217;una banda, el web www.udg.edu\/ice, dins el portal de la Universitat de Girona, inclou informaci\u00f3 relacionada amb la innovaci\u00f3 docent i les activitats de formaci\u00f3 per a professorat universitari i no universitari.&nbsp;<\/p>\n\n\n\n<p>D\u2019altra banda, dins el portal de la UdG, l\u2019ICE-SAID informa sobre totes les q\u00fcestions relacionades amb l\u2019aprenentatge de lleng\u00fces al <a href=\"https:\/\/www.udg.edu\/ca\/llengues\/\" target=\"_blank\" rel=\"noreferrer noopener\">lloc web<\/a> UdGLleng\u00fces. Aqu\u00ed s\u2019hi presenta l\u2019oferta de cursos, la informaci\u00f3 relacionada amb ex\u00e0mens oficials, i recursos i serveis com UdGBabel o l\u2019acollida ling\u00fc\u00edstica. Tamb\u00e9 recull la informaci\u00f3 sobre pol\u00edtica ling\u00fc\u00edstica a la UdG.&nbsp;<\/p>\n\n\n\n<p>L\u2019oferta formativa per a PTGAS i PDI es pot consultar a <a rel=\"noreferrer noopener\" href=\"https:\/\/apps.udg.edu\/MAU\/rh\/Client\/Oferta\" target=\"_blank\">aquest portal<\/a>. &nbsp;<\/p>\n\n\n\n<p>L\u2019ICE-SAID tamb\u00e9 disposa del <a rel=\"noreferrer noopener\" href=\"https:\/\/iceberg.udg.edu\/\" target=\"_blank\">blog ICEberg<\/a>, un espai per compartir informaci\u00f3 sobre innovaci\u00f3 i creativitat a l\u2019aula. Aquest espai inclou materials sobre metodologies docents actives, el cat\u00e0leg d\u2019activitats formatives, recursos docents, informaci\u00f3 sobre perspectiva de g\u00e8nere a la doc\u00e8ncia, i els ICEdays.<\/p>\n\n\n\n<p><\/p>\n\n\n\n<h2 class=\"wp-block-heading\" id=\"butlletins\">2. Butlletins informatius<\/h2>\n\n\n\n<p>L\u2019ICE-SAID difon dos butlletins.&nbsp;<\/p>\n\n\n\n<p>El butllet\u00ed ICEberg s&#8217;envia dues vegades cada mes a les persones que hi accedeixen a trav\u00e9s d&#8217;una <a href=\"https:\/\/iceberg.udg.edu\/?page_id=10958\" data-type=\"URL\" data-id=\"https:\/\/iceberg.udg.edu\/?page_id=10958\">subscripci\u00f3 lliure<\/a>. El butllet\u00ed recull l\u2019<a href=\"https:\/\/iceberg.udg.edu\/?page_id=11549\">oferta formativa amb matr\u00edcula oberta<\/a>, <a href=\"https:\/\/iceberg.udg.edu\/\" data-type=\"URL\" data-id=\"https:\/\/iceberg.udg.edu\/\">not\u00edcies<\/a> i <a href=\"https:\/\/iceberg.udg.edu\/?page_id=59\">recursos docents.<\/a>&nbsp;<\/p>\n\n\n\n<p>El butllet\u00ed dirigit a la comunitat del PTGAS s&#8217;envia una vegada al mes i informa de totes les activitats formatives amb matr\u00edcula oberta.&nbsp;<br><\/p>\n\n\n\n<h2 class=\"wp-block-heading\" id=\"xarxes\">3. Xarxes Socials <\/h2>\n\n\n\n<p>L\u2019ICE-SAID t\u00e9 pres\u00e8ncia a les xarxes Instagram, YouTube i Bluesky.<\/p>\n\n\n\n<p>L\u2019ICE-SAID \u00e9s a Instagram amb els perfils <a href=\"https:\/\/www.instagram.com\/iceudg\/\" data-type=\"URL\" data-id=\"https:\/\/www.instagram.com\/iceudg\/\" target=\"_blank\" rel=\"noreferrer noopener\">@iceudg<\/a> (820 seguidors) i <a rel=\"noreferrer noopener\" href=\"https:\/\/www.instagram.com\/udgllengues\/\" target=\"_blank\">@udgllengues<\/a> (773 seguidors)&nbsp;<\/p>\n\n\n\n<p>A YouTube, l\u2019ICE-SAID t\u00e9 un <a rel=\"noreferrer noopener\" href=\"https:\/\/www.youtube.com\/channel\/UCTOSFJFY2UUHho3i63-OYVQ\/featured\" target=\"_blank\">canal sobre innovaci\u00f3 docent<\/a> (195 subscriptors i 120 v\u00eddeos) i el <a rel=\"noreferrer noopener\" href=\"https:\/\/www.youtube.com\/channel\/UCR9yTkR6HXN5fhQK2y0jn7w\" target=\"_blank\">canal d\u2019UdGLleng\u00fces<\/a> (13 subscriptors i 16 v\u00eddeos)&nbsp;<\/p>\n\n\n\n<p>A Bluesky, l\u2019ICE-SAID es comunica a trav\u00e9s de dos perfils:<strong> <\/strong>\u202a<a href=\"https:\/\/bsky.app\/profile\/udgicesaid.bsky.social\">@udgicesaid.bsky.social\u202c <\/a>(59 seguidors), des d\u2019on s\u2019emet informaci\u00f3 general del servei; i \u202a<a href=\"https:\/\/bsky.app\/profile\/udgllengues.bsky.social\">@udgllengues.bsky.social<\/a>\u202c (23 seguidors), des d\u2019on es publiquen continguts relacionats amb l\u2019aprenentatge de lleng\u00fces.&nbsp;<\/p>\n\n\n\n<h2 class=\"wp-block-heading\" id=\"linktree\">4. Linktree<\/h2>\n\n\n\n<p>L\u2019ICE-SAID utilitza l\u2019eina <a rel=\"noreferrer noopener\" href=\"https:\/\/linktr.ee\/iceudg\" target=\"_blank\">Linktree<\/a> per recopilar enlla\u00e7os interessants, tant fixes com temporals, i compartir-los a trav\u00e9s de les biografies dels perfils del servei a Bluesky i Instagram.&nbsp;<\/p>\n\n\n\n<h2 class=\"wp-block-heading\" id=\"campanyes\"><br>5. Campanyes i merxandatge<\/h2>\n\n\n\n<p>En aquest curs acad\u00e8mic, l\u2019ICE-SAID ha dut a terme les campanyes seg\u00fcents:&nbsp;<\/p>\n\n\n\n<ul class=\"wp-block-list\">\n<li><strong>Idiomes per triomfar:<\/strong> Campanya anual per donar a con\u00e8ixer l\u2019oferta de cursos i els ex\u00e0mens oficials amb fullets i cartells distribu\u00efts per les facultats i espais de la UdG, un b\u00e0ner a la p\u00e0gina web d\u2019UdGLleng\u00fces i publicacions a les xarxes socials.\u00a0<\/li>\n<\/ul>\n\n\n\n<ul class=\"wp-block-list\">\n<li><strong>Campanya pels drets ling\u00fc\u00edstics:<\/strong> Des de l\u2019any 2023 es va engegar una campanya per informar dels drets ling\u00fc\u00edstics de l\u2019estudiantat en l\u2019\u00e0mbit universitari. La campanya\u00a0 s\u2019ha concretat en la creaci\u00f3 i difusi\u00f3 de dos v\u00eddeos: <a rel=\"noreferrer noopener\" href=\"https:\/\/www.youtube.com\/watch?v=vsYfz3hl2iM\" target=\"_blank\">Hi tens dret!<\/a>, dif\u00f3s\u00a0 pel canal de YouTube de la UdG; i un v\u00eddeo de la campanya pel manteniment de la llengua d\u2019impartici\u00f3 de la doc\u00e8ncia que consta a la fitxa de l\u2019assignatura.<br><\/li>\n\n\n\n<li><strong>Campanya per a la detecci\u00f3 de necessitats formatives: <\/strong>Per elaborar el Pla anual de formaci\u00f3, l&#8217;ICE-SAID recull els interessos del personal de la UdG. Per garantir que totes les persones de la comunitat universit\u00e0ria s&#8217;assabentessin del per\u00edode per presentar propostes, es van dur a terme diferents accions comunicatives a trav\u00e9s de tots els canals de l&#8217;ICE-SAID i, tamb\u00e9, al canal de not\u00edcies de La Meva UdG. Entre d&#8217;altres, es van difondre dos v\u00eddeos: <a rel=\"noreferrer noopener\" href=\"https:\/\/ugirona.sharepoint.com\/sites\/UdG365_PladeformaciPAS-PDI\/_layouts\/15\/stream.aspx?id=%2Fsites%2FUdG365%5FPladeformaciPAS%2DPDI%2FDocuments%20compartits%2FPla%20anual%20de%20formaci%C3%B3%2F2025%2D2026%2FCampanya%20%2D%20Detecci%C3%B3%20de%20necessitats%20%28maig%202025%29%2FPla%20de%20formaci%C3%B3%20%28responsables%29%2Emp4&amp;referrer=StreamWebApp%2EWeb&amp;referrerScenario=AddressBarCopied%2Eview%2E0fdb1238%2D7625%2D4084%2Da405%2D5c434b451522\" target=\"_blank\">un v\u00eddeo dirigit a les persones responsables d&#8217;equips<\/a> i <a rel=\"noreferrer noopener\" href=\"https:\/\/ugirona.sharepoint.com\/sites\/UdG365_PladeformaciPAS-PDI\/_layouts\/15\/stream.aspx?id=%2Fsites%2FUdG365%5FPladeformaciPAS%2DPDI%2FDocuments%20compartits%2FPla%20anual%20de%20formaci%C3%B3%2F2025%2D2026%2FCampanya%20%2D%20Detecci%C3%B3%20de%20necessitats%20%28maig%202025%29%2FPla%20de%20formaci%C3%B3%20%28personal%29%2Emp4&amp;referrer=StreamWebApp%2EWeb&amp;referrerScenario=AddressBarCopied%2Eview%2E52e65efa%2D0b05%2D4bd6%2Dbc53%2D37ecf7ba65aa\" target=\"_blank\">un altre destinat al conjunt del personal de la instituci\u00f3<\/a>.<\/li>\n<\/ul>\n\n\n\n<p><\/p>\n\n\n\n<p>L&#8217;any 2024 es va fer un element de merxandatge del servei. Es tracta d\u2019un ventall de cart\u00f3 amb l\u2019expressi\u00f3 \u201cQuina calda!\u201d i els logotips de l\u2019ICE-SAID i d\u2019UdGLleng\u00fces. El ventall s\u2019ha distribu\u00eft durant els mesos de calor a les classes i jornades presencials de l\u2019ICE-SAID, i s\u2019han repartit per diferents espais de la Universitat. En total, s\u2019han produ\u00eft un miler d\u2019unitats.\u00a0<\/p>\n\n\n<div class=\"wp-block-image\">\n<figure class=\"aligncenter size-full\"><img loading=\"lazy\" decoding=\"async\" width=\"400\" height=\"410\" src=\"https:\/\/iceberg.udg.edu\/wp-content\/uploads\/2025\/07\/IMG_0664tallat400.400.jpg\" alt=\"\" class=\"wp-image-20432\" srcset=\"https:\/\/iceberg.udg.edu\/wp-content\/uploads\/2025\/07\/IMG_0664tallat400.400.jpg 400w, https:\/\/iceberg.udg.edu\/wp-content\/uploads\/2025\/07\/IMG_0664tallat400.400-293x300.jpg 293w\" sizes=\"auto, (max-width: 400px) 100vw, 400px\" \/><\/figure>\n<\/div>","protected":false},"excerpt":{"rendered":"<p>L\u2019ICE-SAID utilitza diferents canals per fer arribar la seva acci\u00f3 i activitats a les persones a les quals es dirigeix. Aquests canals s\u00f3n: 1. P\u00e0gines web L\u2019ICE-SAID disposa de diferents espais web per difondre la seva activitat. &nbsp; D&#8217;una banda, el web www.udg.edu\/ice, dins el portal de la Universitat de Girona, inclou informaci\u00f3 relacionada amb [&hellip;]<\/p>\n","protected":false},"author":1,"featured_media":0,"parent":20902,"menu_order":0,"comment_status":"closed","ping_status":"closed","template":"","meta":{"footnotes":""},"class_list":["post-20999","page","type-page","status-publish","hentry"],"_links":{"self":[{"href":"https:\/\/iceberg.udg.edu\/index.php?rest_route=\/wp\/v2\/pages\/20999","targetHints":{"allow":["GET"]}}],"collection":[{"href":"https:\/\/iceberg.udg.edu\/index.php?rest_route=\/wp\/v2\/pages"}],"about":[{"href":"https:\/\/iceberg.udg.edu\/index.php?rest_route=\/wp\/v2\/types\/page"}],"author":[{"embeddable":true,"href":"https:\/\/iceberg.udg.edu\/index.php?rest_route=\/wp\/v2\/users\/1"}],"replies":[{"embeddable":true,"href":"https:\/\/iceberg.udg.edu\/index.php?rest_route=%2Fwp%2Fv2%2Fcomments&post=20999"}],"version-history":[{"count":2,"href":"https:\/\/iceberg.udg.edu\/index.php?rest_route=\/wp\/v2\/pages\/20999\/revisions"}],"predecessor-version":[{"id":21373,"href":"https:\/\/iceberg.udg.edu\/index.php?rest_route=\/wp\/v2\/pages\/20999\/revisions\/21373"}],"up":[{"embeddable":true,"href":"https:\/\/iceberg.udg.edu\/index.php?rest_route=\/wp\/v2\/pages\/20902"}],"wp:attachment":[{"href":"https:\/\/iceberg.udg.edu\/index.php?rest_route=%2Fwp%2Fv2%2Fmedia&parent=20999"}],"curies":[{"name":"wp","href":"https:\/\/api.w.org\/{rel}","templated":true}]}}