{"id":59,"date":"2020-09-28T16:27:55","date_gmt":"2020-09-28T14:27:55","guid":{"rendered":"http:\/\/icewp.udg.edu\/?page_id=59"},"modified":"2022-06-30T08:44:43","modified_gmt":"2022-06-30T06:44:43","slug":"reserves","status":"publish","type":"page","link":"https:\/\/iceberg.udg.edu\/?page_id=59","title":{"rendered":"Recursos"},"content":{"rendered":"<div  class=\"ultp-post-grid-block wp-block-ultimate-post-post-grid-1 ultp-block-d9c54b\"><div class=\"ultp-block-wrapper\"><div class=\"ultp-loading\"><div class=\"ultp-loading-blocks\" style=\"width:100%;height:100%;\"><div style=\"left: 0;top: 0;animation-delay:0s;\"><\/div><div style=\"left: 21px;top: 0;animation-delay:0.125s;\"><\/div><div style=\"left: 42px;top: 0;animation-delay:0.25s;\"><\/div><div style=\"left: 0;top: 21px;animation-delay:0.875s;\"><\/div><div style=\"left: 42px;top: 21px;animation-delay:0.375s;\"><\/div><div style=\"left: 0;top: 42px;animation-delay:0.75s;\"><\/div><div style=\"left: 42px;top: 42px;animation-delay:0.625s;\"><\/div><div style=\"left: 21px;top: 42px;animation-delay:0.5s;\"><\/div><\/div><\/div><div class=\"ultp-heading-filter\"><div class=\"ultp-heading-filter-in\"><div class=\"ultp-filter-navigation\"><\/div><\/div><\/div><div class=\"ultp-block-items-wrap ultp-block-row ultp-pg1a-style1 ultp-grid1-responsive ultp-block-column-4 ultp-sm-column-2 ultp-xs-column-1 ultp-layout1\"><div class=\"ultp-block-item post-id-22272\"><div class=\"ultp-block-content-wrap\"><div class=\"ultp-block-image ultp-block-image-zoomIn\"><a href=\"https:\/\/iceberg.udg.edu\/?p=22272\" ><img decoding=\"async\"  class=\"ultp-block-image-content\"  alt=\"Vibe coding: programar amb IA seguint la intu\u00efci\u00f3\"  src=\"https:\/\/iceberg.udg.edu\/wp-content\/uploads\/2026\/04\/vibe.png\" \/><\/a><\/div><div class=\"ultp-block-content\"><h3 class=\"ultp-block-title \"><a href=\"https:\/\/iceberg.udg.edu\/?p=22272\" >Vibe coding: programar amb IA seguint la intu\u00efci\u00f3<\/a><\/h3><\/div><\/div><\/div><div class=\"ultp-block-item post-id-22170\"><div class=\"ultp-block-content-wrap\"><div class=\"ultp-block-image ultp-block-image-zoomIn\"><a href=\"https:\/\/iceberg.udg.edu\/?p=22170\" ><img decoding=\"async\"  class=\"ultp-block-image-content\"  alt=\"Wooclap: interacci\u00f3 i participaci\u00f3 en temps real a l\u2019aula\"  src=\"https:\/\/iceberg.udg.edu\/wp-content\/uploads\/2026\/03\/wooclap.png\" \/><\/a><\/div><div class=\"ultp-block-content\"><h3 class=\"ultp-block-title \"><a href=\"https:\/\/iceberg.udg.edu\/?p=22170\" >Wooclap: interacci\u00f3 i participaci\u00f3 en temps real a l\u2019aula<\/a><\/h3><\/div><\/div><\/div><div class=\"ultp-block-item post-id-22143\"><div class=\"ultp-block-content-wrap\"><div class=\"ultp-block-image ultp-block-image-zoomIn\"><a href=\"https:\/\/iceberg.udg.edu\/?p=22143\" ><img decoding=\"async\"  class=\"ultp-block-image-content\"  alt=\"Intel\u00b7lig\u00e8ncia artificial generativa i doc\u00e8ncia universit\u00e0ria\"  src=\"https:\/\/iceberg.udg.edu\/wp-content\/uploads\/2026\/03\/iagen2.png\" \/><\/a><\/div><div class=\"ultp-block-content\"><h3 class=\"ultp-block-title \"><a href=\"https:\/\/iceberg.udg.edu\/?p=22143\" >Intel\u00b7lig\u00e8ncia artificial generativa i doc\u00e8ncia universit\u00e0ria<\/a><\/h3><\/div><\/div><\/div><div class=\"ultp-block-item post-id-21903\"><div class=\"ultp-block-content-wrap\"><div class=\"ultp-block-image ultp-block-image-zoomIn\"><a href=\"https:\/\/iceberg.udg.edu\/?p=21903\" ><img decoding=\"async\"  class=\"ultp-block-image-content\"  alt=\"Wordwall: activitats interactives r\u00e0pides i reutilitzables per a l\u2019aula\"  src=\"https:\/\/iceberg.udg.edu\/wp-content\/uploads\/2026\/02\/wordwall_logo.png\" \/><\/a><\/div><div class=\"ultp-block-content\"><h3 class=\"ultp-block-title \"><a href=\"https:\/\/iceberg.udg.edu\/?p=21903\" >Wordwall: activitats interactives r\u00e0pides i reutilitzables per a l\u2019aula<\/a><\/h3><\/div><\/div><\/div><div class=\"ultp-block-item post-id-21866\"><div class=\"ultp-block-content-wrap\"><div class=\"ultp-block-image ultp-block-image-zoomIn\"><a href=\"https:\/\/iceberg.udg.edu\/?p=21866\" ><img decoding=\"async\"  class=\"ultp-block-image-content\"  alt=\"h5p.cat: comunitat de pr\u00e0ctica H5P per a continguts interactius en catal\u00e0\"  src=\"https:\/\/iceberg.udg.edu\/wp-content\/uploads\/2026\/02\/h5pcatbarra.png\" \/><\/a><\/div><div class=\"ultp-block-content\"><h3 class=\"ultp-block-title \"><a href=\"https:\/\/iceberg.udg.edu\/?p=21866\" >h5p.cat: comunitat de pr\u00e0ctica H5P per a continguts interactius en catal\u00e0<\/a><\/h3><\/div><\/div><\/div><div class=\"ultp-block-item post-id-21812\"><div class=\"ultp-block-content-wrap\"><div class=\"ultp-block-image ultp-block-image-zoomIn\"><a href=\"https:\/\/iceberg.udg.edu\/?p=21812\" ><img decoding=\"async\"  class=\"ultp-block-image-content\"  alt=\"Moodle: noves preguntes d\u2019ordenaci\u00f3 per avaluar amb m\u00e9s sentit\"  src=\"https:\/\/iceberg.udg.edu\/wp-content\/uploads\/2020\/12\/moodle.jpg\" \/><\/a><\/div><div class=\"ultp-block-content\"><h3 class=\"ultp-block-title \"><a href=\"https:\/\/iceberg.udg.edu\/?p=21812\" >Moodle: noves preguntes d\u2019ordenaci\u00f3 per avaluar amb m\u00e9s sentit<\/a><\/h3><\/div><\/div><\/div><div class=\"ultp-block-item post-id-21758\"><div class=\"ultp-block-content-wrap\"><div class=\"ultp-block-image ultp-block-image-zoomIn\"><a href=\"https:\/\/iceberg.udg.edu\/?p=21758\" ><img decoding=\"async\"  class=\"ultp-block-image-content\"  alt=\"edutekalab: noves possibilitats per crear recursos i assistents educatius amb IA\"  src=\"https:\/\/iceberg.udg.edu\/wp-content\/uploads\/2023\/11\/LabMeta-1.png\" \/><\/a><\/div><div class=\"ultp-block-content\"><h3 class=\"ultp-block-title \"><a href=\"https:\/\/iceberg.udg.edu\/?p=21758\" >edutekalab: noves possibilitats per crear recursos i assistents educatius amb IA<\/a><\/h3><\/div><\/div><\/div><div class=\"ultp-block-item post-id-21697\"><div class=\"ultp-block-content-wrap\"><div class=\"ultp-block-image ultp-block-image-zoomIn\"><a href=\"https:\/\/iceberg.udg.edu\/?p=21697\" ><img decoding=\"async\"  class=\"ultp-block-image-content\"  alt=\"\u00c8tica en joc: pensar la IA des del joc\"  src=\"https:\/\/iceberg.udg.edu\/wp-content\/uploads\/2025\/12\/eticaenjoc.png\" \/><\/a><\/div><div class=\"ultp-block-content\"><h3 class=\"ultp-block-title \"><a href=\"https:\/\/iceberg.udg.edu\/?p=21697\" >\u00c8tica en joc: pensar la IA des del joc<\/a><\/h3><\/div><\/div><\/div><div class=\"ultp-block-item post-id-21651\"><div class=\"ultp-block-content-wrap\"><div class=\"ultp-block-image ultp-block-image-zoomIn\"><a href=\"https:\/\/iceberg.udg.edu\/?p=21651\" ><img decoding=\"async\"  class=\"ultp-block-image-content\"  alt=\"Nano Banana: imaginar, transformar i crear imatges amb IA\"  src=\"https:\/\/iceberg.udg.edu\/wp-content\/uploads\/2025\/12\/nanobanana2.png\" \/><\/a><\/div><div class=\"ultp-block-content\"><h3 class=\"ultp-block-title \"><a href=\"https:\/\/iceberg.udg.edu\/?p=21651\" >Nano Banana: imaginar, transformar i crear imatges amb IA<\/a><\/h3><\/div><\/div><\/div><div class=\"ultp-block-item post-id-21623\"><div class=\"ultp-block-content-wrap\"><div class=\"ultp-block-image ultp-block-image-zoomIn\"><a href=\"https:\/\/iceberg.udg.edu\/?p=21623\" ><img decoding=\"async\"  class=\"ultp-block-image-content\"  alt=\"Mural: espai visual per pensar, col\u00b7laborar i crear\"  src=\"https:\/\/iceberg.udg.edu\/wp-content\/uploads\/2025\/11\/mural5.png\" \/><\/a><\/div><div class=\"ultp-block-content\"><h3 class=\"ultp-block-title \"><a href=\"https:\/\/iceberg.udg.edu\/?p=21623\" >Mural: espai visual per pensar, col\u00b7laborar i crear<\/a><\/h3><\/div><\/div><\/div><div class=\"ultp-block-item post-id-21493\"><div class=\"ultp-block-content-wrap\"><div class=\"ultp-block-image ultp-block-image-zoomIn\"><a href=\"https:\/\/iceberg.udg.edu\/?p=21493\" ><img decoding=\"async\"  class=\"ultp-block-image-content\"  alt=\"Lunapic: l&#8217;art de retocar sense complicacions\"  src=\"https:\/\/iceberg.udg.edu\/wp-content\/uploads\/2025\/11\/lunapic2.png\" \/><\/a><\/div><div class=\"ultp-block-content\"><h3 class=\"ultp-block-title \"><a href=\"https:\/\/iceberg.udg.edu\/?p=21493\" >Lunapic: l&#8217;art de retocar sense complicacions<\/a><\/h3><\/div><\/div><\/div><div class=\"ultp-block-item post-id-21452\"><div class=\"ultp-block-content-wrap\"><div class=\"ultp-block-image ultp-block-image-zoomIn\"><a href=\"https:\/\/iceberg.udg.edu\/?p=21452\" ><img decoding=\"async\"  class=\"ultp-block-image-content\"  alt=\"ClassQuiz: quan les preguntes creen aprenentatge\"  src=\"https:\/\/iceberg.udg.edu\/wp-content\/uploads\/2025\/10\/classquiz.png\" \/><\/a><\/div><div class=\"ultp-block-content\"><h3 class=\"ultp-block-title \"><a href=\"https:\/\/iceberg.udg.edu\/?p=21452\" >ClassQuiz: quan les preguntes creen aprenentatge<\/a><\/h3><\/div><\/div><\/div><div class=\"ultp-block-item post-id-21400\"><div class=\"ultp-block-content-wrap\"><div class=\"ultp-block-image ultp-block-image-zoomIn\"><a href=\"https:\/\/iceberg.udg.edu\/?p=21400\" ><img decoding=\"async\"  class=\"ultp-block-image-content\"  alt=\"Mindwendel: idees que creixen quan es comparteixen\"  src=\"https:\/\/iceberg.udg.edu\/wp-content\/uploads\/2025\/10\/artspace-ai-1759750648138-1.png\" \/><\/a><\/div><div class=\"ultp-block-content\"><h3 class=\"ultp-block-title \"><a href=\"https:\/\/iceberg.udg.edu\/?p=21400\" >Mindwendel: idees que creixen quan es comparteixen<\/a><\/h3><\/div><\/div><\/div><div class=\"ultp-block-item post-id-21059\"><div class=\"ultp-block-content-wrap\"><div class=\"ultp-block-image ultp-block-image-zoomIn\"><a href=\"https:\/\/iceberg.udg.edu\/?p=21059\" ><img decoding=\"async\"  class=\"ultp-block-image-content\"  alt=\"Moodle 4.5: subseccions\"  src=\"https:\/\/iceberg.udg.edu\/wp-content\/uploads\/2020\/12\/moodle.jpg\" \/><\/a><\/div><div class=\"ultp-block-content\"><h3 class=\"ultp-block-title \"><a href=\"https:\/\/iceberg.udg.edu\/?p=21059\" >Moodle 4.5: subseccions<\/a><\/h3><\/div><\/div><\/div><div class=\"ultp-block-item post-id-20443\"><div class=\"ultp-block-content-wrap\"><div class=\"ultp-block-image ultp-block-image-zoomIn\"><a href=\"https:\/\/iceberg.udg.edu\/?p=20443\" ><img decoding=\"async\"  class=\"ultp-block-image-content\"  alt=\"Moodle: actualitzaci\u00f3 a la versi\u00f3 4.5\"  src=\"https:\/\/iceberg.udg.edu\/wp-content\/uploads\/2020\/12\/moodle.jpg\" \/><\/a><\/div><div class=\"ultp-block-content\"><h3 class=\"ultp-block-title \"><a href=\"https:\/\/iceberg.udg.edu\/?p=20443\" >Moodle: actualitzaci\u00f3 a la versi\u00f3 4.5<\/a><\/h3><\/div><\/div><\/div><div class=\"ultp-block-item post-id-20369\"><div class=\"ultp-block-content-wrap\"><div class=\"ultp-block-image ultp-block-image-zoomIn\"><a href=\"https:\/\/iceberg.udg.edu\/?p=20369\" ><img decoding=\"async\"  class=\"ultp-block-image-content\"  alt=\"Miro: una eina col\u00b7laborativa per a l&#8217;educaci\u00f3 superior\"  src=\"https:\/\/iceberg.udg.edu\/wp-content\/uploads\/2025\/06\/miro3.png\" \/><\/a><\/div><div class=\"ultp-block-content\"><h3 class=\"ultp-block-title \"><a href=\"https:\/\/iceberg.udg.edu\/?p=20369\" >Miro: una eina col\u00b7laborativa per a l&#8217;educaci\u00f3 superior<\/a><\/h3><\/div><\/div><\/div><div class=\"ultp-block-item post-id-20307\"><div class=\"ultp-block-content-wrap\"><div class=\"ultp-block-image ultp-block-image-zoomIn\"><a href=\"https:\/\/iceberg.udg.edu\/?p=20307\" ><img decoding=\"async\"  class=\"ultp-block-image-content\"  alt=\"Game Map: un joc de la m\u00e0 de l&#8217;H5P\"  src=\"https:\/\/iceberg.udg.edu\/wp-content\/uploads\/2025\/06\/game-map.png\" \/><\/a><\/div><div class=\"ultp-block-content\"><h3 class=\"ultp-block-title \"><a href=\"https:\/\/iceberg.udg.edu\/?p=20307\" >Game Map: un joc de la m\u00e0 de l&#8217;H5P<\/a><\/h3><\/div><\/div><\/div><div class=\"ultp-block-item post-id-20085\"><div class=\"ultp-block-content-wrap\"><div class=\"ultp-block-image ultp-block-image-zoomIn\"><a href=\"https:\/\/iceberg.udg.edu\/?p=20085\" ><img decoding=\"async\"  class=\"ultp-block-image-content\"  alt=\"Ad\u00e9u Etiqueta, hola \u00c0rea de text i multim\u00e8dia\"  src=\"https:\/\/iceberg.udg.edu\/wp-content\/uploads\/2020\/12\/moodle.jpg\" \/><\/a><\/div><div class=\"ultp-block-content\"><h3 class=\"ultp-block-title \"><a href=\"https:\/\/iceberg.udg.edu\/?p=20085\" >Ad\u00e9u Etiqueta, hola \u00c0rea de text i multim\u00e8dia<\/a><\/h3><\/div><\/div><\/div><div class=\"ultp-block-item post-id-19978\"><div class=\"ultp-block-content-wrap\"><div class=\"ultp-block-image ultp-block-image-zoomIn\"><a href=\"https:\/\/iceberg.udg.edu\/?p=19978\" ><img decoding=\"async\"  class=\"ultp-block-image-content\"  alt=\"Moodle, IA i format GIFT\"  src=\"https:\/\/iceberg.udg.edu\/wp-content\/uploads\/2020\/12\/moodle.jpg\" \/><\/a><\/div><div class=\"ultp-block-content\"><h3 class=\"ultp-block-title \"><a href=\"https:\/\/iceberg.udg.edu\/?p=19978\" >Moodle, IA i format GIFT<\/a><\/h3><\/div><\/div><\/div><div class=\"ultp-block-item post-id-19907\"><div class=\"ultp-block-content-wrap\"><div class=\"ultp-block-image ultp-block-image-zoomIn\"><a href=\"https:\/\/iceberg.udg.edu\/?p=19907\" ><img decoding=\"async\"  class=\"ultp-block-image-content\"  alt=\"Moodle: excepcions d&#8217;usuaris i de grups\"  src=\"https:\/\/iceberg.udg.edu\/wp-content\/uploads\/2020\/12\/moodle.jpg\" \/><\/a><\/div><div class=\"ultp-block-content\"><h3 class=\"ultp-block-title \"><a href=\"https:\/\/iceberg.udg.edu\/?p=19907\" >Moodle: excepcions d&#8217;usuaris i de grups<\/a><\/h3><\/div><\/div><\/div><\/div><div class=\"ultp-pagination-wrap ultp-pagination-ajax-action\" data-paged=\"1\" data-expost=\"\"  data-blockid=\"d9c54b\" data-postid=\"59\" data-pages=\"9\" data-blockname=\"ultimate-post_post-grid-1\" data-selfpostid=\"no\"><ul class=\"ultp-pagination\"><li class=\"ultp-prev-page-numbers\" style=\"display:none\"><a href=\"https:\/\/iceberg.udg.edu\/index.php?rest_route=%2Fwp%2Fv2%2Fpages%2F59\"><svg xmlns=\"http:\/\/www.w3.org\/2000\/svg\" fill=\"none\" viewBox=\"0 0 24 24\">\n  <path stroke=\"currentColor\" stroke-linecap=\"round\" stroke-linejoin=\"round\" stroke-width=\"1.5\" d=\"m15 18-6-6 6-6\"\/>\n<\/svg>\n Previous<\/a><\/li><li class=\"ultp-first-pages\" style=\"display:none\" data-current=\"1\"><a href=\"https:\/\/iceberg.udg.edu\/index.php?rest_route=%2Fwp%2Fv2%2Fpages%2F59\">1<\/a><\/li><li class=\"ultp-first-dot\"style=\"display:none\"><a href=\"#\">&#8230;<\/a><\/li><li class=\"ultp-center-item pagination-active\" data-current=\"1\"><a href=\"https:\/\/iceberg.udg.edu\/index.php?rest_route=%2Fwp%2Fv2%2Fpages%2F59\">1<\/a><\/li><li class=\"ultp-center-item\" data-current=\"2\" ><a href=\"https:\/\/iceberg.udg.edu\/index.php?rest_route=%2Fwp%2Fv2%2Fpages%2F59&#038;paged=2\">2<\/a><\/li><li class=\"ultp-center-item\" data-current=\"3\" ><a href=\"https:\/\/iceberg.udg.edu\/index.php?rest_route=%2Fwp%2Fv2%2Fpages%2F59&#038;paged=3\">3<\/a><\/li><li class=\"ultp-last-dot\" ><a href=\"#\">&#8230;<\/a><\/li><li class=\"ultp-last-pages\" data-current=\"9\"><a href=\"https:\/\/iceberg.udg.edu\/index.php?rest_route=%2Fwp%2Fv2%2Fpages%2F59&#038;paged=9\">9<\/a><\/li><li class=\"ultp-next-page-numbers\"><a href=\"https:\/\/iceberg.udg.edu\/index.php?rest_route=%2Fwp%2Fv2%2Fpages%2F59&#038;paged=2\">Next<svg xmlns=\"http:\/\/www.w3.org\/2000\/svg\" fill=\"none\" viewBox=\"0 0 24 24\">\n  <path stroke=\"currentColor\" stroke-linecap=\"round\" stroke-linejoin=\"round\" stroke-width=\"1.5\" d=\"m9 18 6-6-6-6\"\/>\n<\/svg>\n<\/a><\/li><\/ul><\/div><\/div><div class=\"pagination-block-html\" aria-hidden=\"true\" style=\"display: none;\"><\/div><\/div>","protected":false},"excerpt":{"rendered":"","protected":false},"author":1,"featured_media":0,"parent":10469,"menu_order":1,"comment_status":"closed","ping_status":"closed","template":"","meta":{"footnotes":""},"class_list":["post-59","page","type-page","status-publish","hentry"],"_links":{"self":[{"href":"https:\/\/iceberg.udg.edu\/index.php?rest_route=\/wp\/v2\/pages\/59","targetHints":{"allow":["GET"]}}],"collection":[{"href":"https:\/\/iceberg.udg.edu\/index.php?rest_route=\/wp\/v2\/pages"}],"about":[{"href":"https:\/\/iceberg.udg.edu\/index.php?rest_route=\/wp\/v2\/types\/page"}],"author":[{"embeddable":true,"href":"https:\/\/iceberg.udg.edu\/index.php?rest_route=\/wp\/v2\/users\/1"}],"replies":[{"embeddable":true,"href":"https:\/\/iceberg.udg.edu\/index.php?rest_route=%2Fwp%2Fv2%2Fcomments&post=59"}],"version-history":[{"count":28,"href":"https:\/\/iceberg.udg.edu\/index.php?rest_route=\/wp\/v2\/pages\/59\/revisions"}],"predecessor-version":[{"id":14767,"href":"https:\/\/iceberg.udg.edu\/index.php?rest_route=\/wp\/v2\/pages\/59\/revisions\/14767"}],"up":[{"embeddable":true,"href":"https:\/\/iceberg.udg.edu\/index.php?rest_route=\/wp\/v2\/pages\/10469"}],"wp:attachment":[{"href":"https:\/\/iceberg.udg.edu\/index.php?rest_route=%2Fwp%2Fv2%2Fmedia&parent=59"}],"curies":[{"name":"wp","href":"https:\/\/api.w.org\/{rel}","templated":true}]}}