{"id":81,"date":"2020-09-28T16:49:48","date_gmt":"2020-09-28T14:49:48","guid":{"rendered":"http:\/\/icewp.udg.edu\/?page_id=81"},"modified":"2022-10-06T09:13:26","modified_gmt":"2022-10-06T07:13:26","slug":"icedays","status":"publish","type":"page","link":"https:\/\/iceberg.udg.edu\/?page_id=81","title":{"rendered":"ICEdays"},"content":{"rendered":"\n<p class=\"format-intro\">Els ICEdays volen ser un espai per a la reflexi\u00f3, el debat i la presentaci\u00f3 de projectes i idees innovadores, per\u00f2 tamb\u00e9 un espai per a la provocaci\u00f3, el desafiament i la creativitat. Un espai on q\u00fcestionar-nos el que estem fent i atrevir-nos a pensar noves i millors maneres de fer-ho.<\/p>\n\n\n\n<hr class=\"wp-block-separator has-text-color has-black-color has-css-opacity has-black-background-color has-background is-style-wide\"\/>\n\n\n\n<div class=\"wp-block-columns are-vertically-aligned-top is-layout-flex wp-container-core-columns-is-layout-9d6595d7 wp-block-columns-is-layout-flex\">\n<div class=\"wp-block-column is-vertically-aligned-top is-layout-flow wp-block-column-is-layout-flow\">\n<h2 class=\"has-text-align-center wp-block-heading\"><strong>Les sessions<\/strong><\/h2>\n<\/div>\n\n\n\n<div class=\"wp-block-column is-vertically-aligned-top is-layout-flow wp-block-column-is-layout-flow\">\n<h2 class=\"has-text-align-center wp-block-heading\"><strong>Les converses<\/strong><\/h2>\n<\/div>\n<\/div>\n\n\n\n<div class=\"wp-block-columns is-layout-flex wp-container-core-columns-is-layout-9d6595d7 wp-block-columns-is-layout-flex\">\n<div class=\"wp-block-column is-layout-flow wp-block-column-is-layout-flow\">\n<div class=\"wp-block-cover is-light\" style=\"min-height:300px;aspect-ratio:unset;\"><span aria-hidden=\"true\" class=\"wp-block-cover__background has-background-dim\"><\/span><img loading=\"lazy\" decoding=\"async\" width=\"1198\" height=\"600\" class=\"wp-block-cover__image-background wp-image-15274\" alt=\"\" src=\"https:\/\/iceberg.udg.edu\/wp-content\/uploads\/2022\/09\/charlaa.jpg\" data-object-fit=\"cover\" srcset=\"https:\/\/iceberg.udg.edu\/wp-content\/uploads\/2022\/09\/charlaa.jpg 1198w, https:\/\/iceberg.udg.edu\/wp-content\/uploads\/2022\/09\/charlaa-300x150.jpg 300w, https:\/\/iceberg.udg.edu\/wp-content\/uploads\/2022\/09\/charlaa-1024x513.jpg 1024w, https:\/\/iceberg.udg.edu\/wp-content\/uploads\/2022\/09\/charlaa-768x385.jpg 768w\" sizes=\"auto, (max-width: 1198px) 100vw, 1198px\" \/><div class=\"wp-block-cover__inner-container is-layout-flow wp-block-cover-is-layout-flow\">\n<div class=\"wp-block-buttons is-content-justification-center is-layout-flex wp-container-core-buttons-is-layout-16018d1d wp-block-buttons-is-layout-flex\">\n<div class=\"wp-block-button has-custom-font-size\" style=\"font-size:25px\"><a class=\"wp-block-button__link\" href=\"\/?page_id=15309\" style=\"border-radius:0px\">Sessions<\/a><\/div>\n<\/div>\n<\/div><\/div>\n\n\n\n<p><\/p>\n<\/div>\n\n\n\n<div class=\"wp-block-column is-layout-flow wp-block-column-is-layout-flow\">\n<div class=\"wp-block-cover\" style=\"min-height:300px;aspect-ratio:unset;\"><span aria-hidden=\"true\" class=\"wp-block-cover__background has-background-dim-70 has-background-dim\"><\/span><img loading=\"lazy\" decoding=\"async\" width=\"370\" height=\"225\" class=\"wp-block-cover__image-background wp-image-11260\" alt=\"\" src=\"\/wp-content\/uploads\/2020\/11\/Captura.jpg\" data-object-fit=\"cover\" srcset=\"https:\/\/iceberg.udg.edu\/wp-content\/uploads\/2020\/11\/Captura.jpg 370w, https:\/\/iceberg.udg.edu\/wp-content\/uploads\/2020\/11\/Captura-300x182.jpg 300w\" sizes=\"auto, (max-width: 370px) 100vw, 370px\" \/><div class=\"wp-block-cover__inner-container is-layout-flow wp-block-cover-is-layout-flow\">\n<div class=\"wp-block-buttons is-horizontal is-content-justification-center is-layout-flex wp-container-core-buttons-is-layout-499968f5 wp-block-buttons-is-layout-flex\">\n<div class=\"wp-block-button has-custom-font-size\" style=\"font-size:25px\"><a class=\"wp-block-button__link\" href=\"\/?page_id=11221\" style=\"border-radius:0px\">Converses<\/a><\/div>\n<\/div>\n<\/div><\/div>\n\n\n\n<p>Quins son els grans desafiaments de la universitat avui? Com ha de ser el nou model d\u2019universitat? Com podem promoure ciutadans digitals? Com podem millorar la democr\u00e0cia des de la universitat? Com aprendrem a treballar amb els robots? Parlem sobre aquestes i altres q\u00fcestions referides a l&#8217;educaci\u00f3 i la innovaci\u00f3 amb alguns especialistes que ens ofereixen les seves opinions i reflexions.<\/p>\n<\/div>\n<\/div>\n","protected":false},"excerpt":{"rendered":"<p>Els ICEdays volen ser un espai per a la reflexi\u00f3, el debat i la presentaci\u00f3 de projectes i idees innovadores, per\u00f2 tamb\u00e9 un espai per a la provocaci\u00f3, el desafiament i la creativitat. Un espai on q\u00fcestionar-nos el que estem fent i atrevir-nos a pensar noves i millors maneres de fer-ho. Les sessions Les converses [&hellip;]<\/p>\n","protected":false},"author":1,"featured_media":0,"parent":0,"menu_order":0,"comment_status":"closed","ping_status":"closed","template":"","meta":{"footnotes":""},"class_list":["post-81","page","type-page","status-publish","hentry"],"_links":{"self":[{"href":"https:\/\/iceberg.udg.edu\/index.php?rest_route=\/wp\/v2\/pages\/81","targetHints":{"allow":["GET"]}}],"collection":[{"href":"https:\/\/iceberg.udg.edu\/index.php?rest_route=\/wp\/v2\/pages"}],"about":[{"href":"https:\/\/iceberg.udg.edu\/index.php?rest_route=\/wp\/v2\/types\/page"}],"author":[{"embeddable":true,"href":"https:\/\/iceberg.udg.edu\/index.php?rest_route=\/wp\/v2\/users\/1"}],"replies":[{"embeddable":true,"href":"https:\/\/iceberg.udg.edu\/index.php?rest_route=%2Fwp%2Fv2%2Fcomments&post=81"}],"version-history":[{"count":57,"href":"https:\/\/iceberg.udg.edu\/index.php?rest_route=\/wp\/v2\/pages\/81\/revisions"}],"predecessor-version":[{"id":15338,"href":"https:\/\/iceberg.udg.edu\/index.php?rest_route=\/wp\/v2\/pages\/81\/revisions\/15338"}],"wp:attachment":[{"href":"https:\/\/iceberg.udg.edu\/index.php?rest_route=%2Fwp%2Fv2%2Fmedia&parent=81"}],"curies":[{"name":"wp","href":"https:\/\/api.w.org\/{rel}","templated":true}]}}